{"id":7366,"date":"2020-10-28T21:38:15","date_gmt":"2020-10-28T20:38:15","guid":{"rendered":"http:\/\/ecn.kielce.pl\/?page_id=7366"},"modified":"2020-10-28T21:38:16","modified_gmt":"2020-10-28T20:38:16","slug":"czy-maka-moze-eksplodowac","status":"publish","type":"page","link":"https:\/\/ecn.kielce.pl\/index.php\/pl\/oferta\/ecn-on-line\/ciekawostki-ecn\/czy-maka-moze-eksplodowac\/","title":{"rendered":"Czy m\u0105ka mo\u017ce eksplodowa\u0107?"},"content":{"rendered":"\n<div class=\"mt4\">\n<p><strong>Nie martw si\u0119, do eksplozji nie dojdzie w trakcie pieczenia.<\/strong><\/p>\n<span id=\"more-6179\"><\/span>\n<p>Jednak w pewnych warunkach du\u017ce nagromadzenie py\u0142u mo\u017ce spowodowa\u0107 wybuch. Gdy mikroskopijne cz\u0105steczki py\u0142u unosz\u0105ce si\u0119 w zamkni\u0119tej przestrzeni napotkaj\u0105 na otwarty ogie\u0144, mo\u017ce doj\u015b\u0107 do eksplozji. Z tego te\u017c wzgl\u0119du w m\u0142ynach znajduj\u0105 si\u0119 tabliczki zakazuj\u0105ce u\u017cywania ognia.<\/p>\n<\/div>\n","protected":false},"excerpt":{"rendered":"<p>Nie martw si\u0119, do eksplozji nie dojdzie w trakcie pieczenia. Jednak w pewnych warunkach du\u017ce nagromadzenie py\u0142u mo\u017ce spowodowa\u0107 wybuch. Gdy mikroskopijne cz\u0105steczki py\u0142u unosz\u0105ce si\u0119 w zamkni\u0119tej przestrzeni napotkaj\u0105 na otwarty ogie\u0144, mo\u017ce doj\u015b\u0107 do eksplozji. Z tego te\u017c wzgl\u0119du w m\u0142ynach znajduj\u0105 si\u0119 tabliczki zakazuj\u0105ce u\u017cywania ognia.<\/p>\n","protected":false},"author":2,"featured_media":6180,"parent":7337,"menu_order":0,"comment_status":"closed","ping_status":"closed","template":"pt_oferta.php","meta":{"_links_to":"","_links_to_target":""},"_links":{"self":[{"href":"https:\/\/ecn.kielce.pl\/index.php\/wp-json\/wp\/v2\/pages\/7366"}],"collection":[{"href":"https:\/\/ecn.kielce.pl\/index.php\/wp-json\/wp\/v2\/pages"}],"about":[{"href":"https:\/\/ecn.kielce.pl\/index.php\/wp-json\/wp\/v2\/types\/page"}],"author":[{"embeddable":true,"href":"https:\/\/ecn.kielce.pl\/index.php\/wp-json\/wp\/v2\/users\/2"}],"replies":[{"embeddable":true,"href":"https:\/\/ecn.kielce.pl\/index.php\/wp-json\/wp\/v2\/comments?post=7366"}],"version-history":[{"count":1,"href":"https:\/\/ecn.kielce.pl\/index.php\/wp-json\/wp\/v2\/pages\/7366\/revisions"}],"predecessor-version":[{"id":7367,"href":"https:\/\/ecn.kielce.pl\/index.php\/wp-json\/wp\/v2\/pages\/7366\/revisions\/7367"}],"up":[{"embeddable":true,"href":"https:\/\/ecn.kielce.pl\/index.php\/wp-json\/wp\/v2\/pages\/7337"}],"wp:featuredmedia":[{"embeddable":true,"href":"https:\/\/ecn.kielce.pl\/index.php\/wp-json\/wp\/v2\/media\/6180"}],"wp:attachment":[{"href":"https:\/\/ecn.kielce.pl\/index.php\/wp-json\/wp\/v2\/media?parent=7366"}],"curies":[{"name":"wp","href":"https:\/\/api.w.org\/{rel}","templated":true}]}}