{"id":7364,"date":"2020-10-28T21:36:52","date_gmt":"2020-10-28T20:36:52","guid":{"rendered":"http:\/\/ecn.kielce.pl\/?page_id=7364"},"modified":"2020-10-28T21:36:53","modified_gmt":"2020-10-28T20:36:53","slug":"uciekajace-paproszki","status":"publish","type":"page","link":"https:\/\/ecn.kielce.pl\/index.php\/pl\/oferta\/ecn-on-line\/ciekawostki-ecn\/uciekajace-paproszki\/","title":{"rendered":"Uciekaj\u0105ce paproszki"},"content":{"rendered":"\n<p><strong>Dlaczego uciekaj\u0105 przed szamponem? Czy boj\u0105 si\u0119 tylko szamponu? <\/strong><\/p>\n<p>Na powierzchni\u0119 wody na talerzu rzucono w jednym miejscu troch\u0119 opi\u0142k\u00f3w korka czy otr\u0105b. Na to samo miejsce upuszczamy kropl\u0119 szamponu. Paproszki rozbiegaj\u0105 si\u0119, jakby je kto\u015b goni\u0142. Dlaczego tak si\u0119 dzieje? Czy paproszki uciekaj\u0105 tylko przed szamponem?<\/p>\n<p>Unosi je rozp\u0142ywaj\u0105ca si\u0119 cieniutk\u0105 warstw\u0105 po powierzchni kropla szamponu. Efekt wyst\u0105pi przy u\u017cyciu kropli ka\u017cdej innej substancji, kt\u00f3ra \u0142atwo rozlewa si\u0119 na powierzchni wody, a wi\u0119c cieczy, kt\u00f3ra ma mniejsze napi\u0119cie powierzchniowe ni\u017c woda.<\/p>\n","protected":false},"excerpt":{"rendered":"<p>Dlaczego uciekaj\u0105 przed szamponem? Czy boj\u0105 si\u0119 tylko szamponu? Na powierzchni\u0119 wody na talerzu rzucono w jednym miejscu troch\u0119 opi\u0142k\u00f3w korka czy otr\u0105b. Na to samo miejsce upuszczamy kropl\u0119 szamponu. Paproszki rozbiegaj\u0105 si\u0119, jakby je kto\u015b goni\u0142. Dlaczego tak si\u0119 dzieje? Czy paproszki uciekaj\u0105 tylko przed szamponem? Unosi je rozp\u0142ywaj\u0105ca si\u0119 cieniutk\u0105 warstw\u0105 po powierzchni [&hellip;]<\/p>\n","protected":false},"author":2,"featured_media":6141,"parent":7337,"menu_order":0,"comment_status":"closed","ping_status":"closed","template":"pt_oferta.php","meta":{"_links_to":"","_links_to_target":""},"_links":{"self":[{"href":"https:\/\/ecn.kielce.pl\/index.php\/wp-json\/wp\/v2\/pages\/7364"}],"collection":[{"href":"https:\/\/ecn.kielce.pl\/index.php\/wp-json\/wp\/v2\/pages"}],"about":[{"href":"https:\/\/ecn.kielce.pl\/index.php\/wp-json\/wp\/v2\/types\/page"}],"author":[{"embeddable":true,"href":"https:\/\/ecn.kielce.pl\/index.php\/wp-json\/wp\/v2\/users\/2"}],"replies":[{"embeddable":true,"href":"https:\/\/ecn.kielce.pl\/index.php\/wp-json\/wp\/v2\/comments?post=7364"}],"version-history":[{"count":1,"href":"https:\/\/ecn.kielce.pl\/index.php\/wp-json\/wp\/v2\/pages\/7364\/revisions"}],"predecessor-version":[{"id":7365,"href":"https:\/\/ecn.kielce.pl\/index.php\/wp-json\/wp\/v2\/pages\/7364\/revisions\/7365"}],"up":[{"embeddable":true,"href":"https:\/\/ecn.kielce.pl\/index.php\/wp-json\/wp\/v2\/pages\/7337"}],"wp:featuredmedia":[{"embeddable":true,"href":"https:\/\/ecn.kielce.pl\/index.php\/wp-json\/wp\/v2\/media\/6141"}],"wp:attachment":[{"href":"https:\/\/ecn.kielce.pl\/index.php\/wp-json\/wp\/v2\/media?parent=7364"}],"curies":[{"name":"wp","href":"https:\/\/api.w.org\/{rel}","templated":true}]}}