{"id":7354,"date":"2020-10-28T21:32:16","date_gmt":"2020-10-28T20:32:16","guid":{"rendered":"http:\/\/ecn.kielce.pl\/?page_id=7354"},"modified":"2020-10-28T21:34:32","modified_gmt":"2020-10-28T20:34:32","slug":"dlaczego-lustro-pokrywa-sie-para","status":"publish","type":"page","link":"https:\/\/ecn.kielce.pl\/index.php\/pl\/oferta\/ecn-on-line\/ciekawostki-ecn\/dlaczego-lustro-pokrywa-sie-para\/","title":{"rendered":"Dlaczego lustro pokrywa si\u0119 par\u0105?"},"content":{"rendered":"\n<p><strong>Czy zastanawiali\u015bcie si\u0119 kiedy\u015b dlaczego lustro w \u0142azience po prysznicu lub k\u0105pieli pokrywa si\u0119 par\u0105?<\/strong><\/p>\n<p>Po k\u0105pieli lub prysznicu, powietrze w \u0142azience jest ciep\u0142e i paruj\u0105ce. Gdy zderza si\u0119 ono z zimn\u0105 powierzchni\u0105 tak\u0105 jak lustro, och\u0142adza si\u0119 i zamienia ponownie w male\u0144kie krople wody. Tak\u0105 zamian\u0119 gazu w ciecz nazywamy skraplaniem.<\/p>\n","protected":false},"excerpt":{"rendered":"<p>Czy zastanawiali\u015bcie si\u0119 kiedy\u015b dlaczego lustro w \u0142azience po prysznicu lub k\u0105pieli pokrywa si\u0119 par\u0105? Po k\u0105pieli lub prysznicu, powietrze w \u0142azience jest ciep\u0142e i paruj\u0105ce. Gdy zderza si\u0119 ono z zimn\u0105 powierzchni\u0105 tak\u0105 jak lustro, och\u0142adza si\u0119 i zamienia ponownie w male\u0144kie krople wody. Tak\u0105 zamian\u0119 gazu w ciecz nazywamy skraplaniem.<\/p>\n","protected":false},"author":2,"featured_media":6110,"parent":7337,"menu_order":0,"comment_status":"closed","ping_status":"closed","template":"pt_oferta.php","meta":{"_links_to":"","_links_to_target":""},"_links":{"self":[{"href":"https:\/\/ecn.kielce.pl\/index.php\/wp-json\/wp\/v2\/pages\/7354"}],"collection":[{"href":"https:\/\/ecn.kielce.pl\/index.php\/wp-json\/wp\/v2\/pages"}],"about":[{"href":"https:\/\/ecn.kielce.pl\/index.php\/wp-json\/wp\/v2\/types\/page"}],"author":[{"embeddable":true,"href":"https:\/\/ecn.kielce.pl\/index.php\/wp-json\/wp\/v2\/users\/2"}],"replies":[{"embeddable":true,"href":"https:\/\/ecn.kielce.pl\/index.php\/wp-json\/wp\/v2\/comments?post=7354"}],"version-history":[{"count":2,"href":"https:\/\/ecn.kielce.pl\/index.php\/wp-json\/wp\/v2\/pages\/7354\/revisions"}],"predecessor-version":[{"id":7358,"href":"https:\/\/ecn.kielce.pl\/index.php\/wp-json\/wp\/v2\/pages\/7354\/revisions\/7358"}],"up":[{"embeddable":true,"href":"https:\/\/ecn.kielce.pl\/index.php\/wp-json\/wp\/v2\/pages\/7337"}],"wp:featuredmedia":[{"embeddable":true,"href":"https:\/\/ecn.kielce.pl\/index.php\/wp-json\/wp\/v2\/media\/6110"}],"wp:attachment":[{"href":"https:\/\/ecn.kielce.pl\/index.php\/wp-json\/wp\/v2\/media?parent=7354"}],"curies":[{"name":"wp","href":"https:\/\/api.w.org\/{rel}","templated":true}]}}