{"id":7352,"date":"2020-10-28T21:31:09","date_gmt":"2020-10-28T20:31:09","guid":{"rendered":"http:\/\/ecn.kielce.pl\/?page_id=7352"},"modified":"2020-10-28T21:35:17","modified_gmt":"2020-10-28T20:35:17","slug":"dlaczego-lyzeczka-robi-sie-goraca-gdy-mieszamy-herbate","status":"publish","type":"page","link":"https:\/\/ecn.kielce.pl\/index.php\/pl\/oferta\/ecn-on-line\/ciekawostki-ecn\/dlaczego-lyzeczka-robi-sie-goraca-gdy-mieszamy-herbate\/","title":{"rendered":"Dlaczego \u0142y\u017ceczka robi si\u0119 gor\u0105ca, gdy mieszamy herbat\u0119?"},"content":{"rendered":"\n<p><strong>Energia cieplna nigdy nie pozostaje w miejscu. Nieustannie si\u0119 przemieszcza.<\/strong><\/p>\n<p>\u0141y\u017ceczka nagrzewa si\u0119, gdy mieszasz herbat\u0119, poniewa\u017c energia cieplna przechodzi z gor\u0105cego napoju do \u0142y\u017ceczki. Rzeczy, kt\u00f3re pozwalaj\u0105 na swobodne przemieszczanie si\u0119 ciep\u0142a, nazywamy przewodnikami. Metalowa \u0142y\u017ceczka jest dobrym przewodnikiem.<\/p>\n","protected":false},"excerpt":{"rendered":"<p>Energia cieplna nigdy nie pozostaje w miejscu. Nieustannie si\u0119 przemieszcza. \u0141y\u017ceczka nagrzewa si\u0119, gdy mieszasz herbat\u0119, poniewa\u017c energia cieplna przechodzi z gor\u0105cego napoju do \u0142y\u017ceczki. Rzeczy, kt\u00f3re pozwalaj\u0105 na swobodne przemieszczanie si\u0119 ciep\u0142a, nazywamy przewodnikami. Metalowa \u0142y\u017ceczka jest dobrym przewodnikiem.<\/p>\n","protected":false},"author":2,"featured_media":6059,"parent":7337,"menu_order":0,"comment_status":"closed","ping_status":"closed","template":"pt_oferta.php","meta":{"_links_to":"","_links_to_target":""},"_links":{"self":[{"href":"https:\/\/ecn.kielce.pl\/index.php\/wp-json\/wp\/v2\/pages\/7352"}],"collection":[{"href":"https:\/\/ecn.kielce.pl\/index.php\/wp-json\/wp\/v2\/pages"}],"about":[{"href":"https:\/\/ecn.kielce.pl\/index.php\/wp-json\/wp\/v2\/types\/page"}],"author":[{"embeddable":true,"href":"https:\/\/ecn.kielce.pl\/index.php\/wp-json\/wp\/v2\/users\/2"}],"replies":[{"embeddable":true,"href":"https:\/\/ecn.kielce.pl\/index.php\/wp-json\/wp\/v2\/comments?post=7352"}],"version-history":[{"count":3,"href":"https:\/\/ecn.kielce.pl\/index.php\/wp-json\/wp\/v2\/pages\/7352\/revisions"}],"predecessor-version":[{"id":7362,"href":"https:\/\/ecn.kielce.pl\/index.php\/wp-json\/wp\/v2\/pages\/7352\/revisions\/7362"}],"up":[{"embeddable":true,"href":"https:\/\/ecn.kielce.pl\/index.php\/wp-json\/wp\/v2\/pages\/7337"}],"wp:featuredmedia":[{"embeddable":true,"href":"https:\/\/ecn.kielce.pl\/index.php\/wp-json\/wp\/v2\/media\/6059"}],"wp:attachment":[{"href":"https:\/\/ecn.kielce.pl\/index.php\/wp-json\/wp\/v2\/media?parent=7352"}],"curies":[{"name":"wp","href":"https:\/\/api.w.org\/{rel}","templated":true}]}}