{"id":7350,"date":"2020-10-28T21:30:02","date_gmt":"2020-10-28T20:30:02","guid":{"rendered":"http:\/\/ecn.kielce.pl\/?page_id=7350"},"modified":"2020-10-28T21:30:03","modified_gmt":"2020-10-28T20:30:03","slug":"dlaczego-trawa-jest-zielona","status":"publish","type":"page","link":"https:\/\/ecn.kielce.pl\/index.php\/pl\/oferta\/ecn-on-line\/ciekawostki-ecn\/dlaczego-trawa-jest-zielona\/","title":{"rendered":"Dlaczego trawa jest zielona?"},"content":{"rendered":"\n<p><strong>Cz\u0119sto najtrudniej jest odpowiedzie\u0107 na najprostsze pytania. <\/strong><\/p>\n<p>Ot\u00f3\u017c, trawa nie zawsze jest zielona, poniewa\u017c istnieje wiele gatunk\u00f3w, kt\u00f3re mog\u0105 mie\u0107 przer\u00f3\u017cne kolory, od \u017c\u00f3\u0142tego po niebieski. Jednak, gdy m\u00f3wimy o ro\u015blinie, kt\u00f3ra wykorzystywana jest w celach ozdobnych w parkach i przydomowych ogr\u00f3dkach, to faktycznie jest ona zielona. A to dlatego, \u017ce trawa sw\u00f3j kolor zawdzi\u0119cza barwnikowi, kt\u00f3ry znajduje si\u0119 w jej li\u015bciach. Chlorofil \u2013 bo to o nim mowa \u2013 poch\u0142ania przede wszystkim \u015bwiat\u0142o czerwone i niebieskie. Zielone \u015bwiat\u0142o zostaje odbite i trafia do naszych oczu, a m\u00f3zg przetwarza to w obraz zielonej trawy.<\/p>\n","protected":false},"excerpt":{"rendered":"<p>Cz\u0119sto najtrudniej jest odpowiedzie\u0107 na najprostsze pytania. Ot\u00f3\u017c, trawa nie zawsze jest zielona, poniewa\u017c istnieje wiele gatunk\u00f3w, kt\u00f3re mog\u0105 mie\u0107 przer\u00f3\u017cne kolory, od \u017c\u00f3\u0142tego po niebieski. Jednak, gdy m\u00f3wimy o ro\u015blinie, kt\u00f3ra wykorzystywana jest w celach ozdobnych w parkach i przydomowych ogr\u00f3dkach, to faktycznie jest ona zielona. A to dlatego, \u017ce trawa sw\u00f3j kolor zawdzi\u0119cza [&hellip;]<\/p>\n","protected":false},"author":2,"featured_media":6045,"parent":7337,"menu_order":0,"comment_status":"closed","ping_status":"closed","template":"pt_oferta.php","meta":{"_links_to":"","_links_to_target":""},"_links":{"self":[{"href":"https:\/\/ecn.kielce.pl\/index.php\/wp-json\/wp\/v2\/pages\/7350"}],"collection":[{"href":"https:\/\/ecn.kielce.pl\/index.php\/wp-json\/wp\/v2\/pages"}],"about":[{"href":"https:\/\/ecn.kielce.pl\/index.php\/wp-json\/wp\/v2\/types\/page"}],"author":[{"embeddable":true,"href":"https:\/\/ecn.kielce.pl\/index.php\/wp-json\/wp\/v2\/users\/2"}],"replies":[{"embeddable":true,"href":"https:\/\/ecn.kielce.pl\/index.php\/wp-json\/wp\/v2\/comments?post=7350"}],"version-history":[{"count":1,"href":"https:\/\/ecn.kielce.pl\/index.php\/wp-json\/wp\/v2\/pages\/7350\/revisions"}],"predecessor-version":[{"id":7351,"href":"https:\/\/ecn.kielce.pl\/index.php\/wp-json\/wp\/v2\/pages\/7350\/revisions\/7351"}],"up":[{"embeddable":true,"href":"https:\/\/ecn.kielce.pl\/index.php\/wp-json\/wp\/v2\/pages\/7337"}],"wp:featuredmedia":[{"embeddable":true,"href":"https:\/\/ecn.kielce.pl\/index.php\/wp-json\/wp\/v2\/media\/6045"}],"wp:attachment":[{"href":"https:\/\/ecn.kielce.pl\/index.php\/wp-json\/wp\/v2\/media?parent=7350"}],"curies":[{"name":"wp","href":"https:\/\/api.w.org\/{rel}","templated":true}]}}