{"id":7348,"date":"2020-10-28T21:29:10","date_gmt":"2020-10-28T20:29:10","guid":{"rendered":"http:\/\/ecn.kielce.pl\/?page_id=7348"},"modified":"2020-10-28T21:29:11","modified_gmt":"2020-10-28T20:29:11","slug":"najglosniejsza-roslina-swiata","status":"publish","type":"page","link":"https:\/\/ecn.kielce.pl\/index.php\/pl\/oferta\/ecn-on-line\/ciekawostki-ecn\/najglosniejsza-roslina-swiata\/","title":{"rendered":"Najg\u0142o\u015bniejsza ro\u015blina \u015bwiata"},"content":{"rendered":"\n<p><strong>Ro\u015bliny bez w\u0105tpienia potrafi\u0105 tworzy\u0107 d\u017awi\u0119ki. Wiatr, czy nawet najdelikatniejszy powiew powietrza, wprawia w dr\u017cenie li\u015bcie, p\u0119dy, kwiaty i owoce, a one z kolei komponuj\u0105 i wykonuj\u0105 t\u0119 pi\u0119kn\u0105, naturaln\u0105 symfoni\u0119. <\/strong><\/p>\n<p>Przyk\u0142adami takich muzykalnych ro\u015blin s\u0105 oczar japo\u0144ski, oczar wirginijski, czy rodzaj wysokich, ozdobnych traw \u2013 miskant. Jednak najbardziej ha\u0142a\u015bliwa ro\u015blina pochodzi z Ameryki \u015arodkowej i Po\u0142udniowej. Jest ni\u0105 \u0142oskotnica p\u0119kaj\u0105ca, inaczej zwana strzelaj\u0105c\u0105. A to dlatego, \u017ce jej dojrza\u0142e ciemnobr\u0105zowe owoce o d\u0142ugo\u015bci 5 cm i szeroko\u015bci 8 cm p\u0119kaj\u0105 tak g\u0142o\u015bno, jakby kto\u015b strzela\u0142 z broni palnej. Energia towarzysz\u0105ca temu zjawisku jest w stanie wyrzuci\u0107 nasiona na odleg\u0142o\u015b\u0107 nawet kilkunastu metr\u00f3w!<\/p>\n<p>\u0141oskotnica posiada jeszcze jedn\u0105 nazw\u0119 zwyczajow\u0105 \u2013 piaskownica p\u0119kaj\u0105ca. Sk\u0105d si\u0119 wzi\u0119\u0142a? Owocnych poszukiwa\u0144!<\/p>\n","protected":false},"excerpt":{"rendered":"<p>Ro\u015bliny bez w\u0105tpienia potrafi\u0105 tworzy\u0107 d\u017awi\u0119ki. Wiatr, czy nawet najdelikatniejszy powiew powietrza, wprawia w dr\u017cenie li\u015bcie, p\u0119dy, kwiaty i owoce, a one z kolei komponuj\u0105 i wykonuj\u0105 t\u0119 pi\u0119kn\u0105, naturaln\u0105 symfoni\u0119. Przyk\u0142adami takich muzykalnych ro\u015blin s\u0105 oczar japo\u0144ski, oczar wirginijski, czy rodzaj wysokich, ozdobnych traw \u2013 miskant. Jednak najbardziej ha\u0142a\u015bliwa ro\u015blina pochodzi z Ameryki \u015arodkowej [&hellip;]<\/p>\n","protected":false},"author":2,"featured_media":6009,"parent":7337,"menu_order":0,"comment_status":"closed","ping_status":"closed","template":"pt_oferta.php","meta":{"_links_to":"","_links_to_target":""},"_links":{"self":[{"href":"https:\/\/ecn.kielce.pl\/index.php\/wp-json\/wp\/v2\/pages\/7348"}],"collection":[{"href":"https:\/\/ecn.kielce.pl\/index.php\/wp-json\/wp\/v2\/pages"}],"about":[{"href":"https:\/\/ecn.kielce.pl\/index.php\/wp-json\/wp\/v2\/types\/page"}],"author":[{"embeddable":true,"href":"https:\/\/ecn.kielce.pl\/index.php\/wp-json\/wp\/v2\/users\/2"}],"replies":[{"embeddable":true,"href":"https:\/\/ecn.kielce.pl\/index.php\/wp-json\/wp\/v2\/comments?post=7348"}],"version-history":[{"count":1,"href":"https:\/\/ecn.kielce.pl\/index.php\/wp-json\/wp\/v2\/pages\/7348\/revisions"}],"predecessor-version":[{"id":7349,"href":"https:\/\/ecn.kielce.pl\/index.php\/wp-json\/wp\/v2\/pages\/7348\/revisions\/7349"}],"up":[{"embeddable":true,"href":"https:\/\/ecn.kielce.pl\/index.php\/wp-json\/wp\/v2\/pages\/7337"}],"wp:featuredmedia":[{"embeddable":true,"href":"https:\/\/ecn.kielce.pl\/index.php\/wp-json\/wp\/v2\/media\/6009"}],"wp:attachment":[{"href":"https:\/\/ecn.kielce.pl\/index.php\/wp-json\/wp\/v2\/media?parent=7348"}],"curies":[{"name":"wp","href":"https:\/\/api.w.org\/{rel}","templated":true}]}}