{"id":7346,"date":"2020-10-28T21:28:02","date_gmt":"2020-10-28T20:28:02","guid":{"rendered":"http:\/\/ecn.kielce.pl\/?page_id=7346"},"modified":"2020-10-28T21:28:04","modified_gmt":"2020-10-28T20:28:04","slug":"kostka-lodu","status":"publish","type":"page","link":"https:\/\/ecn.kielce.pl\/index.php\/pl\/oferta\/ecn-on-line\/ciekawostki-ecn\/kostka-lodu\/","title":{"rendered":"Kostka lodu"},"content":{"rendered":"\n<p><strong>Wyobra\u017a sobie korek od wina zamro\u017cony w kostce lodu. Wrzucamy go do naczynia z wod\u0105. Jak zmieni si\u0119 poziom wody w naczyniu po roztopieniu si\u0119 lodu?<\/strong><\/p>\n<p>Poziom wody nie zmieni si\u0119. Je\u017celi w naczyniu z wod\u0105 p\u0142ywa kawa\u0142ek czystego lodu, to po jego stopieniu si\u0119 poziom wody w naczyniu nie ulegnie zmianie. Przybywaj\u0105ce podczas topienia lodu kolejne porcje wody maj\u0105 dok\u0142adnie tak\u0105 sam\u0105 obj\u0119to\u015b\u0107, jak\u0105 mia\u0142y porcje wody wypieranej przez l\u00f3d. Bry\u0142a lodu z zatopionym w niej korkiem b\u0119dzie do ko\u0144ca taja\u0142a w taki spos\u00f3b \u2013 i z takim skutkiem \u2013 jak lodowa bry\u0142a bez korka. Poziom wody nie zmieni si\u0119 wi\u0119c, natomiast ulegnie podwy\u017cszeniu po\u0142o\u017cenie \u015brodka ci\u0119\u017cko\u015bci owego kawa\u0142ka korka.<\/p>\n","protected":false},"excerpt":{"rendered":"<p>Wyobra\u017a sobie korek od wina zamro\u017cony w kostce lodu. Wrzucamy go do naczynia z wod\u0105. Jak zmieni si\u0119 poziom wody w naczyniu po roztopieniu si\u0119 lodu? Poziom wody nie zmieni si\u0119. Je\u017celi w naczyniu z wod\u0105 p\u0142ywa kawa\u0142ek czystego lodu, to po jego stopieniu si\u0119 poziom wody w naczyniu nie ulegnie zmianie. Przybywaj\u0105ce podczas topienia [&hellip;]<\/p>\n","protected":false},"author":2,"featured_media":5990,"parent":7337,"menu_order":0,"comment_status":"closed","ping_status":"closed","template":"pt_oferta.php","meta":{"_links_to":"","_links_to_target":""},"_links":{"self":[{"href":"https:\/\/ecn.kielce.pl\/index.php\/wp-json\/wp\/v2\/pages\/7346"}],"collection":[{"href":"https:\/\/ecn.kielce.pl\/index.php\/wp-json\/wp\/v2\/pages"}],"about":[{"href":"https:\/\/ecn.kielce.pl\/index.php\/wp-json\/wp\/v2\/types\/page"}],"author":[{"embeddable":true,"href":"https:\/\/ecn.kielce.pl\/index.php\/wp-json\/wp\/v2\/users\/2"}],"replies":[{"embeddable":true,"href":"https:\/\/ecn.kielce.pl\/index.php\/wp-json\/wp\/v2\/comments?post=7346"}],"version-history":[{"count":1,"href":"https:\/\/ecn.kielce.pl\/index.php\/wp-json\/wp\/v2\/pages\/7346\/revisions"}],"predecessor-version":[{"id":7347,"href":"https:\/\/ecn.kielce.pl\/index.php\/wp-json\/wp\/v2\/pages\/7346\/revisions\/7347"}],"up":[{"embeddable":true,"href":"https:\/\/ecn.kielce.pl\/index.php\/wp-json\/wp\/v2\/pages\/7337"}],"wp:featuredmedia":[{"embeddable":true,"href":"https:\/\/ecn.kielce.pl\/index.php\/wp-json\/wp\/v2\/media\/5990"}],"wp:attachment":[{"href":"https:\/\/ecn.kielce.pl\/index.php\/wp-json\/wp\/v2\/media?parent=7346"}],"curies":[{"name":"wp","href":"https:\/\/api.w.org\/{rel}","templated":true}]}}