{"id":7337,"date":"2020-10-28T21:21:41","date_gmt":"2020-10-28T20:21:41","guid":{"rendered":"http:\/\/ecn.kielce.pl\/?page_id=7337"},"modified":"2020-12-04T14:02:37","modified_gmt":"2020-12-04T13:02:37","slug":"ciekawostki-ecn","status":"publish","type":"page","link":"https:\/\/ecn.kielce.pl\/index.php\/pl\/oferta\/ecn-on-line\/ciekawostki-ecn\/","title":{"rendered":"Ciekawostki ECN"},"content":{"rendered":"\n<p><strong>Sprawd\u017a, jak nauka jest fascynuj\u0105ca i potrafi zaskakiwa\u0107. Czy m\u0105ka mo\u017ce eksplodowa\u0107, a pingwiny z Antarktydy tocz\u0105 bitwy na \u015bnie\u017cki? Dlaczego \u0142y\u017ceczka robi si\u0119 gor\u0105ca, gdy mieszamy herbat\u0119? Przekonaj si\u0119 sam.<\/strong><\/p>\n","protected":false},"excerpt":{"rendered":"<p>Sprawd\u017a, jak nauka jest fascynuj\u0105ca i potrafi zaskakiwa\u0107. Czy m\u0105ka mo\u017ce eksplodowa\u0107, a pingwiny z Antarktydy tocz\u0105 bitwy na \u015bnie\u017cki? Dlaczego \u0142y\u017ceczka robi si\u0119 gor\u0105ca, gdy mieszamy herbat\u0119? Przekonaj si\u0119 sam.<\/p>\n","protected":false},"author":2,"featured_media":6987,"parent":6655,"menu_order":3,"comment_status":"closed","ping_status":"closed","template":"pt_oferta_kafelki.php","meta":{"_links_to":"","_links_to_target":""},"_links":{"self":[{"href":"https:\/\/ecn.kielce.pl\/index.php\/wp-json\/wp\/v2\/pages\/7337"}],"collection":[{"href":"https:\/\/ecn.kielce.pl\/index.php\/wp-json\/wp\/v2\/pages"}],"about":[{"href":"https:\/\/ecn.kielce.pl\/index.php\/wp-json\/wp\/v2\/types\/page"}],"author":[{"embeddable":true,"href":"https:\/\/ecn.kielce.pl\/index.php\/wp-json\/wp\/v2\/users\/2"}],"replies":[{"embeddable":true,"href":"https:\/\/ecn.kielce.pl\/index.php\/wp-json\/wp\/v2\/comments?post=7337"}],"version-history":[{"count":1,"href":"https:\/\/ecn.kielce.pl\/index.php\/wp-json\/wp\/v2\/pages\/7337\/revisions"}],"predecessor-version":[{"id":7339,"href":"https:\/\/ecn.kielce.pl\/index.php\/wp-json\/wp\/v2\/pages\/7337\/revisions\/7339"}],"up":[{"embeddable":true,"href":"https:\/\/ecn.kielce.pl\/index.php\/wp-json\/wp\/v2\/pages\/6655"}],"wp:featuredmedia":[{"embeddable":true,"href":"https:\/\/ecn.kielce.pl\/index.php\/wp-json\/wp\/v2\/media\/6987"}],"wp:attachment":[{"href":"https:\/\/ecn.kielce.pl\/index.php\/wp-json\/wp\/v2\/media?parent=7337"}],"curies":[{"name":"wp","href":"https:\/\/api.w.org\/{rel}","templated":true}]}}