{"id":7335,"date":"2020-10-28T16:07:48","date_gmt":"2020-10-28T15:07:48","guid":{"rendered":"http:\/\/ecn.kielce.pl\/?page_id=7335"},"modified":"2020-10-28T16:07:49","modified_gmt":"2020-10-28T15:07:49","slug":"rozszczepienie-swiatla","status":"publish","type":"page","link":"https:\/\/ecn.kielce.pl\/index.php\/pl\/oferta\/ecn-on-line\/eksperymentuj-z-ecn\/rozszczepienie-swiatla\/","title":{"rendered":"Rozszczepienie \u015bwiat\u0142a"},"content":{"rendered":"\n<p><strong>Isaac Newton jako pierwszy zaobserwowa\u0142 zjawisko rozszczepienia \u015bwiat\u0142a, wykorzystuj\u0105c pryzmat. My u\u017cyjemy w tym celu lustro\u2026<\/strong><\/p>\n<p>Obejrzyj filmik i dowiedz si\u0119, w jaki spos\u00f3b wykona\u0107 ten eksperyment i na czym polega to zjawisko.<\/p>\n<p><iframe title=\"Rozszczepienie \u015bwiat\u0142a\" width=\"500\" height=\"281\" src=\"https:\/\/www.youtube.com\/embed\/0dFmmTC11Ko?feature=oembed\" frameborder=\"0\" allow=\"accelerometer; autoplay; clipboard-write; encrypted-media; gyroscope; picture-in-picture\" allowfullscreen><\/iframe><\/p>\n","protected":false},"excerpt":{"rendered":"<p>Isaac Newton jako pierwszy zaobserwowa\u0142 zjawisko rozszczepienia \u015bwiat\u0142a, wykorzystuj\u0105c pryzmat. My u\u017cyjemy w tym celu lustro\u2026 Obejrzyj filmik i dowiedz si\u0119, w jaki spos\u00f3b wykona\u0107 ten eksperyment i na czym polega to zjawisko.<\/p>\n","protected":false},"author":2,"featured_media":6425,"parent":7272,"menu_order":0,"comment_status":"closed","ping_status":"closed","template":"pt_oferta.php","meta":{"_links_to":"","_links_to_target":""},"_links":{"self":[{"href":"https:\/\/ecn.kielce.pl\/index.php\/wp-json\/wp\/v2\/pages\/7335"}],"collection":[{"href":"https:\/\/ecn.kielce.pl\/index.php\/wp-json\/wp\/v2\/pages"}],"about":[{"href":"https:\/\/ecn.kielce.pl\/index.php\/wp-json\/wp\/v2\/types\/page"}],"author":[{"embeddable":true,"href":"https:\/\/ecn.kielce.pl\/index.php\/wp-json\/wp\/v2\/users\/2"}],"replies":[{"embeddable":true,"href":"https:\/\/ecn.kielce.pl\/index.php\/wp-json\/wp\/v2\/comments?post=7335"}],"version-history":[{"count":1,"href":"https:\/\/ecn.kielce.pl\/index.php\/wp-json\/wp\/v2\/pages\/7335\/revisions"}],"predecessor-version":[{"id":7336,"href":"https:\/\/ecn.kielce.pl\/index.php\/wp-json\/wp\/v2\/pages\/7335\/revisions\/7336"}],"up":[{"embeddable":true,"href":"https:\/\/ecn.kielce.pl\/index.php\/wp-json\/wp\/v2\/pages\/7272"}],"wp:featuredmedia":[{"embeddable":true,"href":"https:\/\/ecn.kielce.pl\/index.php\/wp-json\/wp\/v2\/media\/6425"}],"wp:attachment":[{"href":"https:\/\/ecn.kielce.pl\/index.php\/wp-json\/wp\/v2\/media?parent=7335"}],"curies":[{"name":"wp","href":"https:\/\/api.w.org\/{rel}","templated":true}]}}