{"id":7327,"date":"2020-10-28T15:58:50","date_gmt":"2020-10-28T14:58:50","guid":{"rendered":"http:\/\/ecn.kielce.pl\/?page_id=7327"},"modified":"2020-10-28T15:58:52","modified_gmt":"2020-10-28T14:58:52","slug":"chmura-w-butelce","status":"publish","type":"page","link":"https:\/\/ecn.kielce.pl\/index.php\/pl\/oferta\/ecn-on-line\/eksperymentuj-z-ecn\/chmura-w-butelce\/","title":{"rendered":"Chmura w butelce"},"content":{"rendered":"\n<p><strong>W jaki spos\u00f3b powstaje chmura? Czy mo\u017cemy wykona\u0107 w\u0142asn\u0105 chmur\u0119 w domu?<\/strong><\/p>\n<p>Sprawd\u017a w eksperymencie przygotowanym przez edukator\u00f3w Energetycznego Centrum Nauki KPT.<\/p>\n<p><iframe title=\"Chmura w butelce\" width=\"500\" height=\"281\" src=\"https:\/\/www.youtube.com\/embed\/AeC3hsf2Ij0?feature=oembed\" frameborder=\"0\" allow=\"accelerometer; autoplay; clipboard-write; encrypted-media; gyroscope; picture-in-picture\" allowfullscreen><\/iframe><\/p>\n","protected":false},"excerpt":{"rendered":"<p>W jaki spos\u00f3b powstaje chmura? Czy mo\u017cemy wykona\u0107 w\u0142asn\u0105 chmur\u0119 w domu? Sprawd\u017a w eksperymencie przygotowanym przez edukator\u00f3w Energetycznego Centrum Nauki KPT.<\/p>\n","protected":false},"author":2,"featured_media":6239,"parent":7272,"menu_order":0,"comment_status":"closed","ping_status":"closed","template":"pt_oferta.php","meta":{"_links_to":"","_links_to_target":""},"_links":{"self":[{"href":"https:\/\/ecn.kielce.pl\/index.php\/wp-json\/wp\/v2\/pages\/7327"}],"collection":[{"href":"https:\/\/ecn.kielce.pl\/index.php\/wp-json\/wp\/v2\/pages"}],"about":[{"href":"https:\/\/ecn.kielce.pl\/index.php\/wp-json\/wp\/v2\/types\/page"}],"author":[{"embeddable":true,"href":"https:\/\/ecn.kielce.pl\/index.php\/wp-json\/wp\/v2\/users\/2"}],"replies":[{"embeddable":true,"href":"https:\/\/ecn.kielce.pl\/index.php\/wp-json\/wp\/v2\/comments?post=7327"}],"version-history":[{"count":1,"href":"https:\/\/ecn.kielce.pl\/index.php\/wp-json\/wp\/v2\/pages\/7327\/revisions"}],"predecessor-version":[{"id":7328,"href":"https:\/\/ecn.kielce.pl\/index.php\/wp-json\/wp\/v2\/pages\/7327\/revisions\/7328"}],"up":[{"embeddable":true,"href":"https:\/\/ecn.kielce.pl\/index.php\/wp-json\/wp\/v2\/pages\/7272"}],"wp:featuredmedia":[{"embeddable":true,"href":"https:\/\/ecn.kielce.pl\/index.php\/wp-json\/wp\/v2\/media\/6239"}],"wp:attachment":[{"href":"https:\/\/ecn.kielce.pl\/index.php\/wp-json\/wp\/v2\/media?parent=7327"}],"curies":[{"name":"wp","href":"https:\/\/api.w.org\/{rel}","templated":true}]}}