{"id":7325,"date":"2020-10-28T15:50:37","date_gmt":"2020-10-28T14:50:37","guid":{"rendered":"http:\/\/ecn.kielce.pl\/?page_id=7325"},"modified":"2020-10-28T15:50:38","modified_gmt":"2020-10-28T14:50:38","slug":"sensoryczny-gniotek","status":"publish","type":"page","link":"https:\/\/ecn.kielce.pl\/index.php\/pl\/oferta\/ecn-on-line\/eksperymentuj-z-ecn\/sensoryczny-gniotek\/","title":{"rendered":"Sensoryczny gniotek"},"content":{"rendered":"\n<p><strong>Hydro\u017celowe kulki pos\u0142u\u017cy\u0142y ju\u017c do ukrycia wiadomo\u015bci czy te\u017c przedmiotu. W jaki spos\u00f3b mo\u017cna je jeszcze wykorzysta\u0107?<\/strong><\/p>\n<p>Z ich pomoc\u0105 mo\u017cna r\u00f3wnie\u017c wykona\u0107 antystresowego, hydro\u017celowego gniotka. Zobacz w materiale przygotowanym przez edukator\u00f3w ECN.<\/p>\n<p><iframe title=\"Sensoryczny gniotek\" width=\"500\" height=\"281\" src=\"https:\/\/www.youtube.com\/embed\/bb-eAHg1OMk?feature=oembed\" frameborder=\"0\" allow=\"accelerometer; autoplay; clipboard-write; encrypted-media; gyroscope; picture-in-picture\" allowfullscreen><\/iframe><\/p>\n","protected":false},"excerpt":{"rendered":"<p>Hydro\u017celowe kulki pos\u0142u\u017cy\u0142y ju\u017c do ukrycia wiadomo\u015bci czy te\u017c przedmiotu. W jaki spos\u00f3b mo\u017cna je jeszcze wykorzysta\u0107? Z ich pomoc\u0105 mo\u017cna r\u00f3wnie\u017c wykona\u0107 antystresowego, hydro\u017celowego gniotka. Zobacz w materiale przygotowanym przez edukator\u00f3w ECN.<\/p>\n","protected":false},"author":2,"featured_media":6206,"parent":7272,"menu_order":0,"comment_status":"closed","ping_status":"closed","template":"pt_oferta.php","meta":{"_links_to":"","_links_to_target":""},"_links":{"self":[{"href":"https:\/\/ecn.kielce.pl\/index.php\/wp-json\/wp\/v2\/pages\/7325"}],"collection":[{"href":"https:\/\/ecn.kielce.pl\/index.php\/wp-json\/wp\/v2\/pages"}],"about":[{"href":"https:\/\/ecn.kielce.pl\/index.php\/wp-json\/wp\/v2\/types\/page"}],"author":[{"embeddable":true,"href":"https:\/\/ecn.kielce.pl\/index.php\/wp-json\/wp\/v2\/users\/2"}],"replies":[{"embeddable":true,"href":"https:\/\/ecn.kielce.pl\/index.php\/wp-json\/wp\/v2\/comments?post=7325"}],"version-history":[{"count":1,"href":"https:\/\/ecn.kielce.pl\/index.php\/wp-json\/wp\/v2\/pages\/7325\/revisions"}],"predecessor-version":[{"id":7326,"href":"https:\/\/ecn.kielce.pl\/index.php\/wp-json\/wp\/v2\/pages\/7325\/revisions\/7326"}],"up":[{"embeddable":true,"href":"https:\/\/ecn.kielce.pl\/index.php\/wp-json\/wp\/v2\/pages\/7272"}],"wp:featuredmedia":[{"embeddable":true,"href":"https:\/\/ecn.kielce.pl\/index.php\/wp-json\/wp\/v2\/media\/6206"}],"wp:attachment":[{"href":"https:\/\/ecn.kielce.pl\/index.php\/wp-json\/wp\/v2\/media?parent=7325"}],"curies":[{"name":"wp","href":"https:\/\/api.w.org\/{rel}","templated":true}]}}