{"id":7323,"date":"2020-10-28T14:52:20","date_gmt":"2020-10-28T13:52:20","guid":{"rendered":"http:\/\/ecn.kielce.pl\/?page_id=7323"},"modified":"2020-10-28T14:52:21","modified_gmt":"2020-10-28T13:52:21","slug":"zegar-jodowy","status":"publish","type":"page","link":"https:\/\/ecn.kielce.pl\/index.php\/pl\/oferta\/ecn-on-line\/eksperymentuj-z-ecn\/zegar-jodowy\/","title":{"rendered":"Zegar jodowy"},"content":{"rendered":"\n<p><strong>Co si\u0119 wydarzy gdy po\u0142\u0105czymy kwas askorbinowy z jodyn\u0105? Zobacz zaskakuj\u0105cy efekt eksperymentu zwi\u0105zanego z reakcj\u0105 zegarow\u0105.<\/strong><\/p>\n<p><iframe title=\"Eksperymentuj z nami: Zegar jodowy\" width=\"500\" height=\"281\" src=\"https:\/\/www.youtube.com\/embed\/TRsABcWa24k?feature=oembed\" frameborder=\"0\" allow=\"accelerometer; autoplay; clipboard-write; encrypted-media; gyroscope; picture-in-picture\" allowfullscreen><\/iframe><\/p>\n","protected":false},"excerpt":{"rendered":"<p>Co si\u0119 wydarzy gdy po\u0142\u0105czymy kwas askorbinowy z jodyn\u0105? Zobacz zaskakuj\u0105cy efekt eksperymentu zwi\u0105zanego z reakcj\u0105 zegarow\u0105.<\/p>\n","protected":false},"author":2,"featured_media":6188,"parent":7272,"menu_order":0,"comment_status":"closed","ping_status":"closed","template":"pt_oferta.php","meta":{"_links_to":"","_links_to_target":""},"_links":{"self":[{"href":"https:\/\/ecn.kielce.pl\/index.php\/wp-json\/wp\/v2\/pages\/7323"}],"collection":[{"href":"https:\/\/ecn.kielce.pl\/index.php\/wp-json\/wp\/v2\/pages"}],"about":[{"href":"https:\/\/ecn.kielce.pl\/index.php\/wp-json\/wp\/v2\/types\/page"}],"author":[{"embeddable":true,"href":"https:\/\/ecn.kielce.pl\/index.php\/wp-json\/wp\/v2\/users\/2"}],"replies":[{"embeddable":true,"href":"https:\/\/ecn.kielce.pl\/index.php\/wp-json\/wp\/v2\/comments?post=7323"}],"version-history":[{"count":1,"href":"https:\/\/ecn.kielce.pl\/index.php\/wp-json\/wp\/v2\/pages\/7323\/revisions"}],"predecessor-version":[{"id":7324,"href":"https:\/\/ecn.kielce.pl\/index.php\/wp-json\/wp\/v2\/pages\/7323\/revisions\/7324"}],"up":[{"embeddable":true,"href":"https:\/\/ecn.kielce.pl\/index.php\/wp-json\/wp\/v2\/pages\/7272"}],"wp:featuredmedia":[{"embeddable":true,"href":"https:\/\/ecn.kielce.pl\/index.php\/wp-json\/wp\/v2\/media\/6188"}],"wp:attachment":[{"href":"https:\/\/ecn.kielce.pl\/index.php\/wp-json\/wp\/v2\/media?parent=7323"}],"curies":[{"name":"wp","href":"https:\/\/api.w.org\/{rel}","templated":true}]}}