{"id":7315,"date":"2020-10-28T14:11:28","date_gmt":"2020-10-28T13:11:28","guid":{"rendered":"http:\/\/ecn.kielce.pl\/?page_id=7315"},"modified":"2020-10-28T14:11:29","modified_gmt":"2020-10-28T13:11:29","slug":"grajace-kieliszki","status":"publish","type":"page","link":"https:\/\/ecn.kielce.pl\/index.php\/pl\/oferta\/ecn-on-line\/eksperymentuj-z-ecn\/grajace-kieliszki\/","title":{"rendered":"Graj\u0105ce kieliszki"},"content":{"rendered":"\n<p><strong>Nauka jest fascynuj\u0105ca, bo czy wiesz, \u017ce wystarczy woda i kieliszki, aby stworzy\u0107 sw\u00f3j w\u0142asny instrument muzyczny i sta\u0107 si\u0119 kompozytorem?<\/strong><\/p>\n<p>To wszystko dzi\u0119ki drganiom i przenosz\u0105cym si\u0119 falom. Zapraszamy do obejrzenia i wykonania eksperymentu.<\/p>\n<p><iframe title=\"Eksperymentuj z nami: Graj\u0105ce kieliszki\" width=\"500\" height=\"281\" src=\"https:\/\/www.youtube.com\/embed\/ri53uKChLSY?feature=oembed\" frameborder=\"0\" allow=\"accelerometer; autoplay; clipboard-write; encrypted-media; gyroscope; picture-in-picture\" allowfullscreen><\/iframe><\/p>\n","protected":false},"excerpt":{"rendered":"<p>Nauka jest fascynuj\u0105ca, bo czy wiesz, \u017ce wystarczy woda i kieliszki, aby stworzy\u0107 sw\u00f3j w\u0142asny instrument muzyczny i sta\u0107 si\u0119 kompozytorem? To wszystko dzi\u0119ki drganiom i przenosz\u0105cym si\u0119 falom. Zapraszamy do obejrzenia i wykonania eksperymentu.<\/p>\n","protected":false},"author":2,"featured_media":6115,"parent":7272,"menu_order":0,"comment_status":"closed","ping_status":"closed","template":"pt_oferta.php","meta":{"_links_to":"","_links_to_target":""},"_links":{"self":[{"href":"https:\/\/ecn.kielce.pl\/index.php\/wp-json\/wp\/v2\/pages\/7315"}],"collection":[{"href":"https:\/\/ecn.kielce.pl\/index.php\/wp-json\/wp\/v2\/pages"}],"about":[{"href":"https:\/\/ecn.kielce.pl\/index.php\/wp-json\/wp\/v2\/types\/page"}],"author":[{"embeddable":true,"href":"https:\/\/ecn.kielce.pl\/index.php\/wp-json\/wp\/v2\/users\/2"}],"replies":[{"embeddable":true,"href":"https:\/\/ecn.kielce.pl\/index.php\/wp-json\/wp\/v2\/comments?post=7315"}],"version-history":[{"count":1,"href":"https:\/\/ecn.kielce.pl\/index.php\/wp-json\/wp\/v2\/pages\/7315\/revisions"}],"predecessor-version":[{"id":7316,"href":"https:\/\/ecn.kielce.pl\/index.php\/wp-json\/wp\/v2\/pages\/7315\/revisions\/7316"}],"up":[{"embeddable":true,"href":"https:\/\/ecn.kielce.pl\/index.php\/wp-json\/wp\/v2\/pages\/7272"}],"wp:featuredmedia":[{"embeddable":true,"href":"https:\/\/ecn.kielce.pl\/index.php\/wp-json\/wp\/v2\/media\/6115"}],"wp:attachment":[{"href":"https:\/\/ecn.kielce.pl\/index.php\/wp-json\/wp\/v2\/media?parent=7315"}],"curies":[{"name":"wp","href":"https:\/\/api.w.org\/{rel}","templated":true}]}}