{"id":7313,"date":"2020-10-28T13:22:05","date_gmt":"2020-10-28T12:22:05","guid":{"rendered":"http:\/\/ecn.kielce.pl\/?page_id=7313"},"modified":"2020-10-28T13:22:07","modified_gmt":"2020-10-28T12:22:07","slug":"galaktyka-w-sloiku","status":"publish","type":"page","link":"https:\/\/ecn.kielce.pl\/index.php\/pl\/oferta\/ecn-on-line\/eksperymentuj-z-ecn\/galaktyka-w-sloiku\/","title":{"rendered":"Galaktyka w s\u0142oiku"},"content":{"rendered":"\n<p><strong>Czy chcia\u0142by\u015b mie\u0107 w\u0142asn\u0105 galaktyk\u0119? Wystarczy nieco wyobra\u017ani, aby przenie\u015b\u0107 si\u0119 w kosmiczny \u015bwiat\u2026<\/strong><\/p>\n<p>Wata, kolorowa woda, s\u0142oik i brokat wystarcz\u0105, aby stworzy\u0107 wyj\u0105tkow\u0105 kompozycj\u0119, dzi\u0119ki kt\u00f3rej poczujesz si\u0119 jak naoczny obserwator kosmicznych zdarze\u0144. Sprawd\u017a w materiale przygotowanym przez edukator\u00f3w ECN.<\/p>\n<p><iframe title=\"Eksperymentuj z nami: Galaktyka w s\u0142oiku\" width=\"500\" height=\"281\" src=\"https:\/\/www.youtube.com\/embed\/qEAe3rxNMks?feature=oembed\" frameborder=\"0\" allow=\"accelerometer; autoplay; clipboard-write; encrypted-media; gyroscope; picture-in-picture\" allowfullscreen><\/iframe><\/p>\n<p><strong>\u00a0<\/strong><\/p>\n","protected":false},"excerpt":{"rendered":"<p>Czy chcia\u0142by\u015b mie\u0107 w\u0142asn\u0105 galaktyk\u0119? Wystarczy nieco wyobra\u017ani, aby przenie\u015b\u0107 si\u0119 w kosmiczny \u015bwiat\u2026 Wata, kolorowa woda, s\u0142oik i brokat wystarcz\u0105, aby stworzy\u0107 wyj\u0105tkow\u0105 kompozycj\u0119, dzi\u0119ki kt\u00f3rej poczujesz si\u0119 jak naoczny obserwator kosmicznych zdarze\u0144. Sprawd\u017a w materiale przygotowanym przez edukator\u00f3w ECN. \u00a0<\/p>\n","protected":false},"author":2,"featured_media":6107,"parent":7272,"menu_order":0,"comment_status":"closed","ping_status":"closed","template":"pt_oferta.php","meta":{"_links_to":"","_links_to_target":""},"_links":{"self":[{"href":"https:\/\/ecn.kielce.pl\/index.php\/wp-json\/wp\/v2\/pages\/7313"}],"collection":[{"href":"https:\/\/ecn.kielce.pl\/index.php\/wp-json\/wp\/v2\/pages"}],"about":[{"href":"https:\/\/ecn.kielce.pl\/index.php\/wp-json\/wp\/v2\/types\/page"}],"author":[{"embeddable":true,"href":"https:\/\/ecn.kielce.pl\/index.php\/wp-json\/wp\/v2\/users\/2"}],"replies":[{"embeddable":true,"href":"https:\/\/ecn.kielce.pl\/index.php\/wp-json\/wp\/v2\/comments?post=7313"}],"version-history":[{"count":1,"href":"https:\/\/ecn.kielce.pl\/index.php\/wp-json\/wp\/v2\/pages\/7313\/revisions"}],"predecessor-version":[{"id":7314,"href":"https:\/\/ecn.kielce.pl\/index.php\/wp-json\/wp\/v2\/pages\/7313\/revisions\/7314"}],"up":[{"embeddable":true,"href":"https:\/\/ecn.kielce.pl\/index.php\/wp-json\/wp\/v2\/pages\/7272"}],"wp:featuredmedia":[{"embeddable":true,"href":"https:\/\/ecn.kielce.pl\/index.php\/wp-json\/wp\/v2\/media\/6107"}],"wp:attachment":[{"href":"https:\/\/ecn.kielce.pl\/index.php\/wp-json\/wp\/v2\/media?parent=7313"}],"curies":[{"name":"wp","href":"https:\/\/api.w.org\/{rel}","templated":true}]}}