{"id":7305,"date":"2020-10-27T09:30:13","date_gmt":"2020-10-27T08:30:13","guid":{"rendered":"http:\/\/ecn.kielce.pl\/?page_id=7305"},"modified":"2020-10-27T09:38:25","modified_gmt":"2020-10-27T08:38:25","slug":"podrecznik-dla-nauczycieli-cos-za-cos-sila-pieniadza","status":"publish","type":"page","link":"https:\/\/ecn.kielce.pl\/index.php\/pl\/zaplanuj-wizyte\/dla-nauczycieli\/podrecznik-dla-nauczycieli-cos-za-cos-sila-pieniadza\/","title":{"rendered":"Podr\u0119cznik dla nauczycieli &#8211; Co\u015b za co\u015b &#8211; si\u0142a pieni\u0105dza"},"content":{"rendered":"\n<p><strong>Zapraszamy do pobrania podr\u0119cznika, kt\u00f3ry powsta\u0142 na zako\u0144czenie projektu &#8220;Co\u015b za co\u015b &#8211; si\u0142a pieni\u0105dza&#8221;, kt\u00f3ry by\u0142 realizowany przez Energetyczne Centrum Nauki Kieleckiego Parku Technologicznego dzi\u0119ki dofinansowaniu z Narodowego Banku Polskiego.<\/strong> <\/p>\n<p>Znajd\u0105 w nim Pa\u0144stwo scenariusze zaj\u0119\u0107 oraz informacje, pomoce w trakcie realizacji lekcji dotycz\u0105cych edukacji ekonomicznej. Podr\u0119cznik mo\u017cna pobra\u0107 <a href=\"http:\/\/ecn.kielce.pl\/wp-content\/uploads\/2019\/04\/Publikacja-Co\u015b-za-co\u015b-si\u0142a-pieni\u0105dza.pdf\">TUTAJ<\/a>.<\/p>\n<p>Wi\u0119cej o projekcie <a href=\"http:\/\/ecn.kielce.pl\/index.php\/pl\/2019\/04\/11\/final-projektu-cos-za-cos-sila-pieniadza\/\">TUTAJ<\/a>.<\/p>\n\n\n","protected":false},"excerpt":{"rendered":"<p>Zapraszamy do pobrania podr\u0119cznika, kt\u00f3ry powsta\u0142 na zako\u0144czenie projektu &#8220;Co\u015b za co\u015b &#8211; si\u0142a pieni\u0105dza&#8221;, kt\u00f3ry by\u0142 realizowany przez Energetyczne Centrum Nauki Kieleckiego Parku Technologicznego dzi\u0119ki dofinansowaniu z Narodowego Banku Polskiego. Znajd\u0105 w nim Pa\u0144stwo scenariusze zaj\u0119\u0107 oraz informacje, pomoce w trakcie realizacji lekcji dotycz\u0105cych edukacji ekonomicznej. Podr\u0119cznik mo\u017cna pobra\u0107 TUTAJ. Wi\u0119cej o projekcie TUTAJ.<\/p>\n","protected":false},"author":2,"featured_media":4653,"parent":26,"menu_order":5,"comment_status":"closed","ping_status":"closed","template":"pt_oferta.php","meta":{"_links_to":"","_links_to_target":""},"_links":{"self":[{"href":"https:\/\/ecn.kielce.pl\/index.php\/wp-json\/wp\/v2\/pages\/7305"}],"collection":[{"href":"https:\/\/ecn.kielce.pl\/index.php\/wp-json\/wp\/v2\/pages"}],"about":[{"href":"https:\/\/ecn.kielce.pl\/index.php\/wp-json\/wp\/v2\/types\/page"}],"author":[{"embeddable":true,"href":"https:\/\/ecn.kielce.pl\/index.php\/wp-json\/wp\/v2\/users\/2"}],"replies":[{"embeddable":true,"href":"https:\/\/ecn.kielce.pl\/index.php\/wp-json\/wp\/v2\/comments?post=7305"}],"version-history":[{"count":4,"href":"https:\/\/ecn.kielce.pl\/index.php\/wp-json\/wp\/v2\/pages\/7305\/revisions"}],"predecessor-version":[{"id":7311,"href":"https:\/\/ecn.kielce.pl\/index.php\/wp-json\/wp\/v2\/pages\/7305\/revisions\/7311"}],"up":[{"embeddable":true,"href":"https:\/\/ecn.kielce.pl\/index.php\/wp-json\/wp\/v2\/pages\/26"}],"wp:featuredmedia":[{"embeddable":true,"href":"https:\/\/ecn.kielce.pl\/index.php\/wp-json\/wp\/v2\/media\/4653"}],"wp:attachment":[{"href":"https:\/\/ecn.kielce.pl\/index.php\/wp-json\/wp\/v2\/media?parent=7305"}],"curies":[{"name":"wp","href":"https:\/\/api.w.org\/{rel}","templated":true}]}}