{"id":7302,"date":"2020-10-26T19:50:04","date_gmt":"2020-10-26T18:50:04","guid":{"rendered":"http:\/\/ecn.kielce.pl\/?page_id=7302"},"modified":"2020-10-26T19:50:05","modified_gmt":"2020-10-26T18:50:05","slug":"jak-przebic-balon-aby-nie-pekl","status":"publish","type":"page","link":"https:\/\/ecn.kielce.pl\/index.php\/pl\/oferta\/ecn-on-line\/eksperymentuj-z-ecn\/jak-przebic-balon-aby-nie-pekl\/","title":{"rendered":"Jak przebi\u0107 balon, aby nie p\u0119k\u0142?"},"content":{"rendered":"\n<p><strong>Czy wiesz, jak stworzy\u0107 balonowego szasz\u0142yka, a przy tym nie spowodowa\u0107, aby p\u0119k\u0142?<\/strong><\/p>\n<p><iframe title=\"Eksperymentuj z nami: Jak przebi\u0107 balon, aby nie p\u0119k\u0142?\" width=\"500\" height=\"281\" src=\"https:\/\/www.youtube.com\/embed\/PJcy5KPqi0o?feature=oembed\" frameborder=\"0\" allow=\"accelerometer; autoplay; clipboard-write; encrypted-media; gyroscope; picture-in-picture\" allowfullscreen><\/iframe><\/p>\n","protected":false},"excerpt":{"rendered":"<p>Czy wiesz, jak stworzy\u0107 balonowego szasz\u0142yka, a przy tym nie spowodowa\u0107, aby p\u0119k\u0142?<\/p>\n","protected":false},"author":2,"featured_media":6064,"parent":7272,"menu_order":0,"comment_status":"closed","ping_status":"closed","template":"pt_oferta.php","meta":{"_links_to":"","_links_to_target":""},"_links":{"self":[{"href":"https:\/\/ecn.kielce.pl\/index.php\/wp-json\/wp\/v2\/pages\/7302"}],"collection":[{"href":"https:\/\/ecn.kielce.pl\/index.php\/wp-json\/wp\/v2\/pages"}],"about":[{"href":"https:\/\/ecn.kielce.pl\/index.php\/wp-json\/wp\/v2\/types\/page"}],"author":[{"embeddable":true,"href":"https:\/\/ecn.kielce.pl\/index.php\/wp-json\/wp\/v2\/users\/2"}],"replies":[{"embeddable":true,"href":"https:\/\/ecn.kielce.pl\/index.php\/wp-json\/wp\/v2\/comments?post=7302"}],"version-history":[{"count":1,"href":"https:\/\/ecn.kielce.pl\/index.php\/wp-json\/wp\/v2\/pages\/7302\/revisions"}],"predecessor-version":[{"id":7303,"href":"https:\/\/ecn.kielce.pl\/index.php\/wp-json\/wp\/v2\/pages\/7302\/revisions\/7303"}],"up":[{"embeddable":true,"href":"https:\/\/ecn.kielce.pl\/index.php\/wp-json\/wp\/v2\/pages\/7272"}],"wp:featuredmedia":[{"embeddable":true,"href":"https:\/\/ecn.kielce.pl\/index.php\/wp-json\/wp\/v2\/media\/6064"}],"wp:attachment":[{"href":"https:\/\/ecn.kielce.pl\/index.php\/wp-json\/wp\/v2\/media?parent=7302"}],"curies":[{"name":"wp","href":"https:\/\/api.w.org\/{rel}","templated":true}]}}