{"id":7300,"date":"2020-10-26T19:48:17","date_gmt":"2020-10-26T18:48:17","guid":{"rendered":"http:\/\/ecn.kielce.pl\/?page_id=7300"},"modified":"2020-10-26T19:48:18","modified_gmt":"2020-10-26T18:48:18","slug":"ksiezyc-na-orbicie","status":"publish","type":"page","link":"https:\/\/ecn.kielce.pl\/index.php\/pl\/oferta\/ecn-on-line\/eksperymentuj-z-ecn\/ksiezyc-na-orbicie\/","title":{"rendered":"Ksi\u0119\u017cyc na orbicie"},"content":{"rendered":"\n<p><strong>Dlaczego Ksi\u0119\u017cyc nie spada na Ziemi\u0119, lecz kr\u0105\u017cy po orbicie? Co by si\u0119 wydarzy\u0142o, gdyby kr\u0105\u017cy\u0142 z wi\u0119ksz\u0105 lub mniejsz\u0105 pr\u0119dko\u015bci\u0105?<\/strong><\/p>\n<p><iframe title=\"Eksperymentuj z nami: Ksi\u0119\u017cyc na orbicie\" width=\"500\" height=\"281\" src=\"https:\/\/www.youtube.com\/embed\/lNfTqcyYbQs?feature=oembed\" frameborder=\"0\" allow=\"accelerometer; autoplay; clipboard-write; encrypted-media; gyroscope; picture-in-picture\" allowfullscreen><\/iframe><\/p>\n","protected":false},"excerpt":{"rendered":"<p>Dlaczego Ksi\u0119\u017cyc nie spada na Ziemi\u0119, lecz kr\u0105\u017cy po orbicie? Co by si\u0119 wydarzy\u0142o, gdyby kr\u0105\u017cy\u0142 z wi\u0119ksz\u0105 lub mniejsz\u0105 pr\u0119dko\u015bci\u0105?<\/p>\n","protected":false},"author":2,"featured_media":6049,"parent":7272,"menu_order":0,"comment_status":"closed","ping_status":"closed","template":"pt_oferta.php","meta":{"_links_to":"","_links_to_target":""},"_links":{"self":[{"href":"https:\/\/ecn.kielce.pl\/index.php\/wp-json\/wp\/v2\/pages\/7300"}],"collection":[{"href":"https:\/\/ecn.kielce.pl\/index.php\/wp-json\/wp\/v2\/pages"}],"about":[{"href":"https:\/\/ecn.kielce.pl\/index.php\/wp-json\/wp\/v2\/types\/page"}],"author":[{"embeddable":true,"href":"https:\/\/ecn.kielce.pl\/index.php\/wp-json\/wp\/v2\/users\/2"}],"replies":[{"embeddable":true,"href":"https:\/\/ecn.kielce.pl\/index.php\/wp-json\/wp\/v2\/comments?post=7300"}],"version-history":[{"count":1,"href":"https:\/\/ecn.kielce.pl\/index.php\/wp-json\/wp\/v2\/pages\/7300\/revisions"}],"predecessor-version":[{"id":7301,"href":"https:\/\/ecn.kielce.pl\/index.php\/wp-json\/wp\/v2\/pages\/7300\/revisions\/7301"}],"up":[{"embeddable":true,"href":"https:\/\/ecn.kielce.pl\/index.php\/wp-json\/wp\/v2\/pages\/7272"}],"wp:featuredmedia":[{"embeddable":true,"href":"https:\/\/ecn.kielce.pl\/index.php\/wp-json\/wp\/v2\/media\/6049"}],"wp:attachment":[{"href":"https:\/\/ecn.kielce.pl\/index.php\/wp-json\/wp\/v2\/media?parent=7300"}],"curies":[{"name":"wp","href":"https:\/\/api.w.org\/{rel}","templated":true}]}}