{"id":7298,"date":"2020-10-26T19:46:32","date_gmt":"2020-10-26T18:46:32","guid":{"rendered":"http:\/\/ecn.kielce.pl\/?page_id=7298"},"modified":"2020-10-26T19:46:33","modified_gmt":"2020-10-26T18:46:33","slug":"sloik-niespodzianka","status":"publish","type":"page","link":"https:\/\/ecn.kielce.pl\/index.php\/pl\/oferta\/ecn-on-line\/eksperymentuj-z-ecn\/sloik-niespodzianka\/","title":{"rendered":"S\u0142oik niespodzianka"},"content":{"rendered":"\n<p><strong>Czy wiesz, jak przekaza\u0107 ukryt\u0105 wiadomo\u015b\u0107, wykorzystuj\u0105c do tego g\u0119sto\u015b\u0107 i \u015bwiat\u0142o?<\/strong><\/p>\n<p><iframe title=\"Eksperymentuj z nami: S\u0142oik niespodzianka\" width=\"500\" height=\"281\" src=\"https:\/\/www.youtube.com\/embed\/ZzrrzqJhed0?start=7&#038;feature=oembed\" frameborder=\"0\" allow=\"accelerometer; autoplay; clipboard-write; encrypted-media; gyroscope; picture-in-picture\" allowfullscreen><\/iframe><\/p>\n","protected":false},"excerpt":{"rendered":"<p>Czy wiesz, jak przekaza\u0107 ukryt\u0105 wiadomo\u015b\u0107, wykorzystuj\u0105c do tego g\u0119sto\u015b\u0107 i \u015bwiat\u0142o?<\/p>\n","protected":false},"author":2,"featured_media":6038,"parent":7272,"menu_order":0,"comment_status":"closed","ping_status":"closed","template":"pt_oferta.php","meta":{"_links_to":"","_links_to_target":""},"_links":{"self":[{"href":"https:\/\/ecn.kielce.pl\/index.php\/wp-json\/wp\/v2\/pages\/7298"}],"collection":[{"href":"https:\/\/ecn.kielce.pl\/index.php\/wp-json\/wp\/v2\/pages"}],"about":[{"href":"https:\/\/ecn.kielce.pl\/index.php\/wp-json\/wp\/v2\/types\/page"}],"author":[{"embeddable":true,"href":"https:\/\/ecn.kielce.pl\/index.php\/wp-json\/wp\/v2\/users\/2"}],"replies":[{"embeddable":true,"href":"https:\/\/ecn.kielce.pl\/index.php\/wp-json\/wp\/v2\/comments?post=7298"}],"version-history":[{"count":1,"href":"https:\/\/ecn.kielce.pl\/index.php\/wp-json\/wp\/v2\/pages\/7298\/revisions"}],"predecessor-version":[{"id":7299,"href":"https:\/\/ecn.kielce.pl\/index.php\/wp-json\/wp\/v2\/pages\/7298\/revisions\/7299"}],"up":[{"embeddable":true,"href":"https:\/\/ecn.kielce.pl\/index.php\/wp-json\/wp\/v2\/pages\/7272"}],"wp:featuredmedia":[{"embeddable":true,"href":"https:\/\/ecn.kielce.pl\/index.php\/wp-json\/wp\/v2\/media\/6038"}],"wp:attachment":[{"href":"https:\/\/ecn.kielce.pl\/index.php\/wp-json\/wp\/v2\/media?parent=7298"}],"curies":[{"name":"wp","href":"https:\/\/api.w.org\/{rel}","templated":true}]}}