{"id":7294,"date":"2020-10-26T19:42:07","date_gmt":"2020-10-26T18:42:07","guid":{"rendered":"http:\/\/ecn.kielce.pl\/?page_id=7294"},"modified":"2020-10-26T19:42:09","modified_gmt":"2020-10-26T18:42:09","slug":"niepekajace-banki","status":"publish","type":"page","link":"https:\/\/ecn.kielce.pl\/index.php\/pl\/oferta\/ecn-on-line\/eksperymentuj-z-ecn\/niepekajace-banki\/","title":{"rendered":"Niep\u0119kaj\u0105ce ba\u0144ki"},"content":{"rendered":"\n<p><strong>S\u0105 kolorowe, okr\u0105g\u0142e i\u2026 p\u0119kaj\u0105ce. Ba\u0144ki, bo o nich tu mowa, mog\u0105 by\u0107 r\u00f3wnie\u017c niep\u0119kaj\u0105ce.<\/strong><\/p>\n<p><iframe title=\"Eksperymentuj z nami: Niep\u0119kaj\u0105ce ba\u0144ki\" width=\"500\" height=\"281\" src=\"https:\/\/www.youtube.com\/embed\/lM2f8C4yxOk?feature=oembed\" frameborder=\"0\" allow=\"accelerometer; autoplay; clipboard-write; encrypted-media; gyroscope; picture-in-picture\" allowfullscreen><\/iframe><\/p>\n","protected":false},"excerpt":{"rendered":"<p>S\u0105 kolorowe, okr\u0105g\u0142e i\u2026 p\u0119kaj\u0105ce. Ba\u0144ki, bo o nich tu mowa, mog\u0105 by\u0107 r\u00f3wnie\u017c niep\u0119kaj\u0105ce.<\/p>\n","protected":false},"author":2,"featured_media":5988,"parent":7272,"menu_order":0,"comment_status":"closed","ping_status":"closed","template":"pt_oferta.php","meta":{"_links_to":"","_links_to_target":""},"_links":{"self":[{"href":"https:\/\/ecn.kielce.pl\/index.php\/wp-json\/wp\/v2\/pages\/7294"}],"collection":[{"href":"https:\/\/ecn.kielce.pl\/index.php\/wp-json\/wp\/v2\/pages"}],"about":[{"href":"https:\/\/ecn.kielce.pl\/index.php\/wp-json\/wp\/v2\/types\/page"}],"author":[{"embeddable":true,"href":"https:\/\/ecn.kielce.pl\/index.php\/wp-json\/wp\/v2\/users\/2"}],"replies":[{"embeddable":true,"href":"https:\/\/ecn.kielce.pl\/index.php\/wp-json\/wp\/v2\/comments?post=7294"}],"version-history":[{"count":1,"href":"https:\/\/ecn.kielce.pl\/index.php\/wp-json\/wp\/v2\/pages\/7294\/revisions"}],"predecessor-version":[{"id":7295,"href":"https:\/\/ecn.kielce.pl\/index.php\/wp-json\/wp\/v2\/pages\/7294\/revisions\/7295"}],"up":[{"embeddable":true,"href":"https:\/\/ecn.kielce.pl\/index.php\/wp-json\/wp\/v2\/pages\/7272"}],"wp:featuredmedia":[{"embeddable":true,"href":"https:\/\/ecn.kielce.pl\/index.php\/wp-json\/wp\/v2\/media\/5988"}],"wp:attachment":[{"href":"https:\/\/ecn.kielce.pl\/index.php\/wp-json\/wp\/v2\/media?parent=7294"}],"curies":[{"name":"wp","href":"https:\/\/api.w.org\/{rel}","templated":true}]}}