{"id":7290,"date":"2020-10-26T19:36:15","date_gmt":"2020-10-26T18:36:15","guid":{"rendered":"http:\/\/ecn.kielce.pl\/?page_id=7290"},"modified":"2020-10-26T19:36:16","modified_gmt":"2020-10-26T18:36:16","slug":"naturalne-barwienie-jajek-wielkanocnych","status":"publish","type":"page","link":"https:\/\/ecn.kielce.pl\/index.php\/pl\/oferta\/ecn-on-line\/eksperymentuj-z-ecn\/naturalne-barwienie-jajek-wielkanocnych\/","title":{"rendered":"Naturalne barwienie jajek wielkanocnych"},"content":{"rendered":"\n<p><strong>Nie potrzeba sztucznych barwnik\u00f3w, aby nada\u0107 kolor\u00f3w jajkom, kt\u00f3re znajd\u0105 si\u0119 w wielkanocnych koszyczkach.<\/strong><\/p>\n<p><iframe title=\"Eksperymentuj z nami: Naturalne barwienie jajek wielkanocnych\" width=\"500\" height=\"281\" src=\"https:\/\/www.youtube.com\/embed\/XTccvsOKMl0?feature=oembed\" frameborder=\"0\" allow=\"accelerometer; autoplay; clipboard-write; encrypted-media; gyroscope; picture-in-picture\" allowfullscreen><\/iframe><\/p>\n","protected":false},"excerpt":{"rendered":"<p>Nie potrzeba sztucznych barwnik\u00f3w, aby nada\u0107 kolor\u00f3w jajkom, kt\u00f3re znajd\u0105 si\u0119 w wielkanocnych koszyczkach.<\/p>\n","protected":false},"author":2,"featured_media":5956,"parent":7272,"menu_order":0,"comment_status":"closed","ping_status":"closed","template":"pt_oferta.php","meta":{"_links_to":"","_links_to_target":""},"_links":{"self":[{"href":"https:\/\/ecn.kielce.pl\/index.php\/wp-json\/wp\/v2\/pages\/7290"}],"collection":[{"href":"https:\/\/ecn.kielce.pl\/index.php\/wp-json\/wp\/v2\/pages"}],"about":[{"href":"https:\/\/ecn.kielce.pl\/index.php\/wp-json\/wp\/v2\/types\/page"}],"author":[{"embeddable":true,"href":"https:\/\/ecn.kielce.pl\/index.php\/wp-json\/wp\/v2\/users\/2"}],"replies":[{"embeddable":true,"href":"https:\/\/ecn.kielce.pl\/index.php\/wp-json\/wp\/v2\/comments?post=7290"}],"version-history":[{"count":1,"href":"https:\/\/ecn.kielce.pl\/index.php\/wp-json\/wp\/v2\/pages\/7290\/revisions"}],"predecessor-version":[{"id":7291,"href":"https:\/\/ecn.kielce.pl\/index.php\/wp-json\/wp\/v2\/pages\/7290\/revisions\/7291"}],"up":[{"embeddable":true,"href":"https:\/\/ecn.kielce.pl\/index.php\/wp-json\/wp\/v2\/pages\/7272"}],"wp:featuredmedia":[{"embeddable":true,"href":"https:\/\/ecn.kielce.pl\/index.php\/wp-json\/wp\/v2\/media\/5956"}],"wp:attachment":[{"href":"https:\/\/ecn.kielce.pl\/index.php\/wp-json\/wp\/v2\/media?parent=7290"}],"curies":[{"name":"wp","href":"https:\/\/api.w.org\/{rel}","templated":true}]}}