{"id":7284,"date":"2020-10-26T19:23:37","date_gmt":"2020-10-26T18:23:37","guid":{"rendered":"http:\/\/ecn.kielce.pl\/?page_id=7284"},"modified":"2020-10-26T19:23:38","modified_gmt":"2020-10-26T18:23:38","slug":"lampa-lawa","status":"publish","type":"page","link":"https:\/\/ecn.kielce.pl\/index.php\/pl\/oferta\/ecn-on-line\/eksperymentuj-z-ecn\/lampa-lawa\/","title":{"rendered":"Lampa lawa"},"content":{"rendered":"\n<p><strong>Czy jak po\u0142\u0105czymy wod\u0119 z olejem to te substancje si\u0119 wymieszaj\u0105, czy oddziel\u0105 od siebie? Jaka reakcja nast\u0105pi gdy dodamy do nich musuj\u0105c\u0105 tabletk\u0119?<\/strong><\/p>\n<p><iframe title=\"Eksperymentuj z nami: Lampa lawa\" width=\"500\" height=\"281\" src=\"https:\/\/www.youtube.com\/embed\/kwuQLpeJsTc?feature=oembed\" frameborder=\"0\" allow=\"accelerometer; autoplay; clipboard-write; encrypted-media; gyroscope; picture-in-picture\" allowfullscreen><\/iframe><\/p>\n","protected":false},"excerpt":{"rendered":"<p>Czy jak po\u0142\u0105czymy wod\u0119 z olejem to te substancje si\u0119 wymieszaj\u0105, czy oddziel\u0105 od siebie? Jaka reakcja nast\u0105pi gdy dodamy do nich musuj\u0105c\u0105 tabletk\u0119?<\/p>\n","protected":false},"author":2,"featured_media":5926,"parent":7272,"menu_order":0,"comment_status":"closed","ping_status":"closed","template":"pt_oferta.php","meta":{"_links_to":"","_links_to_target":""},"_links":{"self":[{"href":"https:\/\/ecn.kielce.pl\/index.php\/wp-json\/wp\/v2\/pages\/7284"}],"collection":[{"href":"https:\/\/ecn.kielce.pl\/index.php\/wp-json\/wp\/v2\/pages"}],"about":[{"href":"https:\/\/ecn.kielce.pl\/index.php\/wp-json\/wp\/v2\/types\/page"}],"author":[{"embeddable":true,"href":"https:\/\/ecn.kielce.pl\/index.php\/wp-json\/wp\/v2\/users\/2"}],"replies":[{"embeddable":true,"href":"https:\/\/ecn.kielce.pl\/index.php\/wp-json\/wp\/v2\/comments?post=7284"}],"version-history":[{"count":1,"href":"https:\/\/ecn.kielce.pl\/index.php\/wp-json\/wp\/v2\/pages\/7284\/revisions"}],"predecessor-version":[{"id":7285,"href":"https:\/\/ecn.kielce.pl\/index.php\/wp-json\/wp\/v2\/pages\/7284\/revisions\/7285"}],"up":[{"embeddable":true,"href":"https:\/\/ecn.kielce.pl\/index.php\/wp-json\/wp\/v2\/pages\/7272"}],"wp:featuredmedia":[{"embeddable":true,"href":"https:\/\/ecn.kielce.pl\/index.php\/wp-json\/wp\/v2\/media\/5926"}],"wp:attachment":[{"href":"https:\/\/ecn.kielce.pl\/index.php\/wp-json\/wp\/v2\/media?parent=7284"}],"curies":[{"name":"wp","href":"https:\/\/api.w.org\/{rel}","templated":true}]}}