{"id":7282,"date":"2020-10-26T19:20:52","date_gmt":"2020-10-26T18:20:52","guid":{"rendered":"http:\/\/ecn.kielce.pl\/?page_id=7282"},"modified":"2020-10-26T19:20:54","modified_gmt":"2020-10-26T18:20:54","slug":"jak-dokladnie-myc-rece","status":"publish","type":"page","link":"https:\/\/ecn.kielce.pl\/index.php\/pl\/oferta\/ecn-on-line\/eksperymentuj-z-ecn\/jak-dokladnie-myc-rece\/","title":{"rendered":"Jak dok\u0142adnie my\u0107 r\u0119ce?"},"content":{"rendered":"\n<p><strong>Wystarczy nieco farby, aby przekona\u0107 si\u0119 jak wa\u017cne jest dok\u0142adne mycie r\u0105k.<\/strong><\/p>\n<p><iframe title=\"Eksperymentuj z nami: Jak dok\u0142adnie my\u0107 r\u0119ce?\" width=\"500\" height=\"281\" src=\"https:\/\/www.youtube.com\/embed\/edHNWckDS3M?start=4&#038;feature=oembed\" frameborder=\"0\" allow=\"accelerometer; autoplay; clipboard-write; encrypted-media; gyroscope; picture-in-picture\" allowfullscreen><\/iframe><\/p>\n","protected":false},"excerpt":{"rendered":"<p>Wystarczy nieco farby, aby przekona\u0107 si\u0119 jak wa\u017cne jest dok\u0142adne mycie r\u0105k.<\/p>\n","protected":false},"author":2,"featured_media":5865,"parent":7272,"menu_order":0,"comment_status":"closed","ping_status":"closed","template":"pt_oferta.php","meta":{"_links_to":"","_links_to_target":""},"_links":{"self":[{"href":"https:\/\/ecn.kielce.pl\/index.php\/wp-json\/wp\/v2\/pages\/7282"}],"collection":[{"href":"https:\/\/ecn.kielce.pl\/index.php\/wp-json\/wp\/v2\/pages"}],"about":[{"href":"https:\/\/ecn.kielce.pl\/index.php\/wp-json\/wp\/v2\/types\/page"}],"author":[{"embeddable":true,"href":"https:\/\/ecn.kielce.pl\/index.php\/wp-json\/wp\/v2\/users\/2"}],"replies":[{"embeddable":true,"href":"https:\/\/ecn.kielce.pl\/index.php\/wp-json\/wp\/v2\/comments?post=7282"}],"version-history":[{"count":1,"href":"https:\/\/ecn.kielce.pl\/index.php\/wp-json\/wp\/v2\/pages\/7282\/revisions"}],"predecessor-version":[{"id":7283,"href":"https:\/\/ecn.kielce.pl\/index.php\/wp-json\/wp\/v2\/pages\/7282\/revisions\/7283"}],"up":[{"embeddable":true,"href":"https:\/\/ecn.kielce.pl\/index.php\/wp-json\/wp\/v2\/pages\/7272"}],"wp:featuredmedia":[{"embeddable":true,"href":"https:\/\/ecn.kielce.pl\/index.php\/wp-json\/wp\/v2\/media\/5865"}],"wp:attachment":[{"href":"https:\/\/ecn.kielce.pl\/index.php\/wp-json\/wp\/v2\/media?parent=7282"}],"curies":[{"name":"wp","href":"https:\/\/api.w.org\/{rel}","templated":true}]}}