{"id":7280,"date":"2020-10-26T19:18:45","date_gmt":"2020-10-26T18:18:45","guid":{"rendered":"http:\/\/ecn.kielce.pl\/?page_id=7280"},"modified":"2020-10-26T19:18:46","modified_gmt":"2020-10-26T18:18:46","slug":"pompowanie-balonu-bez-dmuchania","status":"publish","type":"page","link":"https:\/\/ecn.kielce.pl\/index.php\/pl\/oferta\/ecn-on-line\/eksperymentuj-z-ecn\/pompowanie-balonu-bez-dmuchania\/","title":{"rendered":"Pompowanie balonu bez dmuchania"},"content":{"rendered":"\n<p><strong>Jak napompowa\u0107 balon, nie wykorzystuj\u0105c p\u0142uc? W jaki spos\u00f3b pomo\u017ce w tym ocet i soda oczyszczona? <\/strong><\/p>\n<p><iframe title=\"Eksperymentuj z nami: Pompowanie balonu bez dmuchania\" width=\"500\" height=\"281\" src=\"https:\/\/www.youtube.com\/embed\/kOYwX5z7x0Q?feature=oembed\" frameborder=\"0\" allow=\"accelerometer; autoplay; clipboard-write; encrypted-media; gyroscope; picture-in-picture\" allowfullscreen><\/iframe><\/p>\n","protected":false},"excerpt":{"rendered":"<p>Jak napompowa\u0107 balon, nie wykorzystuj\u0105c p\u0142uc? W jaki spos\u00f3b pomo\u017ce w tym ocet i soda oczyszczona?<\/p>\n","protected":false},"author":2,"featured_media":5855,"parent":7272,"menu_order":0,"comment_status":"closed","ping_status":"closed","template":"pt_oferta.php","meta":{"_links_to":"","_links_to_target":""},"_links":{"self":[{"href":"https:\/\/ecn.kielce.pl\/index.php\/wp-json\/wp\/v2\/pages\/7280"}],"collection":[{"href":"https:\/\/ecn.kielce.pl\/index.php\/wp-json\/wp\/v2\/pages"}],"about":[{"href":"https:\/\/ecn.kielce.pl\/index.php\/wp-json\/wp\/v2\/types\/page"}],"author":[{"embeddable":true,"href":"https:\/\/ecn.kielce.pl\/index.php\/wp-json\/wp\/v2\/users\/2"}],"replies":[{"embeddable":true,"href":"https:\/\/ecn.kielce.pl\/index.php\/wp-json\/wp\/v2\/comments?post=7280"}],"version-history":[{"count":1,"href":"https:\/\/ecn.kielce.pl\/index.php\/wp-json\/wp\/v2\/pages\/7280\/revisions"}],"predecessor-version":[{"id":7281,"href":"https:\/\/ecn.kielce.pl\/index.php\/wp-json\/wp\/v2\/pages\/7280\/revisions\/7281"}],"up":[{"embeddable":true,"href":"https:\/\/ecn.kielce.pl\/index.php\/wp-json\/wp\/v2\/pages\/7272"}],"wp:featuredmedia":[{"embeddable":true,"href":"https:\/\/ecn.kielce.pl\/index.php\/wp-json\/wp\/v2\/media\/5855"}],"wp:attachment":[{"href":"https:\/\/ecn.kielce.pl\/index.php\/wp-json\/wp\/v2\/media?parent=7280"}],"curies":[{"name":"wp","href":"https:\/\/api.w.org\/{rel}","templated":true}]}}