{"id":7278,"date":"2020-10-26T19:11:48","date_gmt":"2020-10-26T18:11:48","guid":{"rendered":"http:\/\/ecn.kielce.pl\/?page_id=7278"},"modified":"2020-10-26T19:11:48","modified_gmt":"2020-10-26T18:11:48","slug":"pokaz-mi-swoj-kolor-a-powiem-ci-czym-jestes","status":"publish","type":"page","link":"https:\/\/ecn.kielce.pl\/index.php\/pl\/oferta\/ecn-on-line\/eksperymentuj-z-ecn\/pokaz-mi-swoj-kolor-a-powiem-ci-czym-jestes\/","title":{"rendered":"Poka\u017c mi sw\u00f3j kolor, a powiem Ci, czym jeste\u015b"},"content":{"rendered":"\n<p><strong>Jak rozpozna\u0107, kt\u00f3ra z substancji jest kwasem, a kt\u00f3ra zasad\u0105? W jaki spos\u00f3b pomo\u017ce nam w tym czerwona kapusta? <\/strong><\/p>\n<p><iframe title=\"Eksperymentuj z nami: Poka\u017c mi sw\u00f3j kolor, a powiem Ci, czym jeste\u015b\" width=\"500\" height=\"281\" src=\"https:\/\/www.youtube.com\/embed\/muNINRVQg3k?feature=oembed\" frameborder=\"0\" allow=\"accelerometer; autoplay; clipboard-write; encrypted-media; gyroscope; picture-in-picture\" allowfullscreen><\/iframe><\/p>\n","protected":false},"excerpt":{"rendered":"<p>Jak rozpozna\u0107, kt\u00f3ra z substancji jest kwasem, a kt\u00f3ra zasad\u0105? W jaki spos\u00f3b pomo\u017ce nam w tym czerwona kapusta?<\/p>\n","protected":false},"author":2,"featured_media":5831,"parent":7272,"menu_order":0,"comment_status":"closed","ping_status":"closed","template":"pt_oferta.php","meta":{"_links_to":"","_links_to_target":""},"_links":{"self":[{"href":"https:\/\/ecn.kielce.pl\/index.php\/wp-json\/wp\/v2\/pages\/7278"}],"collection":[{"href":"https:\/\/ecn.kielce.pl\/index.php\/wp-json\/wp\/v2\/pages"}],"about":[{"href":"https:\/\/ecn.kielce.pl\/index.php\/wp-json\/wp\/v2\/types\/page"}],"author":[{"embeddable":true,"href":"https:\/\/ecn.kielce.pl\/index.php\/wp-json\/wp\/v2\/users\/2"}],"replies":[{"embeddable":true,"href":"https:\/\/ecn.kielce.pl\/index.php\/wp-json\/wp\/v2\/comments?post=7278"}],"version-history":[{"count":1,"href":"https:\/\/ecn.kielce.pl\/index.php\/wp-json\/wp\/v2\/pages\/7278\/revisions"}],"predecessor-version":[{"id":7279,"href":"https:\/\/ecn.kielce.pl\/index.php\/wp-json\/wp\/v2\/pages\/7278\/revisions\/7279"}],"up":[{"embeddable":true,"href":"https:\/\/ecn.kielce.pl\/index.php\/wp-json\/wp\/v2\/pages\/7272"}],"wp:featuredmedia":[{"embeddable":true,"href":"https:\/\/ecn.kielce.pl\/index.php\/wp-json\/wp\/v2\/media\/5831"}],"wp:attachment":[{"href":"https:\/\/ecn.kielce.pl\/index.php\/wp-json\/wp\/v2\/media?parent=7278"}],"curies":[{"name":"wp","href":"https:\/\/api.w.org\/{rel}","templated":true}]}}