{"id":7272,"date":"2020-10-26T19:07:09","date_gmt":"2020-10-26T18:07:09","guid":{"rendered":"http:\/\/ecn.kielce.pl\/?page_id=7272"},"modified":"2020-12-04T14:01:16","modified_gmt":"2020-12-04T13:01:16","slug":"eksperymentuj-z-ecn","status":"publish","type":"page","link":"https:\/\/ecn.kielce.pl\/index.php\/pl\/oferta\/ecn-on-line\/eksperymentuj-z-ecn\/","title":{"rendered":"Eksperymentuj z ECN"},"content":{"rendered":"\n<p><strong>Zamie\u0144 swoj\u0105 kuchni\u0119 w bezpieczne laboratorium i eksperymentuj razem z ECN.<\/strong><\/p>\n","protected":false},"excerpt":{"rendered":"<p>Zamie\u0144 swoj\u0105 kuchni\u0119 w bezpieczne laboratorium i eksperymentuj razem z ECN.<\/p>\n","protected":false},"author":2,"featured_media":6988,"parent":6655,"menu_order":3,"comment_status":"closed","ping_status":"closed","template":"pt_oferta_kafelki.php","meta":{"_links_to":"","_links_to_target":""},"_links":{"self":[{"href":"https:\/\/ecn.kielce.pl\/index.php\/wp-json\/wp\/v2\/pages\/7272"}],"collection":[{"href":"https:\/\/ecn.kielce.pl\/index.php\/wp-json\/wp\/v2\/pages"}],"about":[{"href":"https:\/\/ecn.kielce.pl\/index.php\/wp-json\/wp\/v2\/types\/page"}],"author":[{"embeddable":true,"href":"https:\/\/ecn.kielce.pl\/index.php\/wp-json\/wp\/v2\/users\/2"}],"replies":[{"embeddable":true,"href":"https:\/\/ecn.kielce.pl\/index.php\/wp-json\/wp\/v2\/comments?post=7272"}],"version-history":[{"count":2,"href":"https:\/\/ecn.kielce.pl\/index.php\/wp-json\/wp\/v2\/pages\/7272\/revisions"}],"predecessor-version":[{"id":7338,"href":"https:\/\/ecn.kielce.pl\/index.php\/wp-json\/wp\/v2\/pages\/7272\/revisions\/7338"}],"up":[{"embeddable":true,"href":"https:\/\/ecn.kielce.pl\/index.php\/wp-json\/wp\/v2\/pages\/6655"}],"wp:featuredmedia":[{"embeddable":true,"href":"https:\/\/ecn.kielce.pl\/index.php\/wp-json\/wp\/v2\/media\/6988"}],"wp:attachment":[{"href":"https:\/\/ecn.kielce.pl\/index.php\/wp-json\/wp\/v2\/media?parent=7272"}],"curies":[{"name":"wp","href":"https:\/\/api.w.org\/{rel}","templated":true}]}}