{"id":7047,"date":"2020-08-28T15:39:30","date_gmt":"2020-08-28T13:39:30","guid":{"rendered":"http:\/\/ecn.kielce.pl\/?page_id=7047"},"modified":"2020-08-28T15:39:31","modified_gmt":"2020-08-28T13:39:31","slug":"piatki-z-dobra-energia-szesc-zasad-zdrowego-stylu-zycia","status":"publish","type":"page","link":"https:\/\/ecn.kielce.pl\/index.php\/pl\/oferta\/ecn-on-line\/piatki-z-dobra-energia\/piatki-z-dobra-energia-szesc-zasad-zdrowego-stylu-zycia\/","title":{"rendered":"Pi\u0105tki z dobr\u0105 energi\u0105: Sze\u015b\u0107 zasad zdrowego stylu \u017cycia"},"content":{"rendered":"\n<h4><strong>Jakie s\u0105 najcz\u0119stsze b\u0142\u0119dy \u017cywieniowe? Czy mo\u017cemy je\u015b\u0107 po godz. 18:00? Na co powinni\u015bmy zwraca\u0107 uwag\u0119 w naszej diecie?<\/strong><\/h4>\n\n\n\n<hr class=\"wp-block-separator\"\/>\n\n\n\n<p>W ramach kolejnego \u201cPi\u0105tku z dobr\u0105 energi\u0105\u201d zapraszamy na sze\u015b\u0107 zasad zdrowego stylu \u017cycia, o kt\u00f3rych opowie Rafa\u0142 Tokarczyk, trener personalny, certyfikowany dietetyk sportowy, w\u0142a\u015bciciel cateringu dietetycznego\u00a0<a href=\"https:\/\/www.facebook.com\/FancyFood.info\/?__tn__=K-R&amp;eid=ARA7hCrhHJfv7vn3tArFzvVj70bxLOKRYrPpBo_qs5Ox6-ZBQ9d7d4125nMQA5Wb4TcbnMGCI2u0aQ1t&amp;fref=mentions&amp;__xts__%5B0%5D=68.ARBSoS76LOzmfwpKXKtBZvAZsqbUNDAaDP2lJJPq2T0hgu09H_gKQBjVfL6waUR86_18-7G5Jn0CAX1T9cDIdckccq7YsaBcf3CYb8shnUMeBD3M8ypDCZAHbzSuewqVmXVTvaec7FrPDQ_6ITyY8_7dljS-6ocN982AF6fNoWzhYRMq86V2nsb7FhuQIzSGzb70nnjmZ9ecAYYe85QTvWRYJIJyfEXrVytHePUDHci25xBFyn7OPRkTWg48B1iU0tYIo3jsmpgmkUc9mSRo8AtTui84JoSYaPDxIH4XB5G0ge8mQrT8fkZNAs3qtxaqOwt7m8s\">Fancy Food.<\/a><\/p>\n\n\n\n<figure class=\"wp-block-embed-facebook wp-block-embed is-type-rich is-provider-facebook\"><div class=\"wp-block-embed__wrapper\">\nhttps:\/\/www.facebook.com\/ECN.KPT\/posts\/3377451962284995\n<\/div><\/figure>\n","protected":false},"excerpt":{"rendered":"<p>Jakie s\u0105 najcz\u0119stsze b\u0142\u0119dy \u017cywieniowe? Czy mo\u017cemy je\u015b\u0107 po godz. 18:00? Na co powinni\u015bmy zwraca\u0107 uwag\u0119 w naszej diecie? W ramach kolejnego \u201cPi\u0105tku z dobr\u0105 energi\u0105\u201d zapraszamy na sze\u015b\u0107 zasad zdrowego stylu \u017cycia, o kt\u00f3rych opowie Rafa\u0142 Tokarczyk, trener personalny, certyfikowany dietetyk sportowy, w\u0142a\u015bciciel cateringu dietetycznego\u00a0Fancy Food.<\/p>\n","protected":false},"author":2,"featured_media":6405,"parent":6993,"menu_order":0,"comment_status":"closed","ping_status":"closed","template":"pt_oferta.php","meta":{"_links_to":"","_links_to_target":""},"_links":{"self":[{"href":"https:\/\/ecn.kielce.pl\/index.php\/wp-json\/wp\/v2\/pages\/7047"}],"collection":[{"href":"https:\/\/ecn.kielce.pl\/index.php\/wp-json\/wp\/v2\/pages"}],"about":[{"href":"https:\/\/ecn.kielce.pl\/index.php\/wp-json\/wp\/v2\/types\/page"}],"author":[{"embeddable":true,"href":"https:\/\/ecn.kielce.pl\/index.php\/wp-json\/wp\/v2\/users\/2"}],"replies":[{"embeddable":true,"href":"https:\/\/ecn.kielce.pl\/index.php\/wp-json\/wp\/v2\/comments?post=7047"}],"version-history":[{"count":1,"href":"https:\/\/ecn.kielce.pl\/index.php\/wp-json\/wp\/v2\/pages\/7047\/revisions"}],"predecessor-version":[{"id":7048,"href":"https:\/\/ecn.kielce.pl\/index.php\/wp-json\/wp\/v2\/pages\/7047\/revisions\/7048"}],"up":[{"embeddable":true,"href":"https:\/\/ecn.kielce.pl\/index.php\/wp-json\/wp\/v2\/pages\/6993"}],"wp:featuredmedia":[{"embeddable":true,"href":"https:\/\/ecn.kielce.pl\/index.php\/wp-json\/wp\/v2\/media\/6405"}],"wp:attachment":[{"href":"https:\/\/ecn.kielce.pl\/index.php\/wp-json\/wp\/v2\/media?parent=7047"}],"curies":[{"name":"wp","href":"https:\/\/api.w.org\/{rel}","templated":true}]}}