{"id":7041,"date":"2020-08-28T15:36:21","date_gmt":"2020-08-28T13:36:21","guid":{"rendered":"http:\/\/ecn.kielce.pl\/?page_id=7041"},"modified":"2020-08-28T15:36:21","modified_gmt":"2020-08-28T13:36:21","slug":"piatki-z-dobra-energia-teatr-sposob-na-zycie","status":"publish","type":"page","link":"https:\/\/ecn.kielce.pl\/index.php\/pl\/oferta\/ecn-on-line\/piatki-z-dobra-energia\/piatki-z-dobra-energia-teatr-sposob-na-zycie\/","title":{"rendered":"Pi\u0105tki z dobr\u0105 energi\u0105: Teatr \u2013 spos\u00f3b na \u017cycie"},"content":{"rendered":"\n<h4><strong>Kolejny pi\u0105tek z dobr\u0105 energi\u0105 po\u015bwi\u0119camy sztuce. O swojej przygodzie z teatrem i aktorstwem opowie kielecki aktor, Miros\u0142aw Bieli\u0144ski.<\/strong><\/h4>\n\n\n\n<hr class=\"wp-block-separator\"\/>\n\n\n\n<p><strong>Czym dla Pana jest teatr?<\/strong><\/p>\n\n\n\n<p>Ca\u0142ym moim \u017cyciem, a nawet \u017cyciem po \u017cyciu\u2026<\/p>\n\n\n\n<p><strong>Jak zacz\u0119\u0142a si\u0119 Pana przygoda z teatrem? Czy od zawsze planowa\u0142 Pan zosta\u0107 aktorem?<\/strong><\/p>\n\n\n\n<p>By\u0142o kilka pocz\u0105tk\u00f3w. Pierwszy w szkole podstawowej w Gdyni na Oksywiu, gdzie w ka\u017cdej \u201eimprezie\u201d szkolnej co\u015b tam recytowa\u0142em i tu wspominam moj\u0105 wychowawczyni\u0119, kt\u00f3r\u0105 pami\u0119ta\u0107 po kres swoich dni b\u0119d\u0119 \u2013 PANI\u0104 ZOFI\u0118 ROMANOWSK\u0104, p\u00f3\u017aniej przeprowadzka do Szczecina i kolejna nauczycielka, kt\u00f3ra \u201eodkry\u0142a\u201d we mnie \u201eaktora\u201d. Nast\u0119pnie szko\u0142a \u015brednia, czyli Technikum Mechaniczne w Szczecinie i w\u0142a\u015bciwie plany zostania marynarzem, ale nagle pojawi\u0142 si\u0119 Pan Kazimierz Kasiewicz, z kt\u00f3rym si\u0119 zaprzyja\u017ani\u0142em i odkry\u0142em dzi\u0119ki niemu tajemnice i pi\u0119kno zawodu aktora.<\/p>\n\n\n\n<p><strong>Na swojej drodze bardzo cz\u0119sto spotykamy ludzi, kt\u00f3rzy zmieniaj\u0105 nasze \u017cycie o 180 stopni. Dla Pana widz\u00f3w to prawdziwe szcz\u0119\u015bcie, \u017ce losy potoczy\u0142y si\u0119 w taki w\u0142a\u015bnie spos\u00f3b. Jak wygl\u0105da praca aktora w teatrze?<\/strong><\/p>\n\n\n\n<p>Na szcz\u0119\u015bcie widz ogl\u0105da fina\u0142 naszej pracy, kt\u00f3ra trwa co najmniej dwa miesi\u0105ce. Patrzy na aktor\u00f3w poruszaj\u0105cych si\u0119 w pi\u0119knej scenografii, w cudownych kostiumach i wyg\u0142aszaj\u0105cych bez zaj\u0105kni\u0119cia swoje kwestie. Ale proza tej pracy jest podobna do ka\u017cdego innego zawodu, tzn. nic nie ma za darmo.<\/p>\n\n\n\n<p><strong>Praca aktora jest z ca\u0142\u0105 pewno\u015bci\u0105 du\u017cym wyzwaniem. Je\u015bli w tym samym czasie pracuje nad kilkoma sztukami, musi zapami\u0119ta\u0107 wiele r\u00f3l, tekst\u00f3w, stylistyki r\u00f3\u017cnych postaci. W jakie postaci Pan lubi si\u0119 wciela\u0107 najbardziej?<\/strong><\/p>\n\n\n\n<p>Ka\u017cda kolejna rola jest wspania\u0142ym wyzwaniem i szans\u0105 na now\u0105 \u201eprzygod\u0119\u201d. Zawsze si\u0119 stara\u0142em zaczyna\u0107 prac\u0119 nad nast\u0119pn\u0105 rol\u0105 od \u201ezera\u201d, tzn. wyrzuci\u0107 dotychczasowe do\u015bwiadczenie i zmierzy\u0107 si\u0119 z czym\u015b nowym. Zdaj\u0119 sobie spraw\u0119 z tego, \u017ce jestem sob\u0105 i jak bardzo bym si\u0119 nie stara\u0142, zawsze gdzie\u015b tam wyp\u0142ynie Mirek Bieli\u0144ski, bo to jest on i jakkolwiek nie pr\u00f3bowa\u0142by zagra\u0107 kogokolwiek innego, to w pewnej cz\u0119\u015bci zawsze b\u0119dzie Mirek B.<\/p>\n\n\n\n<p><strong>Czyli w ka\u017cdym wcieleniu \u201eprzemyca\u201d Pan cz\u0105stk\u0119 siebie, sw\u00f3j \u201eznak rozpoznawczy\u201d. Jaka sztuka, w kt\u00f3rej Pan gra\u0142, zapad\u0142a Panu najbardziej w pami\u0119\u0107?<\/strong><\/p>\n\n\n\n<p>Kocham ka\u017cd\u0105, nawet najmniejsz\u0105 rol\u0119 i prac\u0119, kt\u00f3ra by\u0142a z ni\u0105 zwi\u0105zana, bo zawsze dzi\u0119ki nim zdobywa\u0142em do\u015bwiadczenie, a to jest niezwykle cenne w tym zawodzie.<\/p>\n\n\n\n<p><strong>To wszystko wygl\u0105da inaczej, gdy praca staje si\u0119 pasj\u0105. Co lubi Pan w swojej pracy?<\/strong><\/p>\n\n\n\n<p>R\u00f3\u017cnorodno\u015b\u0107!!! Teoretycznie ka\u017cde nowe wyzwanie zasadza si\u0119 na tym samym: nauczy\u0107 si\u0119 tekstu, pozna\u0107 ruch sceniczny, przyzwyczai\u0107 si\u0119 do kostiumu i \u015bwiate\u0142 oraz muzyki i dawaj, ale prawda jest inna\u2026 Ka\u017cda nowa rola skrywa w sobie tajemnice, kt\u00f3re odkrywamy w czasie pr\u00f3b z re\u017cyserem i kolegami, kt\u00f3rzy z nami s\u0105 w obsadzie.<\/p>\n\n\n\n<p><strong>Praca aktora w teatrze, na \u017cywo, tu i teraz, wygl\u0105da nieco inaczej ni\u017c aktora, graj\u0105cego przed kamer\u0105. W drugim wypadku zawsze mo\u017cna poprawi\u0107 uj\u0119cie, kt\u00f3re nie wysz\u0142o czy te\u017c ponownie nagra\u0107 scen\u0119, w kt\u00f3rej zapomniano tekst. Czy jest co\u015b, czego Pan si\u0119 boi, wychodz\u0105c na deski teatru?<\/strong><\/p>\n\n\n\n<p>My\u015bla\u0142em na pocz\u0105tku swojej drogi teatralnej, \u017ce z czasem trema b\u0119dzie coraz mniejsza. Jednak tak nie jest. By\u0107 mo\u017ce wi\u0105\u017ce si\u0119 to z coraz bardziej ci\u0105\u017c\u0105c\u0105 odpowiedzialno\u015bci\u0105? \u015awiadomo\u015b\u0107, \u017ce tam przed kurtyn\u0105 siedzi kilkaset os\u00f3b, kt\u00f3re kupi\u0142y bilet i oczekuj\u0105 najlepszej jako\u015bci \u201eproduktu\u201d, i nie mog\u0119 ich zawie\u015b\u0107 powoduje, \u017ce trema miast male\u0107 wr\u0119cz pot\u0119\u017cnieje. Ale skoro si\u0119 zdecydowa\u0142e\u015b na ten zaw\u00f3d trzeba wyj\u015b\u0107 na scen\u0119 i nie da\u0107 pozna\u0107 po sobie, \u017ce masz jakiekolwiek w\u0105tpliwo\u015bci.<\/p>\n\n\n\n<p><strong>Publiczno\u015b\u0107 widzi ju\u017c wypracowan\u0105 sztuk\u0119. Czy mo\u017ce Pan podzieli\u0107 si\u0119 ciekawostkami zza kulis?<\/strong><\/p>\n\n\n\n<p>Przewa\u017cnie jest nerwowo, ale zdarzaj\u0105 si\u0119 sytuacje bardzo zabawne, a nawet komiczne. Ale mo\u017ce na temat anegdot teatralnych porozmawiamy nast\u0119pnym razem\u2026?!<\/p>\n\n\n\n<p><strong>I tutaj zostawimy ma\u0142e niedopowiedzenie\u2026 Dzi\u0119kujemy za rozmow\u0119.<\/strong><\/p>\n\n\n\n<p><strong>Miros\u0142aw Bieli\u0144ski<\/strong>&nbsp;\u2013 od 1984 r. aktor, re\u017cyser, pedagog, pracuje z dzie\u0107mi, m\u0142odzie\u017c\u0105, doros\u0142ymi i seniorami. Razem z \u017con\u0105 Teres\u0105 Bieli\u0144sk\u0105, za\u0142o\u017cy\u0142 kielecki teatr TeTaTeT.<\/p>\n\n\n\n<ul class=\"wp-block-gallery columns-3 is-cropped\"><li class=\"blocks-gallery-item\"><figure><img loading=\"lazy\" width=\"683\" height=\"1024\" src=\"http:\/\/ecn.kielce.pl\/wp-content\/uploads\/2020\/07\/miros\u0142aw-bieli\u0144ski-1-3-683x1024.jpg\" alt=\"\" data-id=\"6586\" data-link=\"http:\/\/ecn.kielce.pl\/index.php\/pl\/2020\/07\/03\/piatki-z-dobra-energia-teatr-sposob-na-zycie\/miroslaw-bielinski-1-4\/\" class=\"wp-image-6586\" srcset=\"https:\/\/ecn.kielce.pl\/wp-content\/uploads\/2020\/07\/miros\u0142aw-bieli\u0144ski-1-3-683x1024.jpg 683w, https:\/\/ecn.kielce.pl\/wp-content\/uploads\/2020\/07\/miros\u0142aw-bieli\u0144ski-1-3-200x300.jpg 200w, https:\/\/ecn.kielce.pl\/wp-content\/uploads\/2020\/07\/miros\u0142aw-bieli\u0144ski-1-3-768x1152.jpg 768w, https:\/\/ecn.kielce.pl\/wp-content\/uploads\/2020\/07\/miros\u0142aw-bieli\u0144ski-1-3.jpg 1200w\" sizes=\"(max-width: 683px) 100vw, 683px\" \/><\/figure><\/li><li class=\"blocks-gallery-item\"><figure><img loading=\"lazy\" width=\"1024\" height=\"683\" src=\"http:\/\/ecn.kielce.pl\/wp-content\/uploads\/2020\/07\/miros\u0142aw-bieli\u0144ski-2-3-1024x683.jpg\" alt=\"\" data-id=\"6587\" data-link=\"http:\/\/ecn.kielce.pl\/index.php\/pl\/2020\/07\/03\/piatki-z-dobra-energia-teatr-sposob-na-zycie\/miroslaw-bielinski-2-4\/\" class=\"wp-image-6587\" srcset=\"https:\/\/ecn.kielce.pl\/wp-content\/uploads\/2020\/07\/miros\u0142aw-bieli\u0144ski-2-3-1024x683.jpg 1024w, https:\/\/ecn.kielce.pl\/wp-content\/uploads\/2020\/07\/miros\u0142aw-bieli\u0144ski-2-3-300x200.jpg 300w, https:\/\/ecn.kielce.pl\/wp-content\/uploads\/2020\/07\/miros\u0142aw-bieli\u0144ski-2-3-768x512.jpg 768w, https:\/\/ecn.kielce.pl\/wp-content\/uploads\/2020\/07\/miros\u0142aw-bieli\u0144ski-2-3.jpg 1925w\" sizes=\"(max-width: 1024px) 100vw, 1024px\" \/><\/figure><\/li><li class=\"blocks-gallery-item\"><figure><img loading=\"lazy\" width=\"1024\" height=\"683\" src=\"http:\/\/ecn.kielce.pl\/wp-content\/uploads\/2020\/07\/miros\u0142aw-bieli\u0144ski-3-3-1024x683.jpg\" alt=\"\" data-id=\"6588\" data-link=\"http:\/\/ecn.kielce.pl\/index.php\/pl\/2020\/07\/03\/piatki-z-dobra-energia-teatr-sposob-na-zycie\/miroslaw-bielinski-3-4\/\" class=\"wp-image-6588\" srcset=\"https:\/\/ecn.kielce.pl\/wp-content\/uploads\/2020\/07\/miros\u0142aw-bieli\u0144ski-3-3-1024x683.jpg 1024w, https:\/\/ecn.kielce.pl\/wp-content\/uploads\/2020\/07\/miros\u0142aw-bieli\u0144ski-3-3-300x200.jpg 300w, https:\/\/ecn.kielce.pl\/wp-content\/uploads\/2020\/07\/miros\u0142aw-bieli\u0144ski-3-3-768x512.jpg 768w, https:\/\/ecn.kielce.pl\/wp-content\/uploads\/2020\/07\/miros\u0142aw-bieli\u0144ski-3-3.jpg 1925w\" sizes=\"(max-width: 1024px) 100vw, 1024px\" \/><\/figure><\/li><li class=\"blocks-gallery-item\"><figure><img loading=\"lazy\" width=\"683\" height=\"1024\" src=\"http:\/\/ecn.kielce.pl\/wp-content\/uploads\/2020\/07\/miros\u0142aw-bieli\u0144ski-4-3-683x1024.jpg\" alt=\"\" data-id=\"6589\" data-link=\"http:\/\/ecn.kielce.pl\/index.php\/pl\/2020\/07\/03\/piatki-z-dobra-energia-teatr-sposob-na-zycie\/miroslaw-bielinski-4-4\/\" class=\"wp-image-6589\" srcset=\"https:\/\/ecn.kielce.pl\/wp-content\/uploads\/2020\/07\/miros\u0142aw-bieli\u0144ski-4-3-683x1024.jpg 683w, https:\/\/ecn.kielce.pl\/wp-content\/uploads\/2020\/07\/miros\u0142aw-bieli\u0144ski-4-3-200x300.jpg 200w, https:\/\/ecn.kielce.pl\/wp-content\/uploads\/2020\/07\/miros\u0142aw-bieli\u0144ski-4-3-768x1152.jpg 768w, https:\/\/ecn.kielce.pl\/wp-content\/uploads\/2020\/07\/miros\u0142aw-bieli\u0144ski-4-3.jpg 1200w\" sizes=\"(max-width: 683px) 100vw, 683px\" \/><\/figure><\/li><li class=\"blocks-gallery-item\"><figure><img loading=\"lazy\" width=\"1024\" height=\"683\" src=\"http:\/\/ecn.kielce.pl\/wp-content\/uploads\/2020\/07\/miros\u0142aw-bieli\u0144ski-5-3-1024x683.jpg\" alt=\"\" data-id=\"6590\" data-link=\"http:\/\/ecn.kielce.pl\/index.php\/pl\/2020\/07\/03\/piatki-z-dobra-energia-teatr-sposob-na-zycie\/miroslaw-bielinski-5-4\/\" class=\"wp-image-6590\" srcset=\"https:\/\/ecn.kielce.pl\/wp-content\/uploads\/2020\/07\/miros\u0142aw-bieli\u0144ski-5-3-1024x683.jpg 1024w, https:\/\/ecn.kielce.pl\/wp-content\/uploads\/2020\/07\/miros\u0142aw-bieli\u0144ski-5-3-300x200.jpg 300w, https:\/\/ecn.kielce.pl\/wp-content\/uploads\/2020\/07\/miros\u0142aw-bieli\u0144ski-5-3-768x512.jpg 768w, https:\/\/ecn.kielce.pl\/wp-content\/uploads\/2020\/07\/miros\u0142aw-bieli\u0144ski-5-3.jpg 1800w\" sizes=\"(max-width: 1024px) 100vw, 1024px\" \/><\/figure><\/li><\/ul>\n\n\n\n<p><\/p>\n\n\n\n<p><\/p>\n\n\n\n<p><\/p>\n","protected":false},"excerpt":{"rendered":"<p>Kolejny pi\u0105tek z dobr\u0105 energi\u0105 po\u015bwi\u0119camy sztuce. O swojej przygodzie z teatrem i aktorstwem opowie kielecki aktor, Miros\u0142aw Bieli\u0144ski. Czym dla Pana jest teatr? Ca\u0142ym moim \u017cyciem, a nawet \u017cyciem po \u017cyciu\u2026 Jak zacz\u0119\u0142a si\u0119 Pana przygoda z teatrem? Czy od zawsze planowa\u0142 Pan zosta\u0107 aktorem? By\u0142o kilka pocz\u0105tk\u00f3w. Pierwszy w szkole podstawowej w Gdyni [&hellip;]<\/p>\n","protected":false},"author":2,"featured_media":6570,"parent":6993,"menu_order":0,"comment_status":"closed","ping_status":"closed","template":"pt_oferta.php","meta":{"_links_to":"","_links_to_target":""},"_links":{"self":[{"href":"https:\/\/ecn.kielce.pl\/index.php\/wp-json\/wp\/v2\/pages\/7041"}],"collection":[{"href":"https:\/\/ecn.kielce.pl\/index.php\/wp-json\/wp\/v2\/pages"}],"about":[{"href":"https:\/\/ecn.kielce.pl\/index.php\/wp-json\/wp\/v2\/types\/page"}],"author":[{"embeddable":true,"href":"https:\/\/ecn.kielce.pl\/index.php\/wp-json\/wp\/v2\/users\/2"}],"replies":[{"embeddable":true,"href":"https:\/\/ecn.kielce.pl\/index.php\/wp-json\/wp\/v2\/comments?post=7041"}],"version-history":[{"count":1,"href":"https:\/\/ecn.kielce.pl\/index.php\/wp-json\/wp\/v2\/pages\/7041\/revisions"}],"predecessor-version":[{"id":7042,"href":"https:\/\/ecn.kielce.pl\/index.php\/wp-json\/wp\/v2\/pages\/7041\/revisions\/7042"}],"up":[{"embeddable":true,"href":"https:\/\/ecn.kielce.pl\/index.php\/wp-json\/wp\/v2\/pages\/6993"}],"wp:featuredmedia":[{"embeddable":true,"href":"https:\/\/ecn.kielce.pl\/index.php\/wp-json\/wp\/v2\/media\/6570"}],"wp:attachment":[{"href":"https:\/\/ecn.kielce.pl\/index.php\/wp-json\/wp\/v2\/media?parent=7041"}],"curies":[{"name":"wp","href":"https:\/\/api.w.org\/{rel}","templated":true}]}}