{"id":7028,"date":"2020-08-28T15:21:46","date_gmt":"2020-08-28T13:21:46","guid":{"rendered":"http:\/\/ecn.kielce.pl\/?page_id=7028"},"modified":"2020-08-28T15:21:47","modified_gmt":"2020-08-28T13:21:47","slug":"piatki-z-dobra-energia-wakacyjny-must-read-czyli-co-czytac-latem","status":"publish","type":"page","link":"https:\/\/ecn.kielce.pl\/index.php\/pl\/oferta\/ecn-on-line\/piatki-z-dobra-energia\/piatki-z-dobra-energia-wakacyjny-must-read-czyli-co-czytac-latem\/","title":{"rendered":"Pi\u0105tki z dobr\u0105 energi\u0105: Wakacyjny must read, czyli co czyta\u0107 latem"},"content":{"rendered":"\n<h4><strong>Lato, wakacje, czas na odpoczynek i relaks. Miejska Biblioteka Publiczna w Kielcach proponuje relaks z ksi\u0105\u017ck\u0105 \u2013 w domu, w podr\u00f3\u017cy, w hamaku, na le\u017caku\u2026<\/strong><\/h4>\n\n\n\n<hr class=\"wp-block-separator\"\/>\n\n\n\n<p><strong>W wolnym czasie mo\u017cna nadrobi\u0107 zaleg\u0142o\u015bci w czytaniu, odpr\u0119\u017cy\u0107 si\u0119 przy interesuj\u0105cej lekturze. Na letnie dni i wieczory polecamy przede wszystkim takie ksi\u0105\u017cki, do przeczytania kt\u00f3rych nie trzeba si\u0119 zmusza\u0107. Stawiamy na pe\u0142ny luz!<\/strong><\/p>\n\n\n\n<p><strong>Najlepsze ksi\u0105\u017cki na lato<\/strong><\/p>\n\n\n\n<p>Takie, kt\u00f3rych czytanie sprawi Wam przyjemno\u015b\u0107. Du\u017ce, ma\u0142e, cienkie, grube, papierowe, elektroniczne, z ilustracjami i bez \u2013 do wyboru, do koloru. Krymina\u0142y, thrillery, romanse, biografie, reporta\u017ce, poradniki, relacje z podr\u00f3\u017cy, po polsku, po angielsku \u2013 co kto lubi.<\/p>\n\n\n\n<p><strong>Przepis na dobr\u0105 wakacyjn\u0105 lektur\u0119<\/strong><\/p>\n\n\n\n<p>Dreszcz emocji, dawka adrenaliny, porcja humoru, nuta romantyzmu, krzynka magii, odrobina nostalgii, szczypta ironii, gar\u015b\u0107 fakt\u00f3w, morze pomys\u0142\u00f3w, zestaw porad, moc wra\u017ce\u0144\u2026 Dob\u00f3r przypraw wedle uznania, byle tylko smakowa\u0142o.<\/p>\n\n\n\n<p><strong>Nie narzucamy, polecamy<\/strong><\/p>\n\n\n\n<p>Z naszego bibliotecznego katalogu wybrali\u015bmy kilka propozycji dla tych, kt\u00f3rzy nie zdecydowali si\u0119 jeszcze na wyb\u00f3r wakacyjnej lektury. Oto one:<\/p>\n\n\n\n<ul><li><strong>Remigiusz Mr\u00f3z \u201eLot 202\u201d<\/strong>&nbsp;<em>\u2013<\/em>&nbsp;intryguj\u0105ca powie\u015b\u0107 sensacyjno-kryminalna, w kt\u00f3rej przeniesiecie si\u0119 do Opola i Nowej Huty, aby pod\u0105\u017ca\u0107 za \u015bledztwem dotycz\u0105cym zagadkowej \u015bmierci m\u0142odego ch\u0142opaka. Emocje gwarantowane;<\/li><li><strong>Jojo Moyes \u201e\u015awiat\u0142o w \u015brodku nocy\u201d<\/strong>&nbsp;\u2013 otwarcie konnej biblioteki prowadzonej przez kobiety burzy spok\u00f3j miasteczka. W\u015br\u00f3d kobiet zaczyna kr\u0105\u017cy\u0107 zakazana ksi\u0105\u017ceczka, kt\u00f3ra \u2013 jak twierdz\u0105 niekt\u00f3rzy \u2013 m\u0105ci im w g\u0142owach i budzi grzeszne my\u015bli\u2026<\/li><li><strong>Beata Pawlikowska \u201eBlondynka na Hawajach\u201d<\/strong>&nbsp;\u2013 niezwyk\u0142a wyprawa na Hawaje, ods\u0142aniaj\u0105ca sekrety magicznej Polinezji. Ksi\u0105\u017ck\u0119 poch\u0142oniecie b\u0142yskawicznie i poczujecie si\u0119 tak, jakby\u015bcie sami uczestniczyli w tej podr\u00f3\u017cy;<\/li><li><strong>Alek Rogozi\u0144ski \u201eTe\u015bciowie musz\u0105 znikn\u0105\u0107\u201d (e-book)<\/strong>&nbsp;\u2013 zabawny, lekki krymina\u0142, pe\u0142en zaskakuj\u0105cych zwrot\u00f3w akcji. Czy dwie nienawidz\u0105ce si\u0119 te\u015bciowe mog\u0105 si\u0119 zaprzyja\u017ani\u0107? Co zrobi\u0105, gdy ich dzieci wpadn\u0105 w powa\u017cne tarapaty?<\/li><li><strong>Anna Langner \u201eSyreny\u201d (e-book)<\/strong>&nbsp;\u2013 romans idealny na wakacje. Intryguj\u0105ca historia Syren kr\u0105\u017c\u0105cych po nadba\u0142tyckich barach w poszukiwaniu bogatych m\u0119\u017cczyzn, kt\u00f3rych uwodz\u0105 i okradaj\u0105. G\u0142\u00f3wna bohaterka postanawia do nich do\u0142\u0105czy\u0107. Co z tego wyniknie?<\/li><\/ul>\n\n\n\n<p>Oferta nie tylko na wakacje.<\/p>\n\n\n\n<p>Je\u017celi nie zdecydowali\u015bcie si\u0119 na \u017cadn\u0105 z wymienionych ksi\u0105\u017cek, mo\u017cecie wybra\u0107 inne z naszego katalogu, a jest w czym wybiera\u0107:<\/p>\n\n\n\n<ul><li><a href=\"http:\/\/katalog.mbp.kielce.pl\/\">http:\/\/katalog.mbp.kielce.pl\/<\/a><\/li><\/ul>\n\n\n\n<p>Polecamy tak\u017ce \u015bpiewaj\u0105c\u0105 ofert\u0119 wydawnictwa \u015awiat Ksi\u0105\u017cki. Przygotowa\u0142 j\u0105 znany internetowy tw\u00f3rca CeZik, kt\u00f3ry zaprosi\u0142 do wsp\u00f3\u0142pracy aktork\u0119 teatraln\u0105 i dubbingow\u0105 Zuz\u0119 Motorniuk:<\/p>\n\n\n\n<ul><li><a href=\"https:\/\/www.youtube.com\/embed\/kdlhhMUEfSc\">https:\/\/www.youtube.com\/embed\/kdlhhMUEfSc<\/a><\/li><\/ul>\n\n\n\n<p>\u017byczymy wspania\u0142ych wakacji z interesuj\u0105c\u0105 ksi\u0105\u017ck\u0105!<\/p>\n\n\n\n<p>Miejska Biblioteka Publiczna w Kielcach<\/p>\n","protected":false},"excerpt":{"rendered":"<p>Lato, wakacje, czas na odpoczynek i relaks. Miejska Biblioteka Publiczna w Kielcach proponuje relaks z ksi\u0105\u017ck\u0105 \u2013 w domu, w podr\u00f3\u017cy, w hamaku, na le\u017caku\u2026 W wolnym czasie mo\u017cna nadrobi\u0107 zaleg\u0142o\u015bci w czytaniu, odpr\u0119\u017cy\u0107 si\u0119 przy interesuj\u0105cej lekturze. Na letnie dni i wieczory polecamy przede wszystkim takie ksi\u0105\u017cki, do przeczytania kt\u00f3rych nie trzeba si\u0119 zmusza\u0107. [&hellip;]<\/p>\n","protected":false},"author":2,"featured_media":6632,"parent":6993,"menu_order":0,"comment_status":"closed","ping_status":"closed","template":"pt_oferta.php","meta":{"_links_to":"","_links_to_target":""},"_links":{"self":[{"href":"https:\/\/ecn.kielce.pl\/index.php\/wp-json\/wp\/v2\/pages\/7028"}],"collection":[{"href":"https:\/\/ecn.kielce.pl\/index.php\/wp-json\/wp\/v2\/pages"}],"about":[{"href":"https:\/\/ecn.kielce.pl\/index.php\/wp-json\/wp\/v2\/types\/page"}],"author":[{"embeddable":true,"href":"https:\/\/ecn.kielce.pl\/index.php\/wp-json\/wp\/v2\/users\/2"}],"replies":[{"embeddable":true,"href":"https:\/\/ecn.kielce.pl\/index.php\/wp-json\/wp\/v2\/comments?post=7028"}],"version-history":[{"count":1,"href":"https:\/\/ecn.kielce.pl\/index.php\/wp-json\/wp\/v2\/pages\/7028\/revisions"}],"predecessor-version":[{"id":7029,"href":"https:\/\/ecn.kielce.pl\/index.php\/wp-json\/wp\/v2\/pages\/7028\/revisions\/7029"}],"up":[{"embeddable":true,"href":"https:\/\/ecn.kielce.pl\/index.php\/wp-json\/wp\/v2\/pages\/6993"}],"wp:featuredmedia":[{"embeddable":true,"href":"https:\/\/ecn.kielce.pl\/index.php\/wp-json\/wp\/v2\/media\/6632"}],"wp:attachment":[{"href":"https:\/\/ecn.kielce.pl\/index.php\/wp-json\/wp\/v2\/media?parent=7028"}],"curies":[{"name":"wp","href":"https:\/\/api.w.org\/{rel}","templated":true}]}}