{"id":7025,"date":"2020-08-28T15:20:04","date_gmt":"2020-08-28T13:20:04","guid":{"rendered":"http:\/\/ecn.kielce.pl\/?page_id=7025"},"modified":"2020-08-28T15:20:05","modified_gmt":"2020-08-28T13:20:05","slug":"piatki-z-dobra-energia-dieta-w-chorobach-autoimmunologicznych","status":"publish","type":"page","link":"https:\/\/ecn.kielce.pl\/index.php\/pl\/oferta\/ecn-on-line\/piatki-z-dobra-energia\/piatki-z-dobra-energia-dieta-w-chorobach-autoimmunologicznych\/","title":{"rendered":"Pi\u0105tki z dobr\u0105 energi\u0105: Dieta w chorobach autoimmunologicznych"},"content":{"rendered":"\n<h4><strong>O najwa\u017cniejszych zasadach przy diecie w chorobach autoimmunologicznych opowiada Rafa\u0142 Tokarczyk,&nbsp;<\/strong>trener personalny,&nbsp;<strong>certyfikowany dietetyk sportowy, w\u0142a\u015bciciel cateringu dietetycznego Fancy Food.<\/strong><\/h4>\n\n\n\n<hr class=\"wp-block-separator\"\/>\n\n\n\n<figure class=\"wp-block-embed-facebook wp-block-embed is-type-rich is-provider-facebook\"><div class=\"wp-block-embed__wrapper\">\n<div id=\"fb-root\"><\/div><script async=\"1\" defer=\"1\" crossorigin=\"anonymous\" src=\"https:\/\/connect.facebook.net\/pl_PL\/sdk.js#xfbml=1&amp;version=v8.0\" nonce=\"KWvqmUCM\"><\/script><div class=\"fb-post\" data-href=\"https:\/\/www.facebook.com\/ECN.KPT\/posts\/3520473791316144\" data-width=\"500\"><blockquote cite=\"https:\/\/www.facebook.com\/ECN.KPT\/posts\/3520473791316144\" class=\"fb-xfbml-parse-ignore\"><p>Witajcie podczas kolejnego &quot;Pia\u0328tku z dobra\u0328 energia\u0328&quot;! W przedostatnim spotkaniu nasz gos\u0301c\u0301 opowiada\u0142 o c\u0301wiczeniach w&#8230;<\/p>Opublikowany przez <a href=\"https:\/\/www.facebook.com\/ECN.KPT\/\">Energetyczne Centrum Nauki<\/a>&nbsp;<a href=\"https:\/\/www.facebook.com\/ECN.KPT\/posts\/3520473791316144\">Pi\u0105tek, 31 lipca 2020<\/a><\/blockquote><\/div>\n<\/div><\/figure>\n","protected":false},"excerpt":{"rendered":"<p>O najwa\u017cniejszych zasadach przy diecie w chorobach autoimmunologicznych opowiada Rafa\u0142 Tokarczyk,&nbsp;trener personalny,&nbsp;certyfikowany dietetyk sportowy, w\u0142a\u015bciciel cateringu dietetycznego Fancy Food.<\/p>\n","protected":false},"author":2,"featured_media":6672,"parent":6993,"menu_order":0,"comment_status":"closed","ping_status":"closed","template":"pt_oferta.php","meta":{"_links_to":"","_links_to_target":""},"_links":{"self":[{"href":"https:\/\/ecn.kielce.pl\/index.php\/wp-json\/wp\/v2\/pages\/7025"}],"collection":[{"href":"https:\/\/ecn.kielce.pl\/index.php\/wp-json\/wp\/v2\/pages"}],"about":[{"href":"https:\/\/ecn.kielce.pl\/index.php\/wp-json\/wp\/v2\/types\/page"}],"author":[{"embeddable":true,"href":"https:\/\/ecn.kielce.pl\/index.php\/wp-json\/wp\/v2\/users\/2"}],"replies":[{"embeddable":true,"href":"https:\/\/ecn.kielce.pl\/index.php\/wp-json\/wp\/v2\/comments?post=7025"}],"version-history":[{"count":1,"href":"https:\/\/ecn.kielce.pl\/index.php\/wp-json\/wp\/v2\/pages\/7025\/revisions"}],"predecessor-version":[{"id":7027,"href":"https:\/\/ecn.kielce.pl\/index.php\/wp-json\/wp\/v2\/pages\/7025\/revisions\/7027"}],"up":[{"embeddable":true,"href":"https:\/\/ecn.kielce.pl\/index.php\/wp-json\/wp\/v2\/pages\/6993"}],"wp:featuredmedia":[{"embeddable":true,"href":"https:\/\/ecn.kielce.pl\/index.php\/wp-json\/wp\/v2\/media\/6672"}],"wp:attachment":[{"href":"https:\/\/ecn.kielce.pl\/index.php\/wp-json\/wp\/v2\/media?parent=7025"}],"curies":[{"name":"wp","href":"https:\/\/api.w.org\/{rel}","templated":true}]}}