{"id":7023,"date":"2020-08-28T15:18:20","date_gmt":"2020-08-28T13:18:20","guid":{"rendered":"http:\/\/ecn.kielce.pl\/?page_id=7023"},"modified":"2020-08-28T15:18:21","modified_gmt":"2020-08-28T13:18:21","slug":"piatki-z-dobra-energia-geologiczne-tajemnice-kadzielni","status":"publish","type":"page","link":"https:\/\/ecn.kielce.pl\/index.php\/pl\/oferta\/ecn-on-line\/piatki-z-dobra-energia\/piatki-z-dobra-energia-geologiczne-tajemnice-kadzielni\/","title":{"rendered":"Pi\u0105tki z dobr\u0105 energi\u0105: Geologiczne tajemnice Kadzielni"},"content":{"rendered":"\n<h4>W dzisiejszym \u201cPi\u0105tku z dobr\u0105 energi\u0105\u201d w podr\u00f3\u017c do geologicznych tajemnic Kadzielni, jednego z wyj\u0105tkowych punkt\u00f3w rekreacyjnych w Kielcach, zabior\u0105 Was Micha\u0142 Poros i Witold Weso\u0142owski z Geoparku Kielce.<\/h4>\n\n\n\n<hr class=\"wp-block-separator\"\/>\n\n\n\n<p>Filmik znajduje si\u0119&nbsp;<a href=\"https:\/\/www.facebook.com\/ECN.KPT\/posts\/3540868172610039\">TUTAJ<\/a>.<\/p>\n\n\n\n<p>Micha\u0142 Poros \u2013 pasjonat geologii od najm\u0142odszych lat. Absolwent Technikum Geologicznego w Kielcach oraz Instytutu Geografii Akademii \u015awi\u0119tokrzyskiej. Od 2008 roku pracownik Geoparku Kielce, a od 2012 roku Kierownik Centrum Geoedukacji w ramach tej instytucji. Przewodnik \u015bwi\u0119tokrzyski PTTK, szkoleniowiec, mi\u0142o\u015bnik geoturystyki i wycieczek g\u00f3rskich w ka\u017cdym wydaniu: od rekreacyjnych po wyprawowe. Swoje geologiczne pasje urzeczywistnia r\u00f3wnie\u017c w ramach \u015awi\u0119tokrzyskiego Towarzystwa Przyjaci\u00f3\u0142 Nauk Geologicznych, w kt\u00f3rym pe\u0142ni funkcj\u0119 wiceprezesa.<\/p>\n\n\n\n<p>Witold Weso\u0142owski \u2013 geograf, absolwent Instytutu Geografii Akademii \u015awi\u0119tokrzyskiej. Pracownik Geoparku Kielce (od 2012), obecnie g\u0142\u00f3wny specjalista ds. geoturystyki i promocji, przewodnik \u015bwi\u0119tokrzyski, Instruktor Ochrony Przyrody PTTK, organizator imprez turystycznych i edukacyjnych. Mi\u0142o\u015bnik, geologii, geografii i krajoznawstwa, szczeg\u00f3lnie regionu \u015bwi\u0119tokrzyskiego.<\/p>\n","protected":false},"excerpt":{"rendered":"<p>W dzisiejszym \u201cPi\u0105tku z dobr\u0105 energi\u0105\u201d w podr\u00f3\u017c do geologicznych tajemnic Kadzielni, jednego z wyj\u0105tkowych punkt\u00f3w rekreacyjnych w Kielcach, zabior\u0105 Was Micha\u0142 Poros i Witold Weso\u0142owski z Geoparku Kielce. Filmik znajduje si\u0119&nbsp;TUTAJ. Micha\u0142 Poros \u2013 pasjonat geologii od najm\u0142odszych lat. Absolwent Technikum Geologicznego w Kielcach oraz Instytutu Geografii Akademii \u015awi\u0119tokrzyskiej. Od 2008 roku pracownik Geoparku [&hellip;]<\/p>\n","protected":false},"author":2,"featured_media":6892,"parent":6993,"menu_order":0,"comment_status":"closed","ping_status":"closed","template":"pt_oferta.php","meta":{"_links_to":"","_links_to_target":""},"_links":{"self":[{"href":"https:\/\/ecn.kielce.pl\/index.php\/wp-json\/wp\/v2\/pages\/7023"}],"collection":[{"href":"https:\/\/ecn.kielce.pl\/index.php\/wp-json\/wp\/v2\/pages"}],"about":[{"href":"https:\/\/ecn.kielce.pl\/index.php\/wp-json\/wp\/v2\/types\/page"}],"author":[{"embeddable":true,"href":"https:\/\/ecn.kielce.pl\/index.php\/wp-json\/wp\/v2\/users\/2"}],"replies":[{"embeddable":true,"href":"https:\/\/ecn.kielce.pl\/index.php\/wp-json\/wp\/v2\/comments?post=7023"}],"version-history":[{"count":1,"href":"https:\/\/ecn.kielce.pl\/index.php\/wp-json\/wp\/v2\/pages\/7023\/revisions"}],"predecessor-version":[{"id":7024,"href":"https:\/\/ecn.kielce.pl\/index.php\/wp-json\/wp\/v2\/pages\/7023\/revisions\/7024"}],"up":[{"embeddable":true,"href":"https:\/\/ecn.kielce.pl\/index.php\/wp-json\/wp\/v2\/pages\/6993"}],"wp:featuredmedia":[{"embeddable":true,"href":"https:\/\/ecn.kielce.pl\/index.php\/wp-json\/wp\/v2\/media\/6892"}],"wp:attachment":[{"href":"https:\/\/ecn.kielce.pl\/index.php\/wp-json\/wp\/v2\/media?parent=7023"}],"curies":[{"name":"wp","href":"https:\/\/api.w.org\/{rel}","templated":true}]}}