{"id":7010,"date":"2020-08-28T15:07:04","date_gmt":"2020-08-28T13:07:04","guid":{"rendered":"http:\/\/ecn.kielce.pl\/?page_id=7010"},"modified":"2020-08-28T15:07:05","modified_gmt":"2020-08-28T13:07:05","slug":"piatki-z-dobra-energia-10-ciekawostek-o-kielcach-o-ktorych-warto-wiedziec","status":"publish","type":"page","link":"https:\/\/ecn.kielce.pl\/index.php\/pl\/oferta\/ecn-on-line\/piatki-z-dobra-energia\/piatki-z-dobra-energia-10-ciekawostek-o-kielcach-o-ktorych-warto-wiedziec\/","title":{"rendered":"Pi\u0105tki z dobr\u0105 energi\u0105: 10 ciekawostek o Kielcach, o kt\u00f3rych warto wiedzie\u0107"},"content":{"rendered":"\n<h4>Dowiedz si\u0119 wi\u0119cej na temat Kielc i poznaj 10 ciekawostek na temat naszego miasta, kt\u00f3re przygotowa\u0142o Muzeum Historii Kielc. <\/h4>\n\n\n\n<hr class=\"wp-block-separator\"\/>\n\n\n\n<div class=\"wp-block-image\"><figure class=\"aligncenter\"><img loading=\"lazy\" width=\"1024\" height=\"694\" src=\"http:\/\/ecn.kielce.pl\/wp-content\/uploads\/2020\/08\/1.-MHKi_H_1647-Legenda-o-pocz\u0105tkach-Kielc-1-1024x694.jpg\" alt=\"\" class=\"wp-image-6926\" srcset=\"https:\/\/ecn.kielce.pl\/wp-content\/uploads\/2020\/08\/1.-MHKi_H_1647-Legenda-o-pocz\u0105tkach-Kielc-1-1024x694.jpg 1024w, https:\/\/ecn.kielce.pl\/wp-content\/uploads\/2020\/08\/1.-MHKi_H_1647-Legenda-o-pocz\u0105tkach-Kielc-1-300x203.jpg 300w, https:\/\/ecn.kielce.pl\/wp-content\/uploads\/2020\/08\/1.-MHKi_H_1647-Legenda-o-pocz\u0105tkach-Kielc-1-768x521.jpg 768w, https:\/\/ecn.kielce.pl\/wp-content\/uploads\/2020\/08\/1.-MHKi_H_1647-Legenda-o-pocz\u0105tkach-Kielc-1.jpg 1734w\" sizes=\"(max-width: 1024px) 100vw, 1024px\" \/><figcaption>Sk\u0105d  wywodzi si\u0119 nazwa naszego miasta Kielce? Wiele jest teorii na ten  temat. W czasie kiedy by\u0142a utworzona w mie\u015bcie nowa kanonia, zwana  \u017cydowsk\u0105, pojawia si\u0119 nazwa Kielce w formie przymiotnikowej  (Kylciensis). Do po\u0142. XIV w. u\u017cywana jest nazwa \u201eKilcia\u201d, a p\u00f3\u017aniej  pojawia si\u0119 forma Kielcia (Kelcia). Nazwa miejscowo\u015bci mo\u017ce by\u0107 zwi\u0105zana  z \u201ekielcami\u201d, czyli k\u0142ami dzika, Celtami zwanymi inaczej Keltami lub  terminem \u201eklec\u201d oznaczaj\u0105cym pierwotn\u0105 lepiank\u0119. <\/figcaption><\/figure><\/div>\n\n\n\n<div class=\"wp-block-image\"><figure class=\"aligncenter\"><img loading=\"lazy\" width=\"1024\" height=\"671\" src=\"http:\/\/ecn.kielce.pl\/wp-content\/uploads\/2020\/08\/2.-MHKi_I_1540.1-Zieli\u0144ski-1-1024x671.jpg\" alt=\"\" class=\"wp-image-6925\" srcset=\"https:\/\/ecn.kielce.pl\/wp-content\/uploads\/2020\/08\/2.-MHKi_I_1540.1-Zieli\u0144ski-1-1024x671.jpg 1024w, https:\/\/ecn.kielce.pl\/wp-content\/uploads\/2020\/08\/2.-MHKi_I_1540.1-Zieli\u0144ski-1-300x197.jpg 300w, https:\/\/ecn.kielce.pl\/wp-content\/uploads\/2020\/08\/2.-MHKi_I_1540.1-Zieli\u0144ski-1-768x503.jpg 768w\" sizes=\"(max-width: 1024px) 100vw, 1024px\" \/><figcaption>Wzg\u00f3rze  Zamkowe na przestrzeni wiek\u00f3w zmienia\u0142o swoje oblicze. W XVIII w.  wybudowano na Wzg\u00f3rzu Zamkowym: p\u00f3\u0142nocne skrzyd\u0142o pa\u0142acu (1745 r.)  dochodz\u0105ce do domu go\u015bcinnego. Powsta\u0142 murowany dom starosty oraz ku\u017ania  obok stajni i wozowni. Wybudowano  uje\u017cd\u017calni\u0119 koni w 1752 r. (stanowi  g\u0142\u00f3wny korpus pa\u0142acu Tomasza Zieli\u0144skiego). <\/figcaption><\/figure><\/div>\n\n\n\n<div class=\"wp-block-image\"><figure class=\"aligncenter\"><img loading=\"lazy\" width=\"1024\" height=\"745\" src=\"http:\/\/ecn.kielce.pl\/wp-content\/uploads\/2020\/08\/3.-MHKi_H_253-Austeria-1-1024x745.jpg\" alt=\"\" class=\"wp-image-6924\" srcset=\"https:\/\/ecn.kielce.pl\/wp-content\/uploads\/2020\/08\/3.-MHKi_H_253-Austeria-1-1024x745.jpg 1024w, https:\/\/ecn.kielce.pl\/wp-content\/uploads\/2020\/08\/3.-MHKi_H_253-Austeria-1-300x218.jpg 300w, https:\/\/ecn.kielce.pl\/wp-content\/uploads\/2020\/08\/3.-MHKi_H_253-Austeria-1-768x559.jpg 768w\" sizes=\"(max-width: 1024px) 100vw, 1024px\" \/><figcaption>Na  Wzg\u00f3rzu Zamkowym powsta\u0142 parterowy dom go\u015bcinny zwany p\u00f3\u017aniej \u201eAusteri\u0105  Pod Krakowiakami\u201d \u2013 pierwszy kielecki hotel. Na prze\u0142omie XVIII\/XIX w.  podlega\u0142 licznym rozbudowom, obecnie  mie\u015bci si\u0119 w nim siedziba  kieleckiej Caritas. <\/figcaption><\/figure><\/div>\n\n\n\n<div class=\"wp-block-image\"><figure class=\"aligncenter\"><img loading=\"lazy\" width=\"639\" height=\"1024\" src=\"http:\/\/ecn.kielce.pl\/wp-content\/uploads\/2020\/08\/4.-MHKi_H_2031_67-dzwonnica-1-639x1024.jpg\" alt=\"\" class=\"wp-image-6923\" srcset=\"https:\/\/ecn.kielce.pl\/wp-content\/uploads\/2020\/08\/4.-MHKi_H_2031_67-dzwonnica-1-639x1024.jpg 639w, https:\/\/ecn.kielce.pl\/wp-content\/uploads\/2020\/08\/4.-MHKi_H_2031_67-dzwonnica-1-187x300.jpg 187w, https:\/\/ecn.kielce.pl\/wp-content\/uploads\/2020\/08\/4.-MHKi_H_2031_67-dzwonnica-1-768x1231.jpg 768w, https:\/\/ecn.kielce.pl\/wp-content\/uploads\/2020\/08\/4.-MHKi_H_2031_67-dzwonnica-1.jpg 1011w\" sizes=\"(max-width: 639px) 100vw, 639px\" \/><figcaption>W   po\u0142owie XVII wieku na miejscu wcze\u015bniejszej drewnianej dzwonnicy  powsta\u0142a  murowana dzwonnica obok kolegiaty. Na balkonie swoje koncerty  mia\u0142a  kolegiacka kapela. W repertuarze by\u0142y fragmenty pie\u015bni  ko\u015bcielnych zwanych hejna\u0142ami. <\/figcaption><\/figure><\/div>\n\n\n\n<div class=\"wp-block-image\"><figure class=\"aligncenter\"><img loading=\"lazy\" width=\"670\" height=\"1024\" src=\"http:\/\/ecn.kielce.pl\/wp-content\/uploads\/2020\/08\/5.-MHKi_H_2031_252-cerkiew-Wniebowst\u0105pienia-1-670x1024.jpg\" alt=\"\" class=\"wp-image-6922\" srcset=\"https:\/\/ecn.kielce.pl\/wp-content\/uploads\/2020\/08\/5.-MHKi_H_2031_252-cerkiew-Wniebowst\u0105pienia-1-670x1024.jpg 670w, https:\/\/ecn.kielce.pl\/wp-content\/uploads\/2020\/08\/5.-MHKi_H_2031_252-cerkiew-Wniebowst\u0105pienia-1-196x300.jpg 196w, https:\/\/ecn.kielce.pl\/wp-content\/uploads\/2020\/08\/5.-MHKi_H_2031_252-cerkiew-Wniebowst\u0105pienia-1-768x1174.jpg 768w, https:\/\/ecn.kielce.pl\/wp-content\/uploads\/2020\/08\/5.-MHKi_H_2031_252-cerkiew-Wniebowst\u0105pienia-1.jpg 1119w\" sizes=\"(max-width: 670px) 100vw, 670px\" \/><figcaption>Ciekawym  miejscem jest  skwer Stefana \u017beromskiego. To tu, w latach 1867-1870  wzniesiono cerkiew pod wezwaniem Wniebowst\u0105pienia. Przeznaczona by\u0142a dla  stacjonuj\u0105cych w Kielcach wojsk carskich pe\u0142ni\u0105cych s\u0142u\u017cb\u0119 w garnizonie  i rosyjskich urz\u0119dnik\u00f3w. Budynek m\u00f3g\u0142 pomie\u015bci\u0107 500 wiernych. W czasie I  wojny \u015bwiatowej budowla by\u0142a podniszczona, przez lata popada\u0142a w ruin\u0119,  wyburzono j\u0105 w 1933 roku. Do dzi\u015b pozosta\u0142a jedynie murowana pop\u00f3wka  przy ulicy Weso\u0142ej. <\/figcaption><\/figure><\/div>\n\n\n\n<div class=\"wp-block-image\"><figure class=\"aligncenter\"><img loading=\"lazy\" width=\"644\" height=\"1024\" src=\"http:\/\/ecn.kielce.pl\/wp-content\/uploads\/2020\/08\/6.-MHKi_H_2031_219-cerkiew-garnizonowa-1-644x1024.jpg\" alt=\"\" class=\"wp-image-6921\" srcset=\"https:\/\/ecn.kielce.pl\/wp-content\/uploads\/2020\/08\/6.-MHKi_H_2031_219-cerkiew-garnizonowa-1-644x1024.jpg 644w, https:\/\/ecn.kielce.pl\/wp-content\/uploads\/2020\/08\/6.-MHKi_H_2031_219-cerkiew-garnizonowa-1-189x300.jpg 189w, https:\/\/ecn.kielce.pl\/wp-content\/uploads\/2020\/08\/6.-MHKi_H_2031_219-cerkiew-garnizonowa-1-768x1222.jpg 768w, https:\/\/ecn.kielce.pl\/wp-content\/uploads\/2020\/08\/6.-MHKi_H_2031_219-cerkiew-garnizonowa-1.jpg 1036w\" sizes=\"(max-width: 644px) 100vw, 644px\" \/><figcaption>U  zbiegu dzisiejszych ulic Ch\u0119ci\u0144skiej i Karcz\u00f3wkowskiej po\u0142o\u017cono kamie\u0144  w\u0119gielny w 1901 roku pod nowy budynek &#8211; cerkiew. Jej architektur\u0119  wzorowano na s\u0142awnym petersburskim soborze. Wzniesiona na planie krzy\u017ca  greckiego (r\u00f3wnoramiennego) budowla, nakryta jest okaza\u0142\u0105, centraln\u0105  kopu\u0142\u0105. Cerkiew mia\u0142a centralne ogrzewanie i mie\u015bci\u0142a dziewi\u0119\u0107set os\u00f3b.  Koszt budowy cerkwi wyni\u00f3s\u0142 65 tys. rubli. W 1926 roku przeznaczono j\u0105  na ko\u015bci\u00f3\u0142 garnizonowy. Cerkiew poddano remontowi, zachowuj\u0105c jej  pierwotny zewn\u0119trzny wygl\u0105d.<\/figcaption><\/figure><\/div>\n\n\n\n<div class=\"wp-block-image\"><figure class=\"aligncenter\"><img loading=\"lazy\" width=\"1024\" height=\"638\" src=\"http:\/\/ecn.kielce.pl\/wp-content\/uploads\/2020\/08\/7.-MHKi_H_2031_271-jatki-1-1024x638.jpg\" alt=\"\" class=\"wp-image-6920\" srcset=\"https:\/\/ecn.kielce.pl\/wp-content\/uploads\/2020\/08\/7.-MHKi_H_2031_271-jatki-1-1024x638.jpg 1024w, https:\/\/ecn.kielce.pl\/wp-content\/uploads\/2020\/08\/7.-MHKi_H_2031_271-jatki-1-300x187.jpg 300w, https:\/\/ecn.kielce.pl\/wp-content\/uploads\/2020\/08\/7.-MHKi_H_2031_271-jatki-1-768x478.jpg 768w, https:\/\/ecn.kielce.pl\/wp-content\/uploads\/2020\/08\/7.-MHKi_H_2031_271-jatki-1.jpg 1648w\" sizes=\"(max-width: 1024px) 100vw, 1024px\" \/><figcaption>Pierwsza  galeria handlowa w Kielcach wzniesiona by\u0142a w nowej dzielnicy  XIX-wiecznych Kielc (dzisiaj Muzeum Zabawek i Zabawy przy placu  Wolno\u015bci). Projekt Franciszka Ksawerego Kowalskiego zak\u0142ada\u0142  szachownicowy uk\u0142ad ulic z centralnym placem, nazwanym w\u00f3wczas Placem  Bazarowym. Budynek wybudowa\u0142 przedsi\u0119biorca z Ch\u0119cin Chaskiel Landau.  Znajdowa\u0142y si\u0119 tam hale targowe, jatki. <\/figcaption><\/figure><\/div>\n\n\n\n<div class=\"wp-block-image\"><figure class=\"aligncenter\"><img loading=\"lazy\" width=\"422\" height=\"665\" src=\"http:\/\/ecn.kielce.pl\/wp-content\/uploads\/2020\/08\/9.-fot.-sklep-Janiny-Ol\u0119dzkiej-1.jpg\" alt=\"\" class=\"wp-image-6919\" srcset=\"https:\/\/ecn.kielce.pl\/wp-content\/uploads\/2020\/08\/9.-fot.-sklep-Janiny-Ol\u0119dzkiej-1.jpg 422w, https:\/\/ecn.kielce.pl\/wp-content\/uploads\/2020\/08\/9.-fot.-sklep-Janiny-Ol\u0119dzkiej-1-190x300.jpg 190w\" sizes=\"(max-width: 422px) 100vw, 422px\" \/><figcaption>Szko\u0142a  Akademiczno-G\u00f3rnicza powsta\u0142a w Kielcach w 1816 r. Przeznaczono dla  niej p\u00f3\u0142nocne skrzyd\u0142o pa\u0142acu biskup\u00f3w krakowskich w Kielcach, a na  pi\u0119trze korpusu g\u0142\u00f3wnego umieszczono bibliotek\u0119 i gabinet historii  naturalnej. W p\u00f3\u0142nocnym skrzydle pa\u0142acu umieszczono sale wyk\u0142adowe,  laboratorium, pokoje dla student\u00f3w i nauczycieli. <\/figcaption><\/figure><\/div>\n\n\n\n<div class=\"wp-block-image\"><figure class=\"aligncenter\"><img loading=\"lazy\" width=\"1024\" height=\"749\" src=\"http:\/\/ecn.kielce.pl\/wp-content\/uploads\/2020\/08\/8-.-MHKi_I_1471.1-Pa\u0142ac-p\u00f3\u0142nocne-skrzyd\u0142o-1-1024x749.jpg\" alt=\"\" class=\"wp-image-6918\" srcset=\"https:\/\/ecn.kielce.pl\/wp-content\/uploads\/2020\/08\/8-.-MHKi_I_1471.1-Pa\u0142ac-p\u00f3\u0142nocne-skrzyd\u0142o-1-1024x749.jpg 1024w, https:\/\/ecn.kielce.pl\/wp-content\/uploads\/2020\/08\/8-.-MHKi_I_1471.1-Pa\u0142ac-p\u00f3\u0142nocne-skrzyd\u0142o-1-300x219.jpg 300w, https:\/\/ecn.kielce.pl\/wp-content\/uploads\/2020\/08\/8-.-MHKi_I_1471.1-Pa\u0142ac-p\u00f3\u0142nocne-skrzyd\u0142o-1-768x562.jpg 768w\" sizes=\"(max-width: 1024px) 100vw, 1024px\" \/><figcaption>Sklep  ze s\u0142odyczami Janiny Ol\u0119dzkiej mie\u015bci\u0142 si\u0119 od 1912 r. w suterenie  budynku Hotelu Polskiego (Teatr im. Stefana \u017beromskiego) . W 1939 r.  sklep przeniesiono na ul. Sienkiewicza 28. Mo\u017cna by\u0142o zdoby\u0107 wyroby  czekoladowe Wedla, Fuscha sprowadzane  z Warszawy. <\/figcaption><\/figure><\/div>\n\n\n\n<div class=\"wp-block-image\"><figure class=\"aligncenter\"><img loading=\"lazy\" width=\"692\" height=\"1024\" src=\"http:\/\/ecn.kielce.pl\/wp-content\/uploads\/2020\/08\/10.-Maria-Krzy\u017canowska-MHKi_H_1666-1-692x1024.jpg\" alt=\"\" class=\"wp-image-6917\" srcset=\"https:\/\/ecn.kielce.pl\/wp-content\/uploads\/2020\/08\/10.-Maria-Krzy\u017canowska-MHKi_H_1666-1-692x1024.jpg 692w, https:\/\/ecn.kielce.pl\/wp-content\/uploads\/2020\/08\/10.-Maria-Krzy\u017canowska-MHKi_H_1666-1-203x300.jpg 203w, https:\/\/ecn.kielce.pl\/wp-content\/uploads\/2020\/08\/10.-Maria-Krzy\u017canowska-MHKi_H_1666-1-768x1137.jpg 768w\" sizes=\"(max-width: 692px) 100vw, 692px\" \/><figcaption>Maria Krzy\u017canowska nauczycielka, dzia\u0142aczka o\u015bwiatowa w 1903 roku otrzyma\u0142a \u015bwiadectwo nauczycielki domowej w zakresie geografii, wydane przez Warszawski Okr\u0119g Naukowy i natychmiast otworzy\u0142a w Kielcach trzyklasow\u0105 szko\u0142\u0119 \u017ce\u0144sk\u0105 (szko\u0142a mie\u015bci\u0142a si\u0119 w kamienicy przy kieleckim rynku, pierwsze pi\u0119tro nad dzisiejszymi Delikatesami \u201eSpo\u0142em\u201d). Uczy\u0142a w swojej szkole geografii, j\u0119zyka polskiego, kaligrafii i rob\u00f3t r\u0119cznych. Te dwa ostatnie przedmioty by\u0142y parawanem dla nauczania historii i geografii Polski, tak\u017ce nauk\u0119 innych przedmiot\u00f3w prowadzano w zakazanym j\u0119zyku polskim. Powodowa\u0142o to cz\u0119ste rewizje  i dochodzenia carskiej administracji szkolnej. W okresie pierwszej wojny \u015bwiatowej Krzy\u017canowska sympatyzowa\u0142a z ruchem niepodleg\u0142o\u015bciowym. Jeszcze za czas\u00f3w carskich Krzy\u017canowska rozwija\u0142a teatr szkolny, urz\u0105dzi\u0142a te\u017c pierwsza w Kielcach szkoln\u0105 sale gimnastyczn\u0105.<\/figcaption><\/figure><\/div>\n","protected":false},"excerpt":{"rendered":"<p>Dowiedz si\u0119 wi\u0119cej na temat Kielc i poznaj 10 ciekawostek na temat naszego miasta, kt\u00f3re przygotowa\u0142o Muzeum Historii Kielc.<\/p>\n","protected":false},"author":2,"featured_media":6900,"parent":6993,"menu_order":0,"comment_status":"closed","ping_status":"closed","template":"pt_oferta.php","meta":{"_links_to":"","_links_to_target":""},"_links":{"self":[{"href":"https:\/\/ecn.kielce.pl\/index.php\/wp-json\/wp\/v2\/pages\/7010"}],"collection":[{"href":"https:\/\/ecn.kielce.pl\/index.php\/wp-json\/wp\/v2\/pages"}],"about":[{"href":"https:\/\/ecn.kielce.pl\/index.php\/wp-json\/wp\/v2\/types\/page"}],"author":[{"embeddable":true,"href":"https:\/\/ecn.kielce.pl\/index.php\/wp-json\/wp\/v2\/users\/2"}],"replies":[{"embeddable":true,"href":"https:\/\/ecn.kielce.pl\/index.php\/wp-json\/wp\/v2\/comments?post=7010"}],"version-history":[{"count":1,"href":"https:\/\/ecn.kielce.pl\/index.php\/wp-json\/wp\/v2\/pages\/7010\/revisions"}],"predecessor-version":[{"id":7019,"href":"https:\/\/ecn.kielce.pl\/index.php\/wp-json\/wp\/v2\/pages\/7010\/revisions\/7019"}],"up":[{"embeddable":true,"href":"https:\/\/ecn.kielce.pl\/index.php\/wp-json\/wp\/v2\/pages\/6993"}],"wp:featuredmedia":[{"embeddable":true,"href":"https:\/\/ecn.kielce.pl\/index.php\/wp-json\/wp\/v2\/media\/6900"}],"wp:attachment":[{"href":"https:\/\/ecn.kielce.pl\/index.php\/wp-json\/wp\/v2\/media?parent=7010"}],"curies":[{"name":"wp","href":"https:\/\/api.w.org\/{rel}","templated":true}]}}