{"id":7004,"date":"2020-08-28T14:35:52","date_gmt":"2020-08-28T12:35:52","guid":{"rendered":"http:\/\/ecn.kielce.pl\/?page_id=7004"},"modified":"2020-08-28T15:44:44","modified_gmt":"2020-08-28T13:44:44","slug":"piatki-z-dobra-energia-jak-pielegnowac-cere-domowymi-sposobami","status":"publish","type":"page","link":"https:\/\/ecn.kielce.pl\/index.php\/pl\/oferta\/ecn-on-line\/piatki-z-dobra-energia\/piatki-z-dobra-energia-jak-pielegnowac-cere-domowymi-sposobami\/","title":{"rendered":"Pi\u0105tki z dobr\u0105 energi\u0105: Jak piel\u0119gnowa\u0107 cer\u0119 domowymi sposobami?"},"content":{"rendered":"\n<h4><strong>Po zimie, kiedy przebywamy w ogrzewanych, zamkni\u0119tych pomieszczeniach nasza sk\u00f3ra staje si\u0119 nadmiernie sucha. W jaki spos\u00f3b zadba\u0107 o to, aby przywr\u00f3ci\u0107 jej r\u00f3wnowag\u0119 na wiosn\u0119?<\/strong><\/h4>\n\n\n\n<hr class=\"wp-block-separator\"\/>\n\n\n\n<p>Z pomoc\u0105 przychodzi banan oraz awokado. Zobacz jak wykona\u0107 maseczk\u0119 w domowych warunkach i poprawi\u0107 wygl\u0105d cery. W kolejnym spotkaniu online z cyklu \u201ePi\u0105tki z dobr\u0105 energi\u0105\u201d porady udziela Anna W\u0142adyszewska, dyplomowana kosmetyczka, studentka kosmetologii Collegium Medicum UJK, w\u0142a\u015bcicielka Gabinetu Kosmetycznego Anna W\u0142adyszewska.<\/p>\n\n\n\n<blockquote class=\"wp-block-quote\"><p>Banan to cenne \u017ar\u00f3d\u0142o&nbsp;witamin i minera\u0142\u00f3w. Zawarte w nim witamina A i E&nbsp; to witaminy m\u0142odo\u015bci tak wa\u017cne w piel\u0119gnacji sk\u00f3ry&nbsp;szczeg\u00f3lnie teraz po zimie, gdy tego potrzebuje najbardziej. Banan pozytywnie wp\u0142ywa&nbsp;na nasz\u0105 cer\u0119 rozja\u015bnia przebarwienia, nawil\u017ca i od\u017cywia, a jego s\u0142odki zapach przywo\u0142uje mi\u0142e doznania.<\/p><\/blockquote>\n\n\n\n<blockquote class=\"wp-block-quote\"><p>Po\u0142ow\u0119 banana rozetrzyj na papk\u0119 \u2013 wa\u017cne aby by\u0142 dojrza\u0142y&nbsp;i roz\u0142\u00f3\u017c na czyst\u0105 sk\u00f3r\u0119 na co najmniej&nbsp;10 min. Drug\u0105 wersj\u0105 bardziej ekonomiczn\u0105 jest wykorzystanie samej sk\u00f3rki z banana. Zjedz banana, a wewn\u0119trzn\u0105&nbsp;cz\u0119\u015bci\u0105&nbsp;sk\u00f3rki wcieraj mi\u0105\u017csz w sk\u00f3r\u0119 twarzy&nbsp;przez co najmniej 10 min., nast\u0119pnie sp\u0142ucz wod\u0105 i w zale\u017cno\u015bci od pory roku u\u017cyj w\u0142a\u015bciwy krem. Za pomoc\u0105 sk\u00f3rki z banana mo\u017cesz pozby\u0107 si\u0119 pryszczy&nbsp;<\/p><\/blockquote>\n\n\n\n<blockquote class=\"wp-block-quote\"><p>Awokado to r\u00f3wnie\u017c bogate \u017ar\u00f3d\u0142o witamin A, C i E oraz kwas\u00f3w t\u0142uszczowych, kt\u00f3re wspomagaj\u0105 odbudow\u0119 naturalnej warstwy lipidowej nask\u00f3rka, co wp\u0142ywa korzystnie na g\u0142\u0119bsze nawil\u017cenie suchej sk\u00f3ry. Awokado zatem mo\u017ce bardzo skutecznie poprawi\u0107 elastyczno\u015b\u0107 sk\u00f3ry. Warto doda\u0107, \u017ce z mi\u0105\u017cszu awokado otrzymuje si\u0119 olej wysoko ceniony w kosmetyce. &nbsp;<\/p><\/blockquote>\n\n\n\n<blockquote class=\"wp-block-quote\"><p>Po\u0142ow\u0119 awokado rozetrzyj na g\u0142adk\u0105 mas\u0119 i roz\u0142\u00f3\u017c na czyst\u0105 sk\u00f3r\u0119 na ok. 15 min. Mikstur\u0119 polecam dla sk\u00f3ry suchej, a nawet pop\u0119kanej, nie tylko twarzy, ale te\u017c d\u0142oni i st\u00f3p. Wa\u017cn\u0105 rol\u0119 w piel\u0119gnacji odgrywa zapach, a w przypadku awokado jest to typowy orzechowo-ma\u015blano-migda\u0142owy aromat.<\/p><\/blockquote>\n","protected":false},"excerpt":{"rendered":"<p>Po zimie, kiedy przebywamy w ogrzewanych, zamkni\u0119tych pomieszczeniach nasza sk\u00f3ra staje si\u0119 nadmiernie sucha. W jaki spos\u00f3b zadba\u0107 o to, aby przywr\u00f3ci\u0107 jej r\u00f3wnowag\u0119 na wiosn\u0119? Z pomoc\u0105 przychodzi banan oraz awokado. Zobacz jak wykona\u0107 maseczk\u0119 w domowych warunkach i poprawi\u0107 wygl\u0105d cery. W kolejnym spotkaniu online z cyklu \u201ePi\u0105tki z dobr\u0105 energi\u0105\u201d porady udziela [&hellip;]<\/p>\n","protected":false},"author":2,"featured_media":6209,"parent":6993,"menu_order":15,"comment_status":"closed","ping_status":"closed","template":"pt_oferta.php","meta":{"_links_to":"","_links_to_target":""},"_links":{"self":[{"href":"https:\/\/ecn.kielce.pl\/index.php\/wp-json\/wp\/v2\/pages\/7004"}],"collection":[{"href":"https:\/\/ecn.kielce.pl\/index.php\/wp-json\/wp\/v2\/pages"}],"about":[{"href":"https:\/\/ecn.kielce.pl\/index.php\/wp-json\/wp\/v2\/types\/page"}],"author":[{"embeddable":true,"href":"https:\/\/ecn.kielce.pl\/index.php\/wp-json\/wp\/v2\/users\/2"}],"replies":[{"embeddable":true,"href":"https:\/\/ecn.kielce.pl\/index.php\/wp-json\/wp\/v2\/comments?post=7004"}],"version-history":[{"count":1,"href":"https:\/\/ecn.kielce.pl\/index.php\/wp-json\/wp\/v2\/pages\/7004\/revisions"}],"predecessor-version":[{"id":7005,"href":"https:\/\/ecn.kielce.pl\/index.php\/wp-json\/wp\/v2\/pages\/7004\/revisions\/7005"}],"up":[{"embeddable":true,"href":"https:\/\/ecn.kielce.pl\/index.php\/wp-json\/wp\/v2\/pages\/6993"}],"wp:featuredmedia":[{"embeddable":true,"href":"https:\/\/ecn.kielce.pl\/index.php\/wp-json\/wp\/v2\/media\/6209"}],"wp:attachment":[{"href":"https:\/\/ecn.kielce.pl\/index.php\/wp-json\/wp\/v2\/media?parent=7004"}],"curies":[{"name":"wp","href":"https:\/\/api.w.org\/{rel}","templated":true}]}}