{"id":7000,"date":"2020-08-28T14:33:43","date_gmt":"2020-08-28T12:33:43","guid":{"rendered":"http:\/\/ecn.kielce.pl\/?page_id=7000"},"modified":"2020-08-28T15:44:15","modified_gmt":"2020-08-28T13:44:15","slug":"piatki-z-dobra-energia-foxy-eyes-upiekszajacy-makijaz-oka","status":"publish","type":"page","link":"https:\/\/ecn.kielce.pl\/index.php\/pl\/oferta\/ecn-on-line\/piatki-z-dobra-energia\/piatki-z-dobra-energia-foxy-eyes-upiekszajacy-makijaz-oka\/","title":{"rendered":"Pi\u0105tki z dobr\u0105 energi\u0105: \u201cFoxy Eyes\u201d upi\u0119kszaj\u0105cy makija\u017c oka"},"content":{"rendered":"\n<h4><strong>W kolejnej ods\u0142onie pi\u0105tkowych spotka\u0144 online si\u0119gamy po porady makija\u017cowe.<\/strong><\/h4>\n\n\n\n<hr class=\"wp-block-separator\"\/>\n\n\n\n<p>Tym razem panie zdob\u0119d\u0105 kilka wskaz\u00f3wek na upi\u0119kszenie oka, zaznaczenie jego kszta\u0142tu i uwydatnienie walor\u00f3w. Filmowy instrukta\u017c prowadzi Kamila Michalczyk \u2013 wiza\u017cystka z do\u015bwiadczeniem, pracuj\u0105ce przy sesjach zdj\u0119ciowych, szkoli oraz tworzy makija\u017ce i charakteryzacje dla klient\u00f3w indywidualnych.<\/p>\n\n\n\n<p>Filmik znajduje si\u0119 poni\u017cej:<\/p>\n\n\n\n<figure class=\"wp-block-embed-facebook wp-block-embed is-type-rich is-provider-facebook\"><div class=\"wp-block-embed__wrapper\">\nhttps:\/\/www.facebook.com\/ECN.KPT\/posts\/3273440786019447\n<\/div><\/figure>\n","protected":false},"excerpt":{"rendered":"<p>W kolejnej ods\u0142onie pi\u0105tkowych spotka\u0144 online si\u0119gamy po porady makija\u017cowe. Tym razem panie zdob\u0119d\u0105 kilka wskaz\u00f3wek na upi\u0119kszenie oka, zaznaczenie jego kszta\u0142tu i uwydatnienie walor\u00f3w. Filmowy instrukta\u017c prowadzi Kamila Michalczyk \u2013 wiza\u017cystka z do\u015bwiadczeniem, pracuj\u0105ce przy sesjach zdj\u0119ciowych, szkoli oraz tworzy makija\u017ce i charakteryzacje dla klient\u00f3w indywidualnych. Filmik znajduje si\u0119 poni\u017cej:<\/p>\n","protected":false},"author":2,"featured_media":6159,"parent":6993,"menu_order":17,"comment_status":"closed","ping_status":"closed","template":"pt_oferta.php","meta":{"_links_to":"","_links_to_target":""},"_links":{"self":[{"href":"https:\/\/ecn.kielce.pl\/index.php\/wp-json\/wp\/v2\/pages\/7000"}],"collection":[{"href":"https:\/\/ecn.kielce.pl\/index.php\/wp-json\/wp\/v2\/pages"}],"about":[{"href":"https:\/\/ecn.kielce.pl\/index.php\/wp-json\/wp\/v2\/types\/page"}],"author":[{"embeddable":true,"href":"https:\/\/ecn.kielce.pl\/index.php\/wp-json\/wp\/v2\/users\/2"}],"replies":[{"embeddable":true,"href":"https:\/\/ecn.kielce.pl\/index.php\/wp-json\/wp\/v2\/comments?post=7000"}],"version-history":[{"count":1,"href":"https:\/\/ecn.kielce.pl\/index.php\/wp-json\/wp\/v2\/pages\/7000\/revisions"}],"predecessor-version":[{"id":7001,"href":"https:\/\/ecn.kielce.pl\/index.php\/wp-json\/wp\/v2\/pages\/7000\/revisions\/7001"}],"up":[{"embeddable":true,"href":"https:\/\/ecn.kielce.pl\/index.php\/wp-json\/wp\/v2\/pages\/6993"}],"wp:featuredmedia":[{"embeddable":true,"href":"https:\/\/ecn.kielce.pl\/index.php\/wp-json\/wp\/v2\/media\/6159"}],"wp:attachment":[{"href":"https:\/\/ecn.kielce.pl\/index.php\/wp-json\/wp\/v2\/media?parent=7000"}],"curies":[{"name":"wp","href":"https:\/\/api.w.org\/{rel}","templated":true}]}}