{"id":6993,"date":"2020-08-28T14:26:35","date_gmt":"2020-08-28T12:26:35","guid":{"rendered":"http:\/\/ecn.kielce.pl\/?page_id=6993"},"modified":"2020-11-26T09:00:20","modified_gmt":"2020-11-26T08:00:20","slug":"piatki-z-dobra-energia","status":"publish","type":"page","link":"https:\/\/ecn.kielce.pl\/index.php\/pl\/oferta\/ecn-on-line\/piatki-z-dobra-energia\/","title":{"rendered":"Pi\u0105tki z dobr\u0105 energi\u0105"},"content":{"rendered":"\n<p><strong>To cykl spotka\u0144 on-line ze specjalistami, znawcami kultury, podr\u00f3\u017cnikami, kt\u00f3re w okresie wakacyjnym oraz kwarantanny by\u0142y publikowane na naszej stronie oraz profilu Facebook.   <\/strong><\/p>\n\n\n\n<p>Publikowali\u015bmy ciekawostki, wskaz\u00f3wki, podpowiedzi dotycz\u0105ce m.in. kosmetologii, mody, wiza\u017cu, fizjoterapii, podr\u00f3\u017cy, czy te\u017c kultury. Wszystkie materia\u0142y przygotowane by\u0142y przez zaproszonych do wsp\u00f3\u0142pracy specjalist\u00f3w fizjoterapeut\u00f3w, kosmetolog\u00f3w, znawc\u00f3w kultury i podr\u00f3\u017cnik\u00f3w.  <\/p>\n\n\n\n<p>Zapraszamy do zapoznania si\u0119 tematyk\u0105 &#8220;Pi\u0105tk\u00f3w z dobr\u0105 energi\u0105&#8221;.<\/p>\n","protected":false},"excerpt":{"rendered":"<p>To cykl spotka\u0144 on-line ze specjalistami, znawcami kultury, podr\u00f3\u017cnikami, kt\u00f3re w okresie wakacyjnym oraz kwarantanny by\u0142y publikowane na naszej stronie oraz profilu Facebook. Publikowali\u015bmy ciekawostki, wskaz\u00f3wki, podpowiedzi dotycz\u0105ce m.in. kosmetologii, mody, wiza\u017cu, fizjoterapii, podr\u00f3\u017cy, czy te\u017c kultury. Wszystkie materia\u0142y przygotowane by\u0142y przez zaproszonych do wsp\u00f3\u0142pracy specjalist\u00f3w fizjoterapeut\u00f3w, kosmetolog\u00f3w, znawc\u00f3w kultury i podr\u00f3\u017cnik\u00f3w. Zapraszamy do zapoznania [&hellip;]<\/p>\n","protected":false},"author":2,"featured_media":6567,"parent":6655,"menu_order":6,"comment_status":"closed","ping_status":"closed","template":"pt_oferta_kafelki.php","meta":{"_links_to":"","_links_to_target":""},"_links":{"self":[{"href":"https:\/\/ecn.kielce.pl\/index.php\/wp-json\/wp\/v2\/pages\/6993"}],"collection":[{"href":"https:\/\/ecn.kielce.pl\/index.php\/wp-json\/wp\/v2\/pages"}],"about":[{"href":"https:\/\/ecn.kielce.pl\/index.php\/wp-json\/wp\/v2\/types\/page"}],"author":[{"embeddable":true,"href":"https:\/\/ecn.kielce.pl\/index.php\/wp-json\/wp\/v2\/users\/2"}],"replies":[{"embeddable":true,"href":"https:\/\/ecn.kielce.pl\/index.php\/wp-json\/wp\/v2\/comments?post=6993"}],"version-history":[{"count":2,"href":"https:\/\/ecn.kielce.pl\/index.php\/wp-json\/wp\/v2\/pages\/6993\/revisions"}],"predecessor-version":[{"id":7270,"href":"https:\/\/ecn.kielce.pl\/index.php\/wp-json\/wp\/v2\/pages\/6993\/revisions\/7270"}],"up":[{"embeddable":true,"href":"https:\/\/ecn.kielce.pl\/index.php\/wp-json\/wp\/v2\/pages\/6655"}],"wp:featuredmedia":[{"embeddable":true,"href":"https:\/\/ecn.kielce.pl\/index.php\/wp-json\/wp\/v2\/media\/6567"}],"wp:attachment":[{"href":"https:\/\/ecn.kielce.pl\/index.php\/wp-json\/wp\/v2\/media?parent=6993"}],"curies":[{"name":"wp","href":"https:\/\/api.w.org\/{rel}","templated":true}]}}