{"id":683,"date":"2016-03-07T19:39:02","date_gmt":"2016-03-07T18:39:02","guid":{"rendered":"http:\/\/ecn.kielce.pl\/?page_id=683"},"modified":"2025-03-19T08:15:47","modified_gmt":"2025-03-19T07:15:47","slug":"zwiedzanie-wystawy","status":"publish","type":"page","link":"https:\/\/ecn.kielce.pl\/index.php\/pl\/oferta\/grupy\/zwiedzanie-wystawy\/","title":{"rendered":"Zwiedzanie wystawy"},"content":{"rendered":"<p style=\"text-align: justify;\"><strong>Czas zwiedzania wystawy \u201eEnergia\u201d Energetycznego Centrum Nauki wynosi 45 lub 90 minut. Jednorazowo do sali ekspozycyjnej zapraszamy 60 os\u00f3b. Zapraszamy w dost\u0119pnych w danym dniu turach zwiedzania.<\/strong><\/p>\n<hr \/>\n<p>Od wtorku do pi\u0105tku:\u00a0 godz. 8.30, 10.30, 12.30, 14.30 (90 minut)<\/p>\n<p>W soboty i niedziele o godz.: 10.00, 11.00, 12.00, 13.00, 14.00, 15.00, 16.00 (45 minut).<\/p>\n<p>Bilet na Wystaw\u0119 obejmuje: korzystanie z urz\u0105dze\u0144 ekspozycji ECN, wizyt\u0119 w Kinie. Ka\u017cdy Zwiedzaj\u0105cy dowolnie dysponuje czasem przeznaczonym na zwiedzanie.<\/p>\n<hr \/>\n<p style=\"text-align: justify;\">Tury zwiedzania od wtorku do pi\u0105tku o godz. 10.30 oraz 12.30 stanowi\u0105 ofert\u0119: wystawa + warsztaty.<\/p>\n<p style=\"text-align: justify;\">Istnieje mo\u017cliwo\u015b\u0107 zam\u00f3wienia samego zwiedzania wystawy (w godzinach oferowanych jako \u201eWystawa + warsztaty\u201d), pod warunkiem dost\u0119pno\u015bci wybranego terminu. W celu rezerwacji samego zwiedzania wystawy prosimy o kontakt pod nr telefonu: +48 41\u00a0278 72 50.<\/p>\n<p>Ceny bilet\u00f3w <a href=\"https:\/\/ecn.kielce.pl\/index.php\/pl\/zaplanuj-wizyte\/ceny-biletow\/\">TUTAJ<\/a>.<\/p>\n","protected":false},"excerpt":{"rendered":"<p>Czas zwiedzania wystawy \u201eEnergia\u201d Energetycznego Centrum Nauki wynosi 45 lub 90 minut. Jednorazowo do sali ekspozycyjnej zapraszamy 60 os\u00f3b. Zapraszamy w dost\u0119pnych w danym dniu turach zwiedzania. Od wtorku do pi\u0105tku:\u00a0 godz. 8.30, 10.30, 12.30, 14.30 (90 minut) W soboty i niedziele o godz.: 10.00, 11.00, 12.00, 13.00, 14.00, 15.00, 16.00 (45 minut). Bilet na [&hellip;]<\/p>\n","protected":false},"author":2,"featured_media":11487,"parent":58,"menu_order":0,"comment_status":"closed","ping_status":"closed","template":"pt_oferta.php","meta":{"_links_to":"","_links_to_target":""},"_links":{"self":[{"href":"https:\/\/ecn.kielce.pl\/index.php\/wp-json\/wp\/v2\/pages\/683"}],"collection":[{"href":"https:\/\/ecn.kielce.pl\/index.php\/wp-json\/wp\/v2\/pages"}],"about":[{"href":"https:\/\/ecn.kielce.pl\/index.php\/wp-json\/wp\/v2\/types\/page"}],"author":[{"embeddable":true,"href":"https:\/\/ecn.kielce.pl\/index.php\/wp-json\/wp\/v2\/users\/2"}],"replies":[{"embeddable":true,"href":"https:\/\/ecn.kielce.pl\/index.php\/wp-json\/wp\/v2\/comments?post=683"}],"version-history":[{"count":20,"href":"https:\/\/ecn.kielce.pl\/index.php\/wp-json\/wp\/v2\/pages\/683\/revisions"}],"predecessor-version":[{"id":11707,"href":"https:\/\/ecn.kielce.pl\/index.php\/wp-json\/wp\/v2\/pages\/683\/revisions\/11707"}],"up":[{"embeddable":true,"href":"https:\/\/ecn.kielce.pl\/index.php\/wp-json\/wp\/v2\/pages\/58"}],"wp:featuredmedia":[{"embeddable":true,"href":"https:\/\/ecn.kielce.pl\/index.php\/wp-json\/wp\/v2\/media\/11487"}],"wp:attachment":[{"href":"https:\/\/ecn.kielce.pl\/index.php\/wp-json\/wp\/v2\/media?parent=683"}],"curies":[{"name":"wp","href":"https:\/\/api.w.org\/{rel}","templated":true}]}}