{"id":680,"date":"2016-03-07T19:23:08","date_gmt":"2016-03-07T18:23:08","guid":{"rendered":"http:\/\/ecn.kielce.pl\/?page_id=680"},"modified":"2026-03-09T09:28:18","modified_gmt":"2026-03-09T08:28:18","slug":"naukowe-urodziny","status":"publish","type":"page","link":"https:\/\/ecn.kielce.pl\/index.php\/pl\/oferta\/osoby-indywidualne\/naukowe-urodziny\/","title":{"rendered":"Naukowe urodziny"},"content":{"rendered":"<p><strong>Programowanie, tworzenie perfum a mo\u017ce eksperymentowanie z dobrze znanymi substancjami chemicznymi? Takie mog\u0105 by\u0107 urodziny m\u0142odego naukowca w Energetycznym Centrum Nauki!<\/strong><\/p>\n<p><!--more--><\/p>\n<hr \/>\n<p>Je\u015bli chcesz, aby Twoje dziecko prze\u017cy\u0142o niezapomniane urodziny i zabra\u0142o ze sob\u0105 wyj\u0105tkowe wspomnienia, a go\u015bcie byli zadowoleni nasza oferta jest dla Was!<\/p>\n<p>Oferujemy organizacj\u0119 przyj\u0119cia urodzinowego w wyj\u0105tkowej przestrzeni Energetycznego Centrum Nauki. Gwarantujemy:<\/p>\n<p>\u2013 wystrza\u0142owe eksperymenty w laboratorium \u201cGenerator mocy\u201d<\/p>\n<p>\u2013 popularnonaukowe warsztaty wed\u0142ug scenariuszy do wyboru<\/p>\n<p>\u2013 zwiedzanie wystawy Energia<\/p>\n<p>\u2013 kolorowe zaproszenia<\/p>\n<p>\u2013 certyfikaty m\u0142odego naukowca<\/p>\n<hr class=\"wp-block-separator\" \/>\n<p><strong>TEMATY DO WYBORU:<\/strong><\/p>\n<p><strong>EKSPERYMENTOLOGIA<\/strong><br \/>\nNasze kuchnie kryj\u0105 wiele produkt\u00f3w spo\u017cywczych, kt\u00f3re wykorzystujemy do przygotowywania potraw, pieczenia ciast, czy te\u017c wykonywania przetwor\u00f3w. W laboratorium ECN uczestnicy urodzin poznaj\u0105 zupe\u0142nie nowe w\u0142a\u015bciwo\u015bci dobrze znanych substancji. Przyjrz\u0105 si\u0119 rozmaitym reakcjom chemicznym, sprawdz\u0105, kt\u00f3re warzywo mo\u017ce by\u0107 naturalnym wska\u017anikiem pH oraz dowiedz\u0105 si\u0119 w jaki spos\u00f3b dokona\u0107 kontrolowanej erupcji wulkanu.<\/p>\n<p><strong>PROGRAMOLOGIA<\/strong><br \/>\nKa\u017cde laboratorium wyposa\u017cone jest w naukowe przyrz\u0105dy i urz\u0105dzenia elektroniczne, wi\u0119c i u nas zamieszkuje rodzina robocich towarzyszy \u2013 Ozobot\u00f3w. Pomagaj\u0105 one zg\u0142\u0119bia\u0107 tajniki programowania w atrakcyjny i intuicyjny spos\u00f3b, wykorzystuj\u0105c do tego kolory i \u015bwiat\u0142o. U\u017cywaj\u0105c kredek i flamastr\u00f3w, go\u015bcie stworz\u0105 tras\u0119 emocjonuj\u0105cego wy\u015bcigu, pomog\u0105 Ozobotowi, kt\u00f3ry zgubi\u0142 si\u0119 w mie\u015bcie, a \u0142\u0105cz\u0105c ze sob\u0105 na ekranie tabletu kolorowe bloki, w \u0142atwy spos\u00f3b stworz\u0105 program, jaki wykona robot.<\/p>\n<p><strong>PERFUMOLOGIA<\/strong><br \/>\nZapachy s\u0105 bardzo wa\u017cne w \u017cyciu cz\u0142owieka. Si\u0119gamy po nie, gdy chcemy sprawi\u0107 rado\u015b\u0107 bliskiej osobie wyj\u0105tkowym prezentem, jak i dla poprawy w\u0142asnego nastroju. Czy aby tworzy\u0107 w\u0142asne perfumy musimy mie\u0107 ponadprzeci\u0119tnie rozwini\u0119ty zmys\u0142 powonienia? W trakcie urodzin go\u015bcie znajd\u0105 odpowiedzi na najbardziej nurtuj\u0105ce pytania zwi\u0105zane z perfumami, skomponuj\u0105 w\u0142asn\u0105 nut\u0119 zapachow\u0105, a nasze laboratorium zamieni si\u0119 w pachn\u0105c\u0105 pracowni\u0119 perfumiarsk\u0105.<\/p>\n<p><strong>MYDE\u0141KOLOGIA<\/strong><br \/>\nW naszych domach znajdziemy wiele \u015brodk\u00f3w chemicznych, kt\u00f3re pomagaj\u0105 nam zapewni\u0107 czysto\u015b\u0107, ale tak\u017ce znajdziemy w\u015br\u00f3d nich takie, kt\u00f3re s\u0142u\u017c\u0105 do piel\u0119gnacji. Myd\u0142o jest jednym z nich. Jaka jest historia myd\u0142a i jak powstaje? Dlaczego usuwa brud i si\u0119 pieni? Uczestnicy przeprowadz\u0105 wiele eksperyment\u00f3w, a tak\u017ce stworz\u0105 w\u0142asne glicerynowe pachn\u0105ce myde\u0142ka, kt\u00f3re udekoruj\u0105, poznaj\u0105c zbawienne w\u0142a\u015bciwo\u015bci lawendy, pomara\u0144czy czy te\u017c dzikiej r\u00f3\u017cy. To b\u0119d\u0105 bardzo kolorowe i aromatyczne urodziny.<\/p>\n<p><strong>KOLOROWE RE[AKCJE]<\/strong><br \/>\nDlaczego barwy mog\u0105 w\u0119drowa\u0107, miesza\u0107 si\u0119 i nagle znika\u0107? Uczestnicy zanurz\u0105 si\u0119 w barwny \u015bwiat eksperyment\u00f3w, w kt\u00f3rym nauka \u0142\u0105czy si\u0119 z zabaw\u0105 i kreatywno\u015bci\u0105. W czasie urodzin b\u0119d\u0105 odkrywa\u0107 fascynuj\u0105ce zjawiska fizyczne i chemiczne, takie jak napi\u0119cie powierzchniowe, elektrostatyka, kapilarno\u015b\u0107 czy za\u0142amanie \u015bwiat\u0142a. M\u0142odzi naukowcy stworz\u0105 t\u0119cze, kolorowe wybuchy i deszcze, zobacz\u0105, jak barwy w\u0119druj\u0105 i znikaj\u0105, a tak\u017ce przekonaj\u0105 si\u0119, \u017ce nawet najprostsze materia\u0142y mog\u0105 sta\u0107 si\u0119 narz\u0119dziem do poznawania \u015bwiata.<\/p>\n<hr class=\"wp-block-separator\" \/>\n<p>Naukowe urodziny trwaj\u0105 120 minut. Pr\u00f3cz weso\u0142ych do\u015bwiadcze\u0144 w laboratorium, dzieci maj\u0105 okazj\u0119 eksperymentowa\u0107 na wystawie \u201eEnergia\u201d. Zapewniamy miejsce do zorganizowania pocz\u0119stunku, a tak\u017ce kolorowe zaproszenia.<\/p>\n<hr class=\"wp-block-separator\" \/>\n<p>Opiekunowie zapewniaj\u0105 tort, s\u0142odycze, napoje oraz zastaw\u0119 sto\u0142ow\u0105 dla go\u015bci (talerzyki, sztu\u0107ce, serwetki itp.), a tak\u017ce obs\u0142ug\u0119 cateringow\u0105.<\/p>\n<p>Urodziny s\u0105 kierowane do dzieci w wieku 6-12 lat i s\u0105 organizowane w soboty i niedziele w godzinach 10:00 \u2013 12:00 oraz 14:30 \u2013 16:30.<\/p>\n<p>Minimalna liczba uczestnik\u00f3w \u2013 6 dzieci wraz z 2 opiekunami. W urodzinach maksymalnie mo\u017ce wzi\u0105\u0107 udzia\u0142 20 uczestnik\u00f3w.<\/p>\n<p>Na 6-10 dzieci bior\u0105cych udzia\u0142 w przyj\u0119ciu przypada minimalnie jeden opiekun (sugerujemy co najmniej dw\u00f3ch). W organizacj\u0119 urodzin dla 11-20 dzieci musz\u0105 by\u0107 zaanga\u017cowani co najmniej dwoje rodzic\u00f3w\/opiekun\u00f3w.<\/p>\n<p>Koszt urodzin to 45 z\u0142 za ka\u017cde dziecko, dwoje opiekun\u00f3w grupy wchodzi na ekspozycj\u0119 w ramach bilet\u00f3w dla dzieci. Ka\u017cda kolejna doros\u0142a osoba chc\u0105ca zwiedzi\u0107 wystaw\u0119 musi ui\u015bci\u0107 op\u0142at\u0119 za bilet urodzinowy dla opiekuna w wysoko\u015bci 26.00 z\u0142.<\/p>\n<p>Najp\u00f3\u017aniej tydzie\u0144 po dokonanej rezerwacji prosimy o uiszczenie op\u0142aty w wysoko\u015bci 270 z\u0142\/os. (r\u00f3wnowarto\u015b\u0107 6 go\u015bci). W\u00f3wczas wydajemy r\u00f3wnie\u017c urodzinowe zaproszenia dla dzieci.<\/p>\n<hr class=\"wp-block-separator\" \/>\n<p>Cena biletu wst\u0119pu na urodziny obejmuje:<\/p>\n<p>\u2013 organizacj\u0119 warsztat\u00f3w w laboratorium Generator Mocy,<\/p>\n<p>\u2013 materia\u0142y potrzebne do zaj\u0119\u0107 edukacyjnych,<\/p>\n<p>\u2013 naukow\u0105 zabaw\u0119 na wystawie \u201cEnergia\u201d,<\/p>\n<p>\u2013 udost\u0119pnienie przestrzeni laboratorium, potrzebnej do zorganizowania (przez opiekun\u00f3w) pocz\u0119stunku urodzinowego dla dzieci,<\/p>\n<p>\u2013 kolorowe urodzinowe zaproszenia.<\/p>\n<hr class=\"wp-block-separator\" \/>\n<p>Szczeg\u00f3\u0142owe informacje pod numerem 41 278 72 50 (od poniedzia\u0142ku do pi\u0105tku w godz. 8.00-16.00 oraz w soboty i niedziele w godz. 9.00-17.00). Rezerwacje przyjmujemy na: <a href=\"mailto:rezerwacjeecn@technopark.kielce.pl\">rezerwacjeecn@technopark.kielce.pl<\/a>.<\/p>\n<hr class=\"wp-block-separator\" \/>\n<p>Uwaga! Centrum Nauki dzia\u0142a na innych zasadach ni\u017c bawialnie dla dzieci. Przypominamy, \u017ce opiekunowie nie mog\u0105 pozostawi\u0107 dzieci samych w przestrzeni interaktywnej ekspozycji i s\u0105 za nie odpowiedzialni.<\/p>\n<p>Przed rezerwacj\u0105 terminu urodzin prosimy o zapoznanie si\u0119 z\u00a0<a href=\"http:\/\/ecn.kielce.pl\/index.php\/pl\/zaplanuj-wizyte\/regulamin-zwiedzania\/\">Regulaminem Zwiedzania Energetycznego Centrum Nauki<\/a>. Organizacja urodzin i zakup bilet\u00f3w s\u0105 r\u00f3wnoznaczne z jego akceptacj\u0105.<\/p>\n<p>Rodzice\/opiekunowie s\u0105 zobowi\u0105zani do pozostawienia w czysto\u015bci przestrzeni laboratorium, udost\u0119pnionej w celu zorganizowania pocz\u0119stunku.<\/p>\n","protected":false},"excerpt":{"rendered":"<p>Programowanie, tworzenie perfum a mo\u017ce eksperymentowanie z dobrze znanymi substancjami chemicznymi? Takie mog\u0105 by\u0107 urodziny m\u0142odego naukowca w Energetycznym Centrum Nauki!<\/p>\n","protected":false},"author":2,"featured_media":11491,"parent":56,"menu_order":4,"comment_status":"closed","ping_status":"closed","template":"pt_oferta.php","meta":{"_links_to":"","_links_to_target":""},"_links":{"self":[{"href":"https:\/\/ecn.kielce.pl\/index.php\/wp-json\/wp\/v2\/pages\/680"}],"collection":[{"href":"https:\/\/ecn.kielce.pl\/index.php\/wp-json\/wp\/v2\/pages"}],"about":[{"href":"https:\/\/ecn.kielce.pl\/index.php\/wp-json\/wp\/v2\/types\/page"}],"author":[{"embeddable":true,"href":"https:\/\/ecn.kielce.pl\/index.php\/wp-json\/wp\/v2\/users\/2"}],"replies":[{"embeddable":true,"href":"https:\/\/ecn.kielce.pl\/index.php\/wp-json\/wp\/v2\/comments?post=680"}],"version-history":[{"count":38,"href":"https:\/\/ecn.kielce.pl\/index.php\/wp-json\/wp\/v2\/pages\/680\/revisions"}],"predecessor-version":[{"id":12709,"href":"https:\/\/ecn.kielce.pl\/index.php\/wp-json\/wp\/v2\/pages\/680\/revisions\/12709"}],"up":[{"embeddable":true,"href":"https:\/\/ecn.kielce.pl\/index.php\/wp-json\/wp\/v2\/pages\/56"}],"wp:featuredmedia":[{"embeddable":true,"href":"https:\/\/ecn.kielce.pl\/index.php\/wp-json\/wp\/v2\/media\/11491"}],"wp:attachment":[{"href":"https:\/\/ecn.kielce.pl\/index.php\/wp-json\/wp\/v2\/media?parent=680"}],"curies":[{"name":"wp","href":"https:\/\/api.w.org\/{rel}","templated":true}]}}