{"id":68,"date":"2016-02-21T16:57:49","date_gmt":"2016-02-21T15:57:49","guid":{"rendered":"http:\/\/ecn.dev\/?page_id=68"},"modified":"2022-12-06T15:51:07","modified_gmt":"2022-12-06T14:51:07","slug":"wspolpraca","status":"publish","type":"page","link":"https:\/\/ecn.kielce.pl\/index.php\/pl\/ecn-to-my\/wspolpraca\/","title":{"rendered":"Projekt &#8211; Rozw\u00f3j infrastruktury i obszar\u00f3w B+R Kieleckiego Parku Technologicznego"},"content":{"rendered":"<p><strong>Energetyczne Centrum Nauki powsta\u0142o dzi\u0119ki dofinansowaniu\u00a0 z funduszy unijnych.<\/strong><\/p>\n<p>Projekt \u201eRozw\u00f3j infrastruktury i obszar\u00f3w B+R Kieleckiego Parku Technologicznego\u201d wsp\u00f3\u0142finansowany ze \u015brodk\u00f3w Europejskiego Funduszu Rozwoju Regionalnego w ramach Programu Operacyjnego Rozw\u00f3j Polski Wschodniej.<\/p>\n<p><strong><a href=\"http:\/\/www.technopark.kielce.pl\/pl\/projekty\/pokaz\/1,rozwoj_infrastruktury_i_obszarow_b+r_kieleckiego_parku_technologicznego\">Dowiedz si\u0119 wi\u0119cej na temat dofinansowania i innych realizacji KPT<\/a><\/strong><\/p>\n","protected":false},"excerpt":{"rendered":"<p>Energetyczne Centrum Nauki powsta\u0142o dzi\u0119ki dofinansowaniu\u00a0 z funduszy unijnych. Projekt \u201eRozw\u00f3j infrastruktury i obszar\u00f3w B+R Kieleckiego Parku Technologicznego\u201d wsp\u00f3\u0142finansowany ze \u015brodk\u00f3w Europejskiego Funduszu Rozwoju Regionalnego w ramach Programu Operacyjnego Rozw\u00f3j Polski Wschodniej. Dowiedz si\u0119 wi\u0119cej na temat dofinansowania i innych realizacji KPT<\/p>\n","protected":false},"author":1,"featured_media":980,"parent":60,"menu_order":7,"comment_status":"closed","ping_status":"closed","template":"pt_ecn_to_my.php","meta":{"_links_to":"","_links_to_target":""},"_links":{"self":[{"href":"https:\/\/ecn.kielce.pl\/index.php\/wp-json\/wp\/v2\/pages\/68"}],"collection":[{"href":"https:\/\/ecn.kielce.pl\/index.php\/wp-json\/wp\/v2\/pages"}],"about":[{"href":"https:\/\/ecn.kielce.pl\/index.php\/wp-json\/wp\/v2\/types\/page"}],"author":[{"embeddable":true,"href":"https:\/\/ecn.kielce.pl\/index.php\/wp-json\/wp\/v2\/users\/1"}],"replies":[{"embeddable":true,"href":"https:\/\/ecn.kielce.pl\/index.php\/wp-json\/wp\/v2\/comments?post=68"}],"version-history":[{"count":5,"href":"https:\/\/ecn.kielce.pl\/index.php\/wp-json\/wp\/v2\/pages\/68\/revisions"}],"predecessor-version":[{"id":9594,"href":"https:\/\/ecn.kielce.pl\/index.php\/wp-json\/wp\/v2\/pages\/68\/revisions\/9594"}],"up":[{"embeddable":true,"href":"https:\/\/ecn.kielce.pl\/index.php\/wp-json\/wp\/v2\/pages\/60"}],"wp:featuredmedia":[{"embeddable":true,"href":"https:\/\/ecn.kielce.pl\/index.php\/wp-json\/wp\/v2\/media\/980"}],"wp:attachment":[{"href":"https:\/\/ecn.kielce.pl\/index.php\/wp-json\/wp\/v2\/media?parent=68"}],"curies":[{"name":"wp","href":"https:\/\/api.w.org\/{rel}","templated":true}]}}