{"id":672,"date":"2016-03-07T19:04:14","date_gmt":"2016-03-07T18:04:14","guid":{"rendered":"http:\/\/ecn.kielce.pl\/?page_id=672"},"modified":"2025-09-15T07:57:24","modified_gmt":"2025-09-15T05:57:24","slug":"zwiedzanie-wystawy","status":"publish","type":"page","link":"https:\/\/ecn.kielce.pl\/index.php\/pl\/oferta\/osoby-indywidualne\/zwiedzanie-wystawy\/","title":{"rendered":"Zwiedzanie wystawy"},"content":{"rendered":"<p style=\"text-align: justify;\"><strong>Czas zwiedzania wystawy \u201eEnergia\u201d Energetycznego Centrum Nauki wynosi 45 lub 90 minut. Jednorazowo do Sali ekspozycyjnej zapraszamy 30 os\u00f3b.<\/strong><\/p>\n<hr \/>\n<p style=\"text-align: center;\"><strong>Harmonogram w okresie szkolnym:<br \/><br \/><\/strong><\/p>\n<p><strong>PONIEDZIA\u0141EK<\/strong><br \/>ECN nieczynny, dzie\u0144 techniczny, wystawa nie jest udost\u0119pniania, ale jeste\u015bmy dost\u0119pni pod nr 41 278 72 50 lub mailowo: rezerwacjeecn@technopark.kielce.pl<\/p>\n<p><strong>WTOREK \u2013 PI\u0104TEK<\/strong><br \/>08:30 \u2013 10:00 wystawa\/warsztaty dla grup zorganizowanych<br \/>10:30 \u2013 12:00 wystawa\/warsztaty dla grup zorganizowanych<br \/>12:30 \u2013 14:00 wystawa\/warsztaty dla grup zorganizowanych<br \/>14:30 \u2013 16:00 wystawa<\/p>\n<p><strong>SOBOTA \u2013 NIEDZIELA<\/strong><br \/>10.00 \u2013 10.45 wystawa<br \/>11.00 \u2013 11.45 wystawa<br \/>12.00 \u2013 12.45 wystawa<br \/>13.00 \u2013 13.45 wystawa\/warsztaty dla go\u015bci indywidualnych<br \/>14.00 \u2013 14.45 wystawa<br \/>15.00 \u2013 15.45 wystawa<br \/>16.00 \u2013 16.45 wystawa<br \/><br \/><\/p>\n<p style=\"text-align: justify;\"><strong>Bilet na Wystaw\u0119 obejmuje<\/strong>: korzystanie z urz\u0105dze\u0144 ekspozycji ECN, wizyt\u0119 w Kinie. Ka\u017cdy Zwiedzaj\u0105cy dowolnie dysponuje czasem przeznaczonym na zwiedzanie.<\/p>\n<hr \/>\n<p style=\"text-align: justify;\">Istnieje mo\u017cliwo\u015b\u0107 zwiedzania samej wystawy bez uczestnictwa w zaj\u0119ciach pod warunkiem dost\u0119pno\u015bci wybranego terminu. W celu rezerwacji samego zwiedzania wystawy prosimy o kontakt pod nr telefonu: +48 41 278 72 50.<\/p>\n<p>Cennik dost\u0119pny <a href=\"https:\/\/ecn.kielce.pl\/index.php\/pl\/zaplanuj-wizyte\/ceny-biletow\/\">TUTAJ<\/a>.<\/p>\n<p style=\"text-align: justify;\"><strong>\u00a0<\/strong><\/p>\n\n\n<p><\/p>\n\n\n\n\n","protected":false},"excerpt":{"rendered":"<p>Czas zwiedzania wystawy \u201eEnergia\u201d Energetycznego Centrum Nauki wynosi 45 lub 90 minut. Jednorazowo do Sali ekspozycyjnej zapraszamy 30 os\u00f3b. Harmonogram w okresie szkolnym: PONIEDZIA\u0141EKECN nieczynny, dzie\u0144 techniczny, wystawa nie jest udost\u0119pniania, ale jeste\u015bmy dost\u0119pni pod nr 41 278 72 50 lub mailowo: rezerwacjeecn@technopark.kielce.pl WTOREK \u2013 PI\u0104TEK08:30 \u2013 10:00 wystawa\/warsztaty dla grup zorganizowanych10:30 \u2013 12:00 wystawa\/warsztaty [&hellip;]<\/p>\n","protected":false},"author":2,"featured_media":11487,"parent":56,"menu_order":0,"comment_status":"closed","ping_status":"closed","template":"pt_oferta.php","meta":{"_links_to":"","_links_to_target":""},"_links":{"self":[{"href":"https:\/\/ecn.kielce.pl\/index.php\/wp-json\/wp\/v2\/pages\/672"}],"collection":[{"href":"https:\/\/ecn.kielce.pl\/index.php\/wp-json\/wp\/v2\/pages"}],"about":[{"href":"https:\/\/ecn.kielce.pl\/index.php\/wp-json\/wp\/v2\/types\/page"}],"author":[{"embeddable":true,"href":"https:\/\/ecn.kielce.pl\/index.php\/wp-json\/wp\/v2\/users\/2"}],"replies":[{"embeddable":true,"href":"https:\/\/ecn.kielce.pl\/index.php\/wp-json\/wp\/v2\/comments?post=672"}],"version-history":[{"count":33,"href":"https:\/\/ecn.kielce.pl\/index.php\/wp-json\/wp\/v2\/pages\/672\/revisions"}],"predecessor-version":[{"id":12300,"href":"https:\/\/ecn.kielce.pl\/index.php\/wp-json\/wp\/v2\/pages\/672\/revisions\/12300"}],"up":[{"embeddable":true,"href":"https:\/\/ecn.kielce.pl\/index.php\/wp-json\/wp\/v2\/pages\/56"}],"wp:featuredmedia":[{"embeddable":true,"href":"https:\/\/ecn.kielce.pl\/index.php\/wp-json\/wp\/v2\/media\/11487"}],"wp:attachment":[{"href":"https:\/\/ecn.kielce.pl\/index.php\/wp-json\/wp\/v2\/media?parent=672"}],"curies":[{"name":"wp","href":"https:\/\/api.w.org\/{rel}","templated":true}]}}