{"id":6655,"date":"2020-08-28T14:24:57","date_gmt":"2020-08-28T12:24:57","guid":{"rendered":"http:\/\/ecn.kielce.pl\/?page_id=6655"},"modified":"2022-07-19T10:34:14","modified_gmt":"2022-07-19T08:34:14","slug":"ecn-on-line","status":"publish","type":"page","link":"https:\/\/ecn.kielce.pl\/index.php\/pl\/oferta\/ecn-on-line\/","title":{"rendered":"ECN on-line"},"content":{"rendered":"\n<h4><strong>Zapraszamy do zapoznania si\u0119 z materia\u0142ami popularnonaukowymi dla dzieci oraz doros\u0142ych, jakie przygotowali\u015bmy w ramach &#8220;ECN on-line&#8221;.<\/strong><\/h4>\n\n\n\n<p><\/p>\n","protected":false},"excerpt":{"rendered":"<p>Zapraszamy do zapoznania si\u0119 z materia\u0142ami popularnonaukowymi dla dzieci oraz doros\u0142ych, jakie przygotowali\u015bmy w ramach &#8220;ECN on-line&#8221;.<\/p>\n","protected":false},"author":2,"featured_media":6986,"parent":54,"menu_order":3,"comment_status":"closed","ping_status":"closed","template":"pt_oferta_kafelki.php","meta":{"_links_to":"","_links_to_target":""},"_links":{"self":[{"href":"https:\/\/ecn.kielce.pl\/index.php\/wp-json\/wp\/v2\/pages\/6655"}],"collection":[{"href":"https:\/\/ecn.kielce.pl\/index.php\/wp-json\/wp\/v2\/pages"}],"about":[{"href":"https:\/\/ecn.kielce.pl\/index.php\/wp-json\/wp\/v2\/types\/page"}],"author":[{"embeddable":true,"href":"https:\/\/ecn.kielce.pl\/index.php\/wp-json\/wp\/v2\/users\/2"}],"replies":[{"embeddable":true,"href":"https:\/\/ecn.kielce.pl\/index.php\/wp-json\/wp\/v2\/comments?post=6655"}],"version-history":[{"count":4,"href":"https:\/\/ecn.kielce.pl\/index.php\/wp-json\/wp\/v2\/pages\/6655\/revisions"}],"predecessor-version":[{"id":6997,"href":"https:\/\/ecn.kielce.pl\/index.php\/wp-json\/wp\/v2\/pages\/6655\/revisions\/6997"}],"up":[{"embeddable":true,"href":"https:\/\/ecn.kielce.pl\/index.php\/wp-json\/wp\/v2\/pages\/54"}],"wp:featuredmedia":[{"embeddable":true,"href":"https:\/\/ecn.kielce.pl\/index.php\/wp-json\/wp\/v2\/media\/6986"}],"wp:attachment":[{"href":"https:\/\/ecn.kielce.pl\/index.php\/wp-json\/wp\/v2\/media?parent=6655"}],"curies":[{"name":"wp","href":"https:\/\/api.w.org\/{rel}","templated":true}]}}