{"id":66,"date":"2016-02-21T16:57:00","date_gmt":"2016-02-21T15:57:00","guid":{"rendered":"http:\/\/ecn.dev\/?page_id=66"},"modified":"2025-09-19T10:10:27","modified_gmt":"2025-09-19T08:10:27","slug":"przestrzen","status":"publish","type":"page","link":"https:\/\/ecn.kielce.pl\/index.php\/pl\/ecn-to-my\/przestrzen\/","title":{"rendered":"Energetyczne Centrum Nauki Fundacja PGE"},"content":{"rendered":"<p><strong>Naszym celem jest popularyzacja nauki poprzez zabaw\u0119 i eksperymentowanie. Zach\u0119camy do zadawania pyta\u0144 na temat otaczaj\u0105cego \u015bwiata oraz pomagamy w samodzielnym poszukiwaniu odpowiedzi.<\/strong><\/p>\n<p>Wystawa jest bardzo uniwersalna &#8211; b\u0119d\u0105 na niej dobrze si\u0119 bawi\u0107 zar\u00f3wno m\u0142odsi, jak i starsi odkrywcy. Stanowiska interaktywne i urz\u0105dzenia to autorskie koncepcje, zaprojektowane i skonstruowane specjalnie dla Energetycznego Centrum Nauki.<\/p>\n<p>Energetyczne Centrum Nauki to pocz\u0105tek wielkiej podr\u00f3\u017cy, kt\u00f3ra zmienia ludzi i wzbudza w nich zainteresowanie nauk\u0105. Tutaj chce si\u0119 odkrywa\u0107, dziwi\u0107 i zachwyca\u0107 otaczaj\u0105cym \u015bwiatem.<\/p>\n<p>Poprzez eksperymentowanie oraz prowadzenie do\u015bwiadcze\u0144 zach\u0119camy do zaanga\u017cowania si\u0119 w poznawanie i zrozumienie \u015bwiata, a tak\u017ce pog\u0142\u0119biania wiedzy. Nasza przestrze\u0144 jest przygotowana dla wszystkich niezale\u017cnie od wieku. Sk\u0142adaj\u0105 si\u0119 na ni\u0105:<\/p>\n<ol>\n<li><a href=\"https:\/\/ecn.kielce.pl\/index.php\/pl\/odkrywaj\/wystawa-2\/\">Wystawa Energia<\/a><\/li>\n<li><a href=\"https:\/\/ecn.kielce.pl\/index.php\/pl\/odkrywaj\/laboratorium\/\">Laboratorium Generator Mocy<\/a><\/li>\n<li><a href=\"https:\/\/ecn.kielce.pl\/index.php\/pl\/odkrywaj\/kino\/\">Kino<\/a><\/li>\n<li><a href=\"https:\/\/ecn.kielce.pl\/index.php\/pl\/odkrywaj\/ogrod-3\/\">Energetyczny Ogr\u00f3d Do\u015bwiadcze\u0144<\/a><\/li>\n<\/ol>\n<p>Ekspozycja Energetycznego Centrum Nauki jest zlokalizowana w Kieleckim Parku Technologicznym przy ulicy Olszewskiego 6, na II pi\u0119trze Inkubatora Technologicznego SKYE INC. ECN to sala o wielko\u015bci 360 m<sup>2<\/sup>, mieszcz\u0105ca wystaw\u0119 interaktywn\u0105, laboratorium, kino oraz 100 metrowy hal w kt\u00f3rym znajduj\u0105 si\u0119 recepcja, szatnia i sklepik naukowy.<\/p>\n","protected":false},"excerpt":{"rendered":"<p>Naszym celem jest popularyzacja nauki poprzez zabaw\u0119 i eksperymentowanie. Zach\u0119camy do zadawania pyta\u0144 na temat otaczaj\u0105cego \u015bwiata oraz pomagamy w samodzielnym poszukiwaniu odpowiedzi. Wystawa jest bardzo uniwersalna &#8211; b\u0119d\u0105 na niej dobrze si\u0119 bawi\u0107 zar\u00f3wno m\u0142odsi, jak i starsi odkrywcy. Stanowiska interaktywne i urz\u0105dzenia to autorskie koncepcje, zaprojektowane i skonstruowane specjalnie dla Energetycznego Centrum Nauki. [&hellip;]<\/p>\n","protected":false},"author":1,"featured_media":6077,"parent":60,"menu_order":1,"comment_status":"closed","ping_status":"closed","template":"pt_ecn_to_my.php","meta":{"_links_to":"","_links_to_target":""},"_links":{"self":[{"href":"https:\/\/ecn.kielce.pl\/index.php\/wp-json\/wp\/v2\/pages\/66"}],"collection":[{"href":"https:\/\/ecn.kielce.pl\/index.php\/wp-json\/wp\/v2\/pages"}],"about":[{"href":"https:\/\/ecn.kielce.pl\/index.php\/wp-json\/wp\/v2\/types\/page"}],"author":[{"embeddable":true,"href":"https:\/\/ecn.kielce.pl\/index.php\/wp-json\/wp\/v2\/users\/1"}],"replies":[{"embeddable":true,"href":"https:\/\/ecn.kielce.pl\/index.php\/wp-json\/wp\/v2\/comments?post=66"}],"version-history":[{"count":21,"href":"https:\/\/ecn.kielce.pl\/index.php\/wp-json\/wp\/v2\/pages\/66\/revisions"}],"predecessor-version":[{"id":12331,"href":"https:\/\/ecn.kielce.pl\/index.php\/wp-json\/wp\/v2\/pages\/66\/revisions\/12331"}],"up":[{"embeddable":true,"href":"https:\/\/ecn.kielce.pl\/index.php\/wp-json\/wp\/v2\/pages\/60"}],"wp:featuredmedia":[{"embeddable":true,"href":"https:\/\/ecn.kielce.pl\/index.php\/wp-json\/wp\/v2\/media\/6077"}],"wp:attachment":[{"href":"https:\/\/ecn.kielce.pl\/index.php\/wp-json\/wp\/v2\/media?parent=66"}],"curies":[{"name":"wp","href":"https:\/\/api.w.org\/{rel}","templated":true}]}}