{"id":62,"date":"2016-02-21T16:56:17","date_gmt":"2016-02-21T15:56:17","guid":{"rendered":"http:\/\/ecn.dev\/?page_id=62"},"modified":"2024-08-26T11:56:33","modified_gmt":"2024-08-26T09:56:33","slug":"o-nas","status":"publish","type":"page","link":"https:\/\/ecn.kielce.pl\/index.php\/pl\/ecn-to-my\/o-nas\/","title":{"rendered":"Historia"},"content":{"rendered":"<p style=\"text-align: justify;\"><strong>Jeszcze niedawno plac budowy i adaptacja zniszczonego obiektu na potrzeby Inkubatora Technologicznego. Dzi\u015b pi\u0119kny, nowoczesny budynek ze szklan\u0105 elewacj\u0105, laboratoria IT, biura, biblioteka materia\u0142owa i t\u0119tni\u0105ca \u017cyciem ba\u015bniowa fabryka energii na drugim pi\u0119trze &#8211; Energetyczne Centrum Nauki.<\/strong><\/p>\n<p style=\"text-align: justify;\">W 2013 r. Kielecki Park Technologiczny kupi\u0142 budynek po Wy\u017cszej Szkole Umiej\u0119tno\u015bci, kt\u00f3ry pierwotnie nale\u017ca\u0142 do zak\u0142ad\u00f3w \u201eChemar\u201d, funkcjonuj\u0105cych pod nazw\u0105 &#8220;Zak\u0142ady Budowy Przewod\u00f3w i Armatury&#8221;.<br \/>\nW latach pi\u0119\u0107dziesi\u0105tych by\u0142 to obiekt socjalno \u2013 kulturalny w kt\u00f3rym znajdowa\u0142a si\u0119 sto\u0142\u00f3wka, przychodnia zdrowia, laboratorium, a nawet wydzia\u0142 zamiejscowy krakowskiej Akademii G\u00f3rniczo \u2013 Hutniczej.<\/p>\n<p style=\"text-align: justify;\">W 1959 roku na drugim pi\u0119trze budynku (dok\u0142adnie tutaj, gdzie teraz znajduje si\u0119 ECN), uruchomiono zak\u0142adowe kino \u201eArmatury\u201d, otwarte dla mieszka\u0144c\u00f3w Kielc.<\/p>\n<blockquote>\n<p style=\"text-align: justify;\"><em>&#8211; Inicjatorem powstania kina by\u0142 Ryszard Fija\u0142kowski, w Chemarze cz\u0142owiek &#8211; instytucja<\/em> &#8211; opowiada Tomasz J\u00f3\u017awik, wieloletni pracownik i autor monografii o historii tego wa\u017cnego dla miasta zak\u0142adu. <em>&#8211; Kinem opiekowa\u0142 si\u0119 Klub Zak\u0142adowy, a na filmy takie jak western &#8220;W samo po\u0142udnie&#8221; z Gary Coperem, chodzi\u0142y t\u0142umy.<\/em><\/p>\n<\/blockquote>\n<p style=\"text-align: justify;\">Wi\u0119kszo\u015b\u0107 widowni stanowili pracownicy Chemaru, ich rodziny i znajomi. Kiedy w centrum miasta otwarto kolejne kina, seanse odbywa\u0142y si\u0119 coraz rzadziej i \u201eArmatury\u201d zamkni\u0119to. Sal\u0119 po kinie zacz\u0119to wykorzystywa\u0107 do organizacji\u00a0 zabaw, akademii i choinek dla dzieci.<\/p>\n<blockquote>\n<p style=\"text-align: justify;\"><em>&#8211; W 2013 roku, kiedy pojawi\u0142o si\u0119 marzenie, aby Kielce mia\u0142y w\u0142asne centrum nauki, chcieli\u015bmy stworzy\u0107 przestrze\u0144 posiadaj\u0105c\u0105 niezwyk\u0142y klimat<\/em> &#8211; m\u00f3wi Sylwia Mularczyk, pomys\u0142odawca i autor koncepcji Energetycznego Centrum Nauki. <em>&#8211; Zwiedzaj\u0105cy ECN maj\u0105 znale\u017a\u0107 si\u0119 na chwil\u0119 w innym czasie<br \/>\ni rzeczywisto\u015bci. Wszystko po to, \u017ceby poczu\u0107 jeszcze wi\u0119ksz\u0105 ciekawo\u015b\u0107 \u015bwiata.<\/em><\/p>\n<p style=\"text-align: justify;\"><em>&#8211;\u00a0Najwa\u017cniejsze, \u017ce budynek, kt\u00f3ry m\u00f3g\u0142 by\u0107 zniszczony, jednak zosta\u0142 zachowany i b\u0119dzie nadal pe\u0142ni\u0142 wa\u017cn\u0105 rol\u0119<\/em> &#8211; cieszy si\u0119 Tadeusz J\u00f3\u017awik.<\/p>\n<\/blockquote>\n<p style=\"text-align: justify;\">Przestrze\u0144 ma sw\u00f3j charakter, dlatego pozostawili\u015bmy\u00a0wiele starych element\u00f3w. Uda\u0142o si\u0119 na przyk\u0142ad zachowa\u0107 strop z charakterystyczn\u0105 kolebk\u0105 na suficie, odnowili\u015bmy z\u0142ocenia, znajduj\u0105ce\u00a0si\u0119 na ozdobnych belkach.<\/p>\n<p style=\"text-align: center;\"><strong>Naszym celem jest popularyzacja nauki poprzez zabaw\u0119 i eksperymentowanie. Zach\u0119camy do zadawania pyta\u0144 na temat otaczaj\u0105cego \u015bwiata oraz pomagamy w samodzielnym poszukiwaniu odpowiedzi.<\/strong><\/p>\n<p style=\"text-align: justify;\">Stanowiska interaktywne i urz\u0105dzenia zbudowane na wystawie to autorskie koncepcje, zaprojektowane<br \/>\ni skonstruowane specjalnie dla Energetycznego Centrum Nauki. Wystawa jest nietypowa i bardzo uniwersalna. \u015acie\u017cek zwiedzania jest tyle, \u017ce wystarczy na co najmniej kilka wizyt.<\/p>\n<p style=\"text-align: justify;\">Energetyczne Centrum Nauki to pocz\u0105tek wielkiej podr\u00f3\u017cy, kt\u00f3ra zmienia ludzi i wzbudza w nich zainteresowanie nauk\u0105. Tutaj chce si\u0119 odkrywa\u0107, dziwi\u0107 i zachwyca\u0107 otaczaj\u0105cym \u015bwiatem.<\/p>\n<p style=\"text-align: justify;\">Tutaj budzi si\u0119 geniusz.<\/p>\n","protected":false},"excerpt":{"rendered":"<p>Jeszcze niedawno plac budowy i adaptacja zniszczonego obiektu na potrzeby Inkubatora Technologicznego. Dzi\u015b pi\u0119kny, nowoczesny budynek ze szklan\u0105 elewacj\u0105, laboratoria IT, biura, biblioteka materia\u0142owa i t\u0119tni\u0105ca \u017cyciem ba\u015bniowa fabryka energii na drugim pi\u0119trze &#8211; Energetyczne Centrum Nauki. W 2013 r. Kielecki Park Technologiczny kupi\u0142 budynek po Wy\u017cszej Szkole Umiej\u0119tno\u015bci, kt\u00f3ry pierwotnie nale\u017ca\u0142 do zak\u0142ad\u00f3w \u201eChemar\u201d, [&hellip;]<\/p>\n","protected":false},"author":1,"featured_media":3030,"parent":60,"menu_order":2,"comment_status":"closed","ping_status":"closed","template":"pt_ecn_to_my.php","meta":{"_links_to":"","_links_to_target":""},"_links":{"self":[{"href":"https:\/\/ecn.kielce.pl\/index.php\/wp-json\/wp\/v2\/pages\/62"}],"collection":[{"href":"https:\/\/ecn.kielce.pl\/index.php\/wp-json\/wp\/v2\/pages"}],"about":[{"href":"https:\/\/ecn.kielce.pl\/index.php\/wp-json\/wp\/v2\/types\/page"}],"author":[{"embeddable":true,"href":"https:\/\/ecn.kielce.pl\/index.php\/wp-json\/wp\/v2\/users\/1"}],"replies":[{"embeddable":true,"href":"https:\/\/ecn.kielce.pl\/index.php\/wp-json\/wp\/v2\/comments?post=62"}],"version-history":[{"count":38,"href":"https:\/\/ecn.kielce.pl\/index.php\/wp-json\/wp\/v2\/pages\/62\/revisions"}],"predecessor-version":[{"id":11275,"href":"https:\/\/ecn.kielce.pl\/index.php\/wp-json\/wp\/v2\/pages\/62\/revisions\/11275"}],"up":[{"embeddable":true,"href":"https:\/\/ecn.kielce.pl\/index.php\/wp-json\/wp\/v2\/pages\/60"}],"wp:featuredmedia":[{"embeddable":true,"href":"https:\/\/ecn.kielce.pl\/index.php\/wp-json\/wp\/v2\/media\/3030"}],"wp:attachment":[{"href":"https:\/\/ecn.kielce.pl\/index.php\/wp-json\/wp\/v2\/media?parent=62"}],"curies":[{"name":"wp","href":"https:\/\/api.w.org\/{rel}","templated":true}]}}