{"id":39,"date":"2016-02-21T16:49:32","date_gmt":"2016-02-21T15:49:32","guid":{"rendered":"http:\/\/ecn.dev\/?page_id=39"},"modified":"2025-03-19T08:19:26","modified_gmt":"2025-03-19T07:19:26","slug":"kino","status":"publish","type":"page","link":"https:\/\/ecn.kielce.pl\/index.php\/pl\/odkrywaj\/kino\/","title":{"rendered":"Kino"},"content":{"rendered":"<p><strong><em>Kiedy zgasn\u0105 \u015bwiat\u0142a, a z g\u0142o\u015bnik\u00f3w pop\u0142yn\u0105 pierwsze d\u017awi\u0119ki, przeniesiesz si\u0119 do magicznego \u015bwiata nauki.<\/em><\/strong><\/p>\n<p>W kinie ECN prezentujemy wyj\u0105tkowe filmy, organizujemy spotkania i wyk\u0142ady, kameralne konferencje oraz pokazy, a tak\u017ce projekcje na du\u017cym ekranie. Tutaj zapraszamy tak\u017ce energetycznych go\u015bci, wybitne osobowo\u015bci ze \u015bwiata nauki, podr\u00f3\u017cnik\u00f3w i pasjonat\u00f3w.<\/p>\n<p><strong>Obowi\u0105zkowym elementem zwiedzania przestrzeni ECN jest film\u00a0 dotycz\u0105cy energii w przyrodzie, stworzony specjalnie dla nas \u2013 musisz go zobaczy\u0107!<\/strong><\/p>\n","protected":false},"excerpt":{"rendered":"<p>Kiedy zgasn\u0105 \u015bwiat\u0142a, a z g\u0142o\u015bnik\u00f3w pop\u0142yn\u0105 pierwsze d\u017awi\u0119ki, przeniesiesz si\u0119 do magicznego \u015bwiata nauki. W kinie ECN prezentujemy wyj\u0105tkowe filmy, organizujemy spotkania i wyk\u0142ady, kameralne konferencje oraz pokazy, a tak\u017ce projekcje na du\u017cym ekranie. Tutaj zapraszamy tak\u017ce energetycznych go\u015bci, wybitne osobowo\u015bci ze \u015bwiata nauki, podr\u00f3\u017cnik\u00f3w i pasjonat\u00f3w. Obowi\u0105zkowym elementem zwiedzania przestrzeni ECN jest film\u00a0 [&hellip;]<\/p>\n","protected":false},"author":1,"featured_media":760,"parent":33,"menu_order":3,"comment_status":"closed","ping_status":"closed","template":"pt_odkrywaj.php","meta":{"_links_to":"","_links_to_target":""},"_links":{"self":[{"href":"https:\/\/ecn.kielce.pl\/index.php\/wp-json\/wp\/v2\/pages\/39"}],"collection":[{"href":"https:\/\/ecn.kielce.pl\/index.php\/wp-json\/wp\/v2\/pages"}],"about":[{"href":"https:\/\/ecn.kielce.pl\/index.php\/wp-json\/wp\/v2\/types\/page"}],"author":[{"embeddable":true,"href":"https:\/\/ecn.kielce.pl\/index.php\/wp-json\/wp\/v2\/users\/1"}],"replies":[{"embeddable":true,"href":"https:\/\/ecn.kielce.pl\/index.php\/wp-json\/wp\/v2\/comments?post=39"}],"version-history":[{"count":11,"href":"https:\/\/ecn.kielce.pl\/index.php\/wp-json\/wp\/v2\/pages\/39\/revisions"}],"predecessor-version":[{"id":11710,"href":"https:\/\/ecn.kielce.pl\/index.php\/wp-json\/wp\/v2\/pages\/39\/revisions\/11710"}],"up":[{"embeddable":true,"href":"https:\/\/ecn.kielce.pl\/index.php\/wp-json\/wp\/v2\/pages\/33"}],"wp:featuredmedia":[{"embeddable":true,"href":"https:\/\/ecn.kielce.pl\/index.php\/wp-json\/wp\/v2\/media\/760"}],"wp:attachment":[{"href":"https:\/\/ecn.kielce.pl\/index.php\/wp-json\/wp\/v2\/media?parent=39"}],"curies":[{"name":"wp","href":"https:\/\/api.w.org\/{rel}","templated":true}]}}