{"id":37,"date":"2016-02-21T16:49:11","date_gmt":"2016-02-21T15:49:11","guid":{"rendered":"http:\/\/ecn.dev\/?page_id=37"},"modified":"2025-07-07T12:03:48","modified_gmt":"2025-07-07T10:03:48","slug":"laboratorium","status":"publish","type":"page","link":"https:\/\/ecn.kielce.pl\/index.php\/pl\/odkrywaj\/laboratorium\/","title":{"rendered":"Laboratorium &#8220;Generator Mocy&#8221;"},"content":{"rendered":"<p><strong>Umieszczony w specjalnej kapsule \u201eGenerator Mocy\u201d jest po\u0142\u0105czeniem pracowni chemicznej, fizycznej i biologicznej, w kt\u00f3rej pod okiem specjalist\u00f3w przeprowadzisz wiele naukowych eksperyment\u00f3w.<\/strong><\/p>\n<p>Wizyta w laboratorium jest sta\u0142ym punktem wyprawy po ECN. To tutaj organizujemy warsztaty popularnonaukowe, urodziny ma\u0142ego naukowca, a tak\u017ce spotkania cykliczne, kursy i prezentacje. Generator jest \u015bwietnie wyposa\u017cony, multimedialny, bardzo kolorowy i wype\u0142niony naukowymi zabawkami.<\/p>\n<p>Nasi szaleni animatorzy udowodni\u0105 nawet tym najbardziej opornym na wiedz\u0119, \u017ce zg\u0142\u0119bianie energetycznych tajemnic mo\u017ce by\u0107 naprawd\u0119 fascynuj\u0105ce.<\/p>\n<p><strong>Za\u0142\u00f3\u017c fartuch, r\u0119kawice i okulary ochronne, badaj, sprawdzaj i zadawaj pytania!<\/strong><\/p>\n<p>Zapraszamy do zapoznania si\u0119 z ofert\u0105 naszych warsztat\u00f3w. Pe\u0142na lista zaj\u0119\u0107 znajduje si\u0119\u00a0<a href=\"https:\/\/ecn.kielce.pl\/index.php\/pl\/oferta\/osoby-indywidualne\/warsztaty-2\/warsztaty-familijne\/\">TUTAJ<\/a>.<\/p>\n","protected":false},"excerpt":{"rendered":"<p>Umieszczony w specjalnej kapsule \u201eGenerator Mocy\u201d jest po\u0142\u0105czeniem pracowni chemicznej, fizycznej i biologicznej, w kt\u00f3rej pod okiem specjalist\u00f3w przeprowadzisz wiele naukowych eksperyment\u00f3w. Wizyta w laboratorium jest sta\u0142ym punktem wyprawy po ECN. To tutaj organizujemy warsztaty popularnonaukowe, urodziny ma\u0142ego naukowca, a tak\u017ce spotkania cykliczne, kursy i prezentacje. Generator jest \u015bwietnie wyposa\u017cony, multimedialny, bardzo kolorowy i wype\u0142niony [&hellip;]<\/p>\n","protected":false},"author":1,"featured_media":6134,"parent":33,"menu_order":2,"comment_status":"closed","ping_status":"closed","template":"pt_odkrywaj.php","meta":{"_links_to":"","_links_to_target":""},"_links":{"self":[{"href":"https:\/\/ecn.kielce.pl\/index.php\/wp-json\/wp\/v2\/pages\/37"}],"collection":[{"href":"https:\/\/ecn.kielce.pl\/index.php\/wp-json\/wp\/v2\/pages"}],"about":[{"href":"https:\/\/ecn.kielce.pl\/index.php\/wp-json\/wp\/v2\/types\/page"}],"author":[{"embeddable":true,"href":"https:\/\/ecn.kielce.pl\/index.php\/wp-json\/wp\/v2\/users\/1"}],"replies":[{"embeddable":true,"href":"https:\/\/ecn.kielce.pl\/index.php\/wp-json\/wp\/v2\/comments?post=37"}],"version-history":[{"count":11,"href":"https:\/\/ecn.kielce.pl\/index.php\/wp-json\/wp\/v2\/pages\/37\/revisions"}],"predecessor-version":[{"id":11992,"href":"https:\/\/ecn.kielce.pl\/index.php\/wp-json\/wp\/v2\/pages\/37\/revisions\/11992"}],"up":[{"embeddable":true,"href":"https:\/\/ecn.kielce.pl\/index.php\/wp-json\/wp\/v2\/pages\/33"}],"wp:featuredmedia":[{"embeddable":true,"href":"https:\/\/ecn.kielce.pl\/index.php\/wp-json\/wp\/v2\/media\/6134"}],"wp:attachment":[{"href":"https:\/\/ecn.kielce.pl\/index.php\/wp-json\/wp\/v2\/media?parent=37"}],"curies":[{"name":"wp","href":"https:\/\/api.w.org\/{rel}","templated":true}]}}