{"id":35,"date":"2016-02-21T16:48:41","date_gmt":"2016-02-21T15:48:41","guid":{"rendered":"http:\/\/ecn.dev\/?page_id=35"},"modified":"2025-12-17T13:21:02","modified_gmt":"2025-12-17T12:21:02","slug":"wystawa-2","status":"publish","type":"page","link":"https:\/\/ecn.kielce.pl\/index.php\/pl\/odkrywaj\/wystawa-2\/","title":{"rendered":"Wystawa &#8220;Energia&#8221;"},"content":{"rendered":"<p style=\"text-align: justify;\"><strong>Czy wiesz, \u017ce woda jest g\u0142\u00f3wnym sk\u0142adnikiem ludzkiego cia\u0142a? Wykorzystaj sw\u00f3j potencja\u0142 na naszej interaktywnej wystawie i wypr\u00f3buj elektrownie wodne.<\/strong><\/p>\n<p style=\"text-align: justify;\"><!--more--><\/p>\n<hr \/>\n<p style=\"text-align: justify;\">Jak powstaje paliwo do samochodu? Sk\u0105d bierze si\u0119 ropa naftowa?\u00a0U nas dowiesz si\u0119 tego ze szczeg\u00f3\u0142ami, a nawet zatankujesz prawdziwe auto.<\/p>\n<p style=\"text-align: justify;\">Dlaczego elektrownie wiatrowe tak cz\u0119sto buduje si\u0119 nad morzem?\u00a0Przyjd\u017a i wygeneruj silny wiatr, aby wywo\u0142a\u0107 sztorm &#8211; mewy b\u0119d\u0105 mie\u0107 problem.<\/p>\n<p style=\"text-align: justify;\">Ile energii potrzeba, \u017ceby za\u015bwieci\u0107 w domu jedn\u0105 \u017car\u00f3wk\u0119? Wygraj wy\u015bcig z pr\u0105dem<em>&#8230;<\/em><\/p>\n<p style=\"text-align: justify;\">Odpowiedzi na te i inne pytania znajdziesz na naszej interaktywnej wystawie.<\/p>\n<hr \/>\n<p style=\"text-align: justify;\"><strong>Ekspozycja ECN opowiada o energii<\/strong> i sk\u0142ada si\u0119 z 29 interaktywnych stanowisk, przeznaczonych do samodzielnego eksperymentowania. Znajdziesz tutaj mi\u0119dzy innymi pot\u0119\u017cny, wa\u017c\u0105cy ponad 750 kg ko\u0142owr\u00f3t. To urz\u0105dzenie nawi\u0105zuj\u0105ce form\u0105 do kombajnu g\u00f3rniczego, ale nap\u0119dzane si\u0142\u0105 ludzkich mi\u0119\u015bni \u2013 dasz rad\u0119 je uruchomi\u0107?<\/p>\n<p style=\"text-align: justify;\">Pokonaj grawitacj\u0119 i przepompuj wod\u0119 z dolnego do g\u00f3rnego zbiornika hydroelektrowni, zbuduj zapor\u0119 z kolorowych klock\u00f3w, baw si\u0119 nauk\u0105!<\/p>\n<p style=\"text-align: justify;\"><strong>Trzy strefy wystawy: \u201eOgie\u0144 i Ziemia\u201d, \u201ePowietrze i Woda\u201d oraz \u201eCz\u0142owiek\u201d<\/strong> tworz\u0105 sp\u00f3jn\u0105 opowie\u015b\u0107, odwiedzaj\u0105c nas prze\u017cyjesz prawdziw\u0105 przygod\u0119.<\/p>\n","protected":false},"excerpt":{"rendered":"<p>Czy wiesz, \u017ce woda jest g\u0142\u00f3wnym sk\u0142adnikiem ludzkiego cia\u0142a? Wykorzystaj sw\u00f3j potencja\u0142 na naszej interaktywnej wystawie i wypr\u00f3buj elektrownie wodne.<\/p>\n","protected":false},"author":1,"featured_media":2438,"parent":33,"menu_order":1,"comment_status":"closed","ping_status":"closed","template":"pt_odkrywaj.php","meta":{"_links_to":"","_links_to_target":""},"_links":{"self":[{"href":"https:\/\/ecn.kielce.pl\/index.php\/wp-json\/wp\/v2\/pages\/35"}],"collection":[{"href":"https:\/\/ecn.kielce.pl\/index.php\/wp-json\/wp\/v2\/pages"}],"about":[{"href":"https:\/\/ecn.kielce.pl\/index.php\/wp-json\/wp\/v2\/types\/page"}],"author":[{"embeddable":true,"href":"https:\/\/ecn.kielce.pl\/index.php\/wp-json\/wp\/v2\/users\/1"}],"replies":[{"embeddable":true,"href":"https:\/\/ecn.kielce.pl\/index.php\/wp-json\/wp\/v2\/comments?post=35"}],"version-history":[{"count":17,"href":"https:\/\/ecn.kielce.pl\/index.php\/wp-json\/wp\/v2\/pages\/35\/revisions"}],"predecessor-version":[{"id":12547,"href":"https:\/\/ecn.kielce.pl\/index.php\/wp-json\/wp\/v2\/pages\/35\/revisions\/12547"}],"up":[{"embeddable":true,"href":"https:\/\/ecn.kielce.pl\/index.php\/wp-json\/wp\/v2\/pages\/33"}],"wp:featuredmedia":[{"embeddable":true,"href":"https:\/\/ecn.kielce.pl\/index.php\/wp-json\/wp\/v2\/media\/2438"}],"wp:attachment":[{"href":"https:\/\/ecn.kielce.pl\/index.php\/wp-json\/wp\/v2\/media?parent=35"}],"curies":[{"name":"wp","href":"https:\/\/api.w.org\/{rel}","templated":true}]}}