{"id":18,"date":"2016-02-21T15:24:46","date_gmt":"2016-02-21T14:24:46","guid":{"rendered":"http:\/\/ecn.dev\/?page_id=18"},"modified":"2026-01-02T07:22:40","modified_gmt":"2026-01-02T06:22:40","slug":"ceny-biletow","status":"publish","type":"page","link":"https:\/\/ecn.kielce.pl\/index.php\/pl\/oferta\/ceny-biletow\/","title":{"rendered":"Ceny bilet\u00f3w"},"content":{"rendered":"<p><img loading=\"lazy\" class=\"alignnone wp-image-12546 size-large\" src=\"http:\/\/ecn.kielce.pl\/wp-content\/uploads\/2025\/12\/ECN-cennik-2026-723x1024.png\" alt=\"\" width=\"723\" height=\"1024\" srcset=\"https:\/\/ecn.kielce.pl\/wp-content\/uploads\/2025\/12\/ECN-cennik-2026-723x1024.png 723w, https:\/\/ecn.kielce.pl\/wp-content\/uploads\/2025\/12\/ECN-cennik-2026-212x300.png 212w, https:\/\/ecn.kielce.pl\/wp-content\/uploads\/2025\/12\/ECN-cennik-2026-768x1087.png 768w, https:\/\/ecn.kielce.pl\/wp-content\/uploads\/2025\/12\/ECN-cennik-2026-1085x1536.png 1085w, https:\/\/ecn.kielce.pl\/wp-content\/uploads\/2025\/12\/ECN-cennik-2026-1446x2048.png 1446w\" sizes=\"(max-width: 723px) 100vw, 723px\" \/><\/p>\n<hr \/>\n<hr \/>\n<p>Informacje dodatkowe:<br \/>\n1. Wskazane ceny zawieraj\u0105 podatek VAT;<br \/>\n2. W celu otrzymania faktury VAT nale\u017cy w momencie dokonywania zakupu biletu\/\u00f3w poda\u0107 niezb\u0119dne dane do wystawienia faktury VAT:<br \/>\n&#8211; imi\u0119 nazwisko lub nazw\u0119 nabywcy;<br \/>\n&#8211; adres (miejscowo\u015b\u0107, kod pocztowy, ulica);<br \/>\n&#8211; numer NIP (nie dotyczy os\u00f3b fizycznych).<\/p>\n<p style=\"text-align: left;\">\n","protected":false},"excerpt":{"rendered":"<p>Informacje dodatkowe: 1. Wskazane ceny zawieraj\u0105 podatek VAT; 2. W celu otrzymania faktury VAT nale\u017cy w momencie dokonywania zakupu biletu\/\u00f3w poda\u0107 niezb\u0119dne dane do wystawienia faktury VAT: &#8211; imi\u0119 nazwisko lub nazw\u0119 nabywcy; &#8211; adres (miejscowo\u015b\u0107, kod pocztowy, ulica); &#8211; numer NIP (nie dotyczy os\u00f3b fizycznych).<\/p>\n","protected":false},"author":1,"featured_media":0,"parent":54,"menu_order":4,"comment_status":"closed","ping_status":"closed","template":"pt_oferta.php","meta":{"_links_to":"","_links_to_target":""},"_links":{"self":[{"href":"https:\/\/ecn.kielce.pl\/index.php\/wp-json\/wp\/v2\/pages\/18"}],"collection":[{"href":"https:\/\/ecn.kielce.pl\/index.php\/wp-json\/wp\/v2\/pages"}],"about":[{"href":"https:\/\/ecn.kielce.pl\/index.php\/wp-json\/wp\/v2\/types\/page"}],"author":[{"embeddable":true,"href":"https:\/\/ecn.kielce.pl\/index.php\/wp-json\/wp\/v2\/users\/1"}],"replies":[{"embeddable":true,"href":"https:\/\/ecn.kielce.pl\/index.php\/wp-json\/wp\/v2\/comments?post=18"}],"version-history":[{"count":62,"href":"https:\/\/ecn.kielce.pl\/index.php\/wp-json\/wp\/v2\/pages\/18\/revisions"}],"predecessor-version":[{"id":12571,"href":"https:\/\/ecn.kielce.pl\/index.php\/wp-json\/wp\/v2\/pages\/18\/revisions\/12571"}],"up":[{"embeddable":true,"href":"https:\/\/ecn.kielce.pl\/index.php\/wp-json\/wp\/v2\/pages\/54"}],"wp:attachment":[{"href":"https:\/\/ecn.kielce.pl\/index.php\/wp-json\/wp\/v2\/media?parent=18"}],"curies":[{"name":"wp","href":"https:\/\/api.w.org\/{rel}","templated":true}]}}