{"id":127,"date":"2016-02-23T22:11:39","date_gmt":"2016-02-23T21:11:39","guid":{"rendered":"http:\/\/ecn.dev\/?page_id=127"},"modified":"2024-08-02T15:47:02","modified_gmt":"2024-08-02T13:47:02","slug":"strona-glowna","status":"publish","type":"page","link":"https:\/\/ecn.kielce.pl\/index.php\/pl\/strona-glowna\/","title":{"rendered":"Strona g\u0142\u00f3wna"},"content":{"rendered":"<section class=\"company-info\">\n<div class=\"company-info-box col-xs-12 col-md-4\">\n<div class=\" inner\">\n<h4>Kontakt<\/h4>\n<p><strong>Energetyczne Centrum Nauki<\/strong><\/p>\n<p>Kielecki Park Technologiczny<\/p>\n<p>ul. Olszewskiego 6<\/p>\n<p>(budynek SKYE INC) 2 pi\u0119tro<\/p>\n<p>25-663 Kielce<br \/>\n<a class=\"brand-btn brand-btn--red \" href=\"http:\/\/ecn.kielce.pl\/index.php\/pl\/kontakt\/dane-kontaktowe\/\"><span class=\"brand-btn-action\">Zobacz<\/span><\/a><\/p>\n<\/div>\n<\/div>\n<div class=\"company-info-box col-xs-12 col-md-4\">\n<div class=\" inner\">\n<h4>Nasza misja<\/h4>\n<p>Naszym celem jest popularyzacja nauki poprzez zabaw\u0119 i eksperymentowanie. Zach\u0119camy do zadawania pyta\u0144 na temat otaczaj\u0105cego \u015bwiata oraz pomagamy w samodzielnym poszukiwaniu odpowiedzi.\u00a0<a class=\"brand-btn brand-btn--red\" href=\"http:\/\/ecn.kielce.pl\/index.php\/pl\/ecn-to-my\/o-nas\/\"><span class=\"brand-btn-action\">Zobacz<\/span><\/a><\/p>\n<\/div>\n<\/div>\n<div class=\"company-info-box opening-hours col-xs-12 col-md-4\">\n<div class=\" inner\">\n<h4>Godziny otwarcia<\/h4>\n<ul>\n<li style=\"list-style-type: none;\">\n<ul>\n<li class=\"py2 opening-hours-item opening-hours-item\"><span class=\"day col-xs-7\">poniedzia\u0142ek<\/span><br \/>\n<span class=\"hours col-xs-5\">nieczynne<\/span><\/li>\n<\/ul>\n<\/li>\n<\/ul>\n<ul>\n<li style=\"list-style-type: none;\">\n<ul>\n<li class=\"py2 opening-hours-item\"><span class=\"day col-xs-7\">Wtorek &#8211; pi\u0105tek<\/span><br \/>\n<span class=\"hours col-xs-5\">8:00 &#8211; 16:00<\/span><\/li>\n<\/ul>\n<\/li>\n<\/ul>\n<ul>\n<li style=\"list-style-type: none;\">\n<ul>\n<li class=\"py2 opening-hours-item\"><span class=\"day col-xs-7\">sobota<\/span><span class=\"hours col-xs-5\">9:00 &#8211; 17:00<\/span><\/li>\n<\/ul>\n<\/li>\n<\/ul>\n<ul>\n<li class=\"py2 opening-hours-item\"><span class=\"day col-xs-7\">niedziela<\/span><br \/>\n<span class=\"hours col-xs-5\">9:00 &#8211; 17:00<\/span><\/li>\n<\/ul>\n<p><a class=\"brand-btn brand-btn--red\" href=\"http:\/\/ecn.kielce.pl\/index.php\/pl\/zaplanuj-wizyte\/1-godziny-otwarcia\/\"><span class=\"brand-btn-action\">Zobacz<\/span><\/a><\/p>\n<\/div>\n<\/div>\n<\/section>\n","protected":false},"excerpt":{"rendered":"<p>Kontakt Energetyczne Centrum Nauki Kielecki Park Technologiczny ul. Olszewskiego 6 (budynek SKYE INC) 2 pi\u0119tro 25-663 Kielce Zobacz Nasza misja Naszym celem jest popularyzacja nauki poprzez zabaw\u0119 i eksperymentowanie. Zach\u0119camy do zadawania pyta\u0144 na temat otaczaj\u0105cego \u015bwiata oraz pomagamy w samodzielnym poszukiwaniu odpowiedzi.\u00a0Zobacz Godziny otwarcia poniedzia\u0142ek nieczynne Wtorek &#8211; pi\u0105tek 8:00 &#8211; 16:00 sobota9:00 &#8211; [&hellip;]<\/p>\n","protected":false},"author":1,"featured_media":0,"parent":0,"menu_order":0,"comment_status":"closed","ping_status":"closed","template":"pt_homepage.php","meta":{"_links_to":"","_links_to_target":""},"_links":{"self":[{"href":"https:\/\/ecn.kielce.pl\/index.php\/wp-json\/wp\/v2\/pages\/127"}],"collection":[{"href":"https:\/\/ecn.kielce.pl\/index.php\/wp-json\/wp\/v2\/pages"}],"about":[{"href":"https:\/\/ecn.kielce.pl\/index.php\/wp-json\/wp\/v2\/types\/page"}],"author":[{"embeddable":true,"href":"https:\/\/ecn.kielce.pl\/index.php\/wp-json\/wp\/v2\/users\/1"}],"replies":[{"embeddable":true,"href":"https:\/\/ecn.kielce.pl\/index.php\/wp-json\/wp\/v2\/comments?post=127"}],"version-history":[{"count":34,"href":"https:\/\/ecn.kielce.pl\/index.php\/wp-json\/wp\/v2\/pages\/127\/revisions"}],"predecessor-version":[{"id":11276,"href":"https:\/\/ecn.kielce.pl\/index.php\/wp-json\/wp\/v2\/pages\/127\/revisions\/11276"}],"wp:attachment":[{"href":"https:\/\/ecn.kielce.pl\/index.php\/wp-json\/wp\/v2\/media?parent=127"}],"curies":[{"name":"wp","href":"https:\/\/api.w.org\/{rel}","templated":true}]}}