{"id":11412,"date":"2024-10-08T13:56:26","date_gmt":"2024-10-08T11:56:26","guid":{"rendered":"http:\/\/ecn.kielce.pl\/?page_id=11412"},"modified":"2025-03-19T07:45:50","modified_gmt":"2025-03-19T06:45:50","slug":"warsztaty-2","status":"publish","type":"page","link":"https:\/\/ecn.kielce.pl\/index.php\/pl\/oferta\/osoby-indywidualne\/warsztaty-2\/","title":{"rendered":"Warsztaty"},"content":{"rendered":"\n<div class=\"wp-block-group\"><div class=\"wp-block-group__inner-container\">\n<div class=\"wp-block-columns\">\n<div class=\"wp-block-column\" style=\"flex-basis:100%\">\n<p><strong>Oferta \u201eWarsztaty\u201d to udzia\u0142\u00a0w zaj\u0119ciach do\u015bwiadczalnych\u00a0organizowanych w laboratorium \u201eGenerator Mocy\u201d.<\/strong><\/p>\n<hr \/>\n<p>Ka\u017cdy weekend w Energetycznym Centrum Nauki przeznaczony jest na familijne eksperymentowanie. Zwiedzanie wystawy \u201eEnergia\u201d oraz warsztaty w laboratorium to propozycja na sp\u0119dzenie wolnego czasu w gronie rodzinnym.<\/p>\n<p>Zaj\u0119cia s\u0105 przeznaczone dla dzieci w wieku szkolnym wraz z opiekunami i odbywaj\u0105 si\u0119 cyklicznie w laboratorium popularnonaukowym Energetycznego Centrum Nauki.<\/p>\n<p>Czas trwania warsztat\u00f3w wynosi\u00a0<strong>45\u00a0minut.<\/strong><\/p>\n<p>Cennik dost\u0119pny <a href=\"https:\/\/ecn.kielce.pl\/index.php\/pl\/zaplanuj-wizyte\/ceny-biletow\/\">TUTAJ<\/a>.<\/p>\n<\/div>\n<\/div>\n<\/div><\/div>\n","protected":false},"excerpt":{"rendered":"","protected":false},"author":2,"featured_media":11490,"parent":56,"menu_order":0,"comment_status":"closed","ping_status":"closed","template":"pt_oferta_kafelki.php","meta":{"_links_to":"","_links_to_target":""},"_links":{"self":[{"href":"https:\/\/ecn.kielce.pl\/index.php\/wp-json\/wp\/v2\/pages\/11412"}],"collection":[{"href":"https:\/\/ecn.kielce.pl\/index.php\/wp-json\/wp\/v2\/pages"}],"about":[{"href":"https:\/\/ecn.kielce.pl\/index.php\/wp-json\/wp\/v2\/types\/page"}],"author":[{"embeddable":true,"href":"https:\/\/ecn.kielce.pl\/index.php\/wp-json\/wp\/v2\/users\/2"}],"replies":[{"embeddable":true,"href":"https:\/\/ecn.kielce.pl\/index.php\/wp-json\/wp\/v2\/comments?post=11412"}],"version-history":[{"count":9,"href":"https:\/\/ecn.kielce.pl\/index.php\/wp-json\/wp\/v2\/pages\/11412\/revisions"}],"predecessor-version":[{"id":11694,"href":"https:\/\/ecn.kielce.pl\/index.php\/wp-json\/wp\/v2\/pages\/11412\/revisions\/11694"}],"up":[{"embeddable":true,"href":"https:\/\/ecn.kielce.pl\/index.php\/wp-json\/wp\/v2\/pages\/56"}],"wp:featuredmedia":[{"embeddable":true,"href":"https:\/\/ecn.kielce.pl\/index.php\/wp-json\/wp\/v2\/media\/11490"}],"wp:attachment":[{"href":"https:\/\/ecn.kielce.pl\/index.php\/wp-json\/wp\/v2\/media?parent=11412"}],"curies":[{"name":"wp","href":"https:\/\/api.w.org\/{rel}","templated":true}]}}