{"id":11245,"date":"2024-08-14T09:01:59","date_gmt":"2024-08-14T07:01:59","guid":{"rendered":"http:\/\/ecn.kielce.pl\/?page_id=11245"},"modified":"2026-04-29T14:20:01","modified_gmt":"2026-04-29T12:20:01","slug":"warsztaty-familijne","status":"publish","type":"page","link":"https:\/\/ecn.kielce.pl\/index.php\/pl\/oferta\/osoby-indywidualne\/warsztaty-2\/warsztaty-familijne\/","title":{"rendered":"Harmonogram warsztat\u00f3w familijnych"},"content":{"rendered":"\n<p><strong>Pachn\u0105cy maj czas start!<\/strong><\/p>\n\n\n\n<p><!--more--><\/p>\n<table class=\" alignleft\" style=\"height: 138px; width: 123.103%;\">\n<tbody>\n<tr style=\"height: 10px;\">\n<td style=\"width: 13.4423%; height: 10px; text-align: center;\">\n<h5>1.05<\/h5>\n<\/td>\n<td style=\"width: 17.9827%; height: 10px; text-align: center;\">\n<h5>godz.13:00<\/h5>\n<\/td>\n<td style=\"width: 84.7424%; height: 10px;\">\n<h5 data-pm-slice=\"1 1 []\"><strong>\u015awiec\u0105ce w ciemno\u015bci &#8211; <\/strong><strong>Luminescencja<\/strong><\/h5>\n<\/td>\n<\/tr>\n<tr style=\"height: 10px;\">\n<td style=\"width: 13.4423%; height: 10px; text-align: center;\">\n<h5>1\u20133.05<\/h5>\n<\/td>\n<td style=\"width: 17.9827%; height: 10px; text-align: center;\">\n<h5>godz.15:00<\/h5>\n<\/td>\n<td style=\"width: 84.7424%; height: 10px;\">\n<h5 data-pm-slice=\"1 1 []\"><strong>\u00a0Bia\u0142o-czerwone eksperymenty<\/strong><\/h5>\n<\/td>\n<\/tr>\n<tr style=\"height: 10px;\">\n<td style=\"width: 13.4423%; height: 10px; text-align: center;\">\n<h5>3\u20132.05<\/h5>\n<\/td>\n<td style=\"width: 17.9827%; height: 10px; text-align: center;\">\n<h5>godz.13:00<\/h5>\n<\/td>\n<td style=\"width: 84.7424%; height: 10px;\">\n<h5 data-pm-slice=\"1 1 []\"><strong>Perfumologia<\/strong><\/h5>\n<\/td>\n<\/tr>\n<tr style=\"height: 10px;\">\n<td style=\"width: 13.4423%; height: 10px; text-align: center;\">\n<h5>9\u201310.05<\/h5>\n<\/td>\n<td style=\"width: 17.9827%; height: 10px; text-align: center;\">\n<h5>godz.13:00<\/h5>\n<\/td>\n<td style=\"width: 84.7424%; height: 10px;\">\n<h5 data-pm-slice=\"1 1 []\"><strong>Dlaczego t\u0119cza jest kolorowa<\/strong><\/h5>\n<\/td>\n<\/tr>\n<tr style=\"height: 10px;\">\n<td style=\"width: 13.4423%; height: 10px; text-align: center;\">\n<h5>16.05<\/h5>\n<\/td>\n<td style=\"width: 17.9827%; height: 10px; text-align: center;\">\n<h5>godz.13:00<\/h5>\n<\/td>\n<td style=\"width: 84.7424%; height: 10px;\">\n<h5 data-pm-slice=\"1 1 []\"><strong>Eksperymentologia &#8211; Dni Funduszy Europejskich<\/strong><\/h5>\n<\/td>\n<\/tr>\n<tr style=\"height: 10px;\">\n<td style=\"width: 13.4423%; height: 10px; text-align: center;\">\n<h5>17.05<\/h5>\n<\/td>\n<td style=\"width: 17.9827%; height: 10px; text-align: center;\">\n<h5>godz.13:00<\/h5>\n<\/td>\n<td style=\"width: 84.7424%; height: 10px;\">\n<h5 data-pm-slice=\"1 1 []\"><strong>Zach\u0142y\u015bnij si\u0119 wiedz\u0105 &#8211; tajemnice wody<\/strong><\/h5>\n<\/td>\n<\/tr>\n<tr style=\"height: 78px;\">\n<td style=\"width: 13.4423%; text-align: center; height: 78px;\">\n<h5>23\u201324.05<\/h5>\n<\/td>\n<td style=\"width: 17.9827%; text-align: center; height: 78px;\">\n<h5>godz.13:00<\/h5>\n<\/td>\n<td style=\"width: 84.7424%; height: 78px;\">\n<h5 data-pm-slice=\"1 1 []\"><strong>Myde\u0142kologia<\/strong><\/h5>\n<\/td>\n<\/tr>\n<tr>\n<td style=\"width: 13.4423%; text-align: center;\">\n<h5>30.05<\/h5>\n<\/td>\n<td style=\"width: 17.9827%; text-align: center;\">\n<h5>godz.15:00<\/h5>\n<\/td>\n<td style=\"width: 84.7424%;\">\n<h5 data-pm-slice=\"1 1 []\"><strong>Z kwiatka na kwiatek czyli sekrety pszcz\u00f3\u0142 &#8211; Sobota z Mecenasem Nauki Fundacj\u0105 PGE<\/strong><\/h5>\n<\/td>\n<\/tr>\n<tr>\n<td style=\"width: 13.4423%; text-align: center;\">\n<h5>31.05<\/h5>\n<\/td>\n<td style=\"width: 17.9827%; text-align: center;\">\n<h5>godz.13:00<\/h5>\n<\/td>\n<td style=\"width: 84.7424%;\">\n<h5 data-pm-slice=\"1 1 []\"><strong>Eksperymenty z g\u0142ow\u0105 w chmurach &#8211; Dzie\u0144 Dziecka<\/strong><\/h5>\n<\/td>\n<\/tr>\n<\/tbody>\n<\/table>\n<p>\u00a0<\/p>\n\n\n\n<div style=\"height:13px\" aria-hidden=\"true\" class=\"wp-block-spacer\"><\/div>\n\n\n\n<h5><strong>CENNIK<\/strong> dost\u0119pny&nbsp;<a href=\"https:\/\/ecn.kielce.pl\/index.php\/pl\/zaplanuj-wizyte\/ceny-biletow\/\">TUTAJ<\/a>.<\/h5>\n\n\n\n<h5>Przed wizyt\u0105 prosimy o zapoznanie si\u0119 z regulaminami, obowi\u0105zuj\u0105cymi w Energetycznym Centrum Nauki KPT dost\u0119pnymi <a href=\"https:\/\/ecn.kielce.pl\/index.php\/pl\/zaplanuj-wizyte\/regulamin-zwiedzania\/\">TUTAJ<\/a>.<\/h5>\n\n\n\n<hr class=\"wp-block-separator\"\/>\n\n\n\n<h5>W celu rezerwacji prosimy o kontakt pod nr telefonu: +48 41 278 72 50.<\/h5>\n","protected":false},"excerpt":{"rendered":"<p>Pachn\u0105cy maj czas start!<\/p>\n","protected":false},"author":2,"featured_media":12778,"parent":11412,"menu_order":0,"comment_status":"closed","ping_status":"closed","template":"","meta":{"_links_to":"","_links_to_target":""},"_links":{"self":[{"href":"https:\/\/ecn.kielce.pl\/index.php\/wp-json\/wp\/v2\/pages\/11245"}],"collection":[{"href":"https:\/\/ecn.kielce.pl\/index.php\/wp-json\/wp\/v2\/pages"}],"about":[{"href":"https:\/\/ecn.kielce.pl\/index.php\/wp-json\/wp\/v2\/types\/page"}],"author":[{"embeddable":true,"href":"https:\/\/ecn.kielce.pl\/index.php\/wp-json\/wp\/v2\/users\/2"}],"replies":[{"embeddable":true,"href":"https:\/\/ecn.kielce.pl\/index.php\/wp-json\/wp\/v2\/comments?post=11245"}],"version-history":[{"count":66,"href":"https:\/\/ecn.kielce.pl\/index.php\/wp-json\/wp\/v2\/pages\/11245\/revisions"}],"predecessor-version":[{"id":12780,"href":"https:\/\/ecn.kielce.pl\/index.php\/wp-json\/wp\/v2\/pages\/11245\/revisions\/12780"}],"up":[{"embeddable":true,"href":"https:\/\/ecn.kielce.pl\/index.php\/wp-json\/wp\/v2\/pages\/11412"}],"wp:featuredmedia":[{"embeddable":true,"href":"https:\/\/ecn.kielce.pl\/index.php\/wp-json\/wp\/v2\/media\/12778"}],"wp:attachment":[{"href":"https:\/\/ecn.kielce.pl\/index.php\/wp-json\/wp\/v2\/media?parent=11245"}],"curies":[{"name":"wp","href":"https:\/\/api.w.org\/{rel}","templated":true}]}}