{"id":11243,"date":"2024-08-14T08:35:29","date_gmt":"2024-08-14T06:35:29","guid":{"rendered":"http:\/\/ecn.kielce.pl\/?page_id=11243"},"modified":"2025-03-19T07:56:44","modified_gmt":"2025-03-19T06:56:44","slug":"energy-lab","status":"publish","type":"page","link":"https:\/\/ecn.kielce.pl\/index.php\/pl\/oferta\/grupy\/energy-lab\/","title":{"rendered":"NOWO\u015a\u0106 &#8211; Energy Lab"},"content":{"rendered":"\n<p>Nowo\u015b\u0107 w ofercie Energetycznego Centrum Nauki!<\/p>\n\n\n\n<hr class=\"wp-block-separator\"\/>\n\n\n\n\n\n<!--more-->\n\n\n\n<p>Zaj\u0119cia, kt\u00f3re \u0142\u0105cz\u0105 w sobie zabaw\u0119, eksperymentowanie z nauk\u0105 j\u0119zyka angielskiego? W Energetycznym Centrum Nauki to mo\u017cliwe!<\/p>\n<p>J\u0119zyk angielski \u0142\u0105czy \u015brodowiska naukowe z ca\u0142ego \u015bwiata. U\u017cywany jest w publikacjach, w dyskusjach na konferencjach oraz do informowania o najnowszych odkryciach. Dzieci i m\u0142odzie\u017c coraz wcze\u015bniej opanowuje podstawy tego, jednak w \u017cyciu codziennym brakuje mo\u017cliwo\u015bci, aby praktycznie wykorzysta\u0107 te umiej\u0119tno\u015bci. Wychodz\u0105c naprzeciw tym potrzebom, przygotowali\u015bmy nasze bestsellerowe warsztaty w j\u0119zyku angielskim.<\/p>\n<ul>\n<li>\u015awiec\u0105ce w ciemno\u015bci \u2013 luminescencja<\/li>\n<li>Dlaczego t\u0119cza jest kolorowa?<\/li>\n<li>Podnosimy temperatur\u0119, czyli eksperymenty na gor\u0105co<\/li>\n<\/ul>\n<p>Udzia\u0142 w warsztatach mo\u017ce sta\u0107 si\u0119 \u015bwietnym sposobem na prze\u0142amanie bariery j\u0119zykowej. Zaj\u0119cia dostosowujemy do mo\u017cliwo\u015bci j\u0119zykowych uczni\u00f3w tak, by nauka przebiega\u0142a naturalnie i efektywnie.<\/p>\n<p><strong>Zaj\u0119cia szczeg\u00f3lnie polecamy:<\/strong><\/p>\n<ul>\n<li><strong>uczniom, kt\u00f3rzy w ramach zaj\u0119\u0107 szkolnych maj\u0105 j\u0119zyk angielski<\/strong><\/li>\n<li><strong>m\u0142odzie\u017cy pasjonuj\u0105cej si\u0119 tym j\u0119zykiem i naukami \u015bcis\u0142ymi<\/strong><\/li>\n<li><strong>klasom dwuj\u0119zycznym<\/strong><\/li>\n<li><strong>grupom bior\u0105cych udzia\u0142 w zagranicznych wymianach m\u0142odzie\u017cy<\/strong><\/li>\n<\/ul>\n","protected":false},"excerpt":{"rendered":"<p>Nowo\u015b\u0107 w ofercie Energetycznego Centrum Nauki!<\/p>\n","protected":false},"author":2,"featured_media":11488,"parent":58,"menu_order":0,"comment_status":"closed","ping_status":"closed","template":"","meta":{"_links_to":"","_links_to_target":""},"_links":{"self":[{"href":"https:\/\/ecn.kielce.pl\/index.php\/wp-json\/wp\/v2\/pages\/11243"}],"collection":[{"href":"https:\/\/ecn.kielce.pl\/index.php\/wp-json\/wp\/v2\/pages"}],"about":[{"href":"https:\/\/ecn.kielce.pl\/index.php\/wp-json\/wp\/v2\/types\/page"}],"author":[{"embeddable":true,"href":"https:\/\/ecn.kielce.pl\/index.php\/wp-json\/wp\/v2\/users\/2"}],"replies":[{"embeddable":true,"href":"https:\/\/ecn.kielce.pl\/index.php\/wp-json\/wp\/v2\/comments?post=11243"}],"version-history":[{"count":8,"href":"https:\/\/ecn.kielce.pl\/index.php\/wp-json\/wp\/v2\/pages\/11243\/revisions"}],"predecessor-version":[{"id":11702,"href":"https:\/\/ecn.kielce.pl\/index.php\/wp-json\/wp\/v2\/pages\/11243\/revisions\/11702"}],"up":[{"embeddable":true,"href":"https:\/\/ecn.kielce.pl\/index.php\/wp-json\/wp\/v2\/pages\/58"}],"wp:featuredmedia":[{"embeddable":true,"href":"https:\/\/ecn.kielce.pl\/index.php\/wp-json\/wp\/v2\/media\/11488"}],"wp:attachment":[{"href":"https:\/\/ecn.kielce.pl\/index.php\/wp-json\/wp\/v2\/media?parent=11243"}],"curies":[{"name":"wp","href":"https:\/\/api.w.org\/{rel}","templated":true}]}}