{"id":10362,"date":"2023-08-29T13:29:05","date_gmt":"2023-08-29T11:29:05","guid":{"rendered":"http:\/\/ecn.kielce.pl\/?page_id=10362"},"modified":"2023-09-08T15:36:43","modified_gmt":"2023-09-08T13:36:43","slug":"odwiedz-energetyczne-centrum-nauki-industria-25-rabatu-z-ulotka-do-konca-2023-roku","status":"publish","type":"page","link":"https:\/\/ecn.kielce.pl\/index.php\/pl\/odwiedz-energetyczne-centrum-nauki-industria-25-rabatu-z-ulotka-do-konca-2023-roku\/","title":{"rendered":"25% rabatu z ulotk\u0105 do ko\u0144ca 2023 roku!"},"content":{"rendered":"\n<h2><strong>Cieszymy si\u0119, \u017ce do nas trafi\u0142a\u015b\/trafi\u0142e\u015b. \ud83d\ude42 <\/strong><\/h2>\n<p><strong>Przyjd\u017a do nas z ulotk\u0105, z kt\u00f3rej zeskanowa\u0142a\u015b\/zeskanowa\u0142e\u015b KOD QR i kub bilet do Energetycznego Centrum Nauki Industria z rabatem w wysoko\u015bci 25%. Jak to dzia\u0142a?<\/strong><\/p>\n<ol>\n<li>Do 31 grudnia 2023 roku mo\u017cna skorzysta\u0107 z rabatu na zakup biletu na zwiedzania wystawy i\/lub uczestniczenie w warsztatach w wysoko\u015bci 25% od cen okre\u015blonych w cenniku stanowi\u0105cym za\u0142\u0105cznik nr 1 do Regulaminu zwiedzania Energetycznego Centrum Nauki wprowadzonego Zarz\u0105dzeniem Dyrektora Kieleckiego Parku Technologicznego Nr 24\/2023 z dnia 11 sierpnia 2023 r.<\/li>\n<li>Warunkiem skorzystania z promocji jest posiadanie ulotki promocyjnej uprawniaj\u0105cej do zni\u017cki.<\/li>\n<li>Z promocji mo\u017ce skorzysta\u0107 wy\u0142\u0105cznie osoba, kt\u00f3ra przy zakupie biletu przeka\u017ce kasjerowi ulotk\u0119 promocyjn\u0105.<\/li>\n<li>Rabat 25% dotyczy nabycia jednego biletu wst\u0119pu.<\/li>\n<li>Rabat naliczany jest w kasie ECN w momencie zakupu bilet\u00f3w uprawniaj\u0105cych do wej\u015bcia na wystaw\u0119 i\/lub warsztaty.<\/li>\n<li>Promocja nie \u0142\u0105czy si\u0119 z innymi promocjami i zni\u017ckami w Energetycznym Centrum Nauki.<\/li>\n<li>Wej\u015bcie dla pozosta\u0142ych zwiedzaj\u0105cych ECN jest odp\u0142atne zgodnie z obowi\u0105zuj\u0105cym cennikiem bilet\u00f3w dost\u0119pnym w kasie ECN oraz na stronie internetowej <a href=\"https:\/\/bilety.ecn.kielce.pl\/\">https:\/\/bilety.ecn.kielce.pl\/<\/a>.<\/li>\n<\/ol>\n","protected":false},"excerpt":{"rendered":"<p>Cieszymy si\u0119, \u017ce do nas trafi\u0142a\u015b\/trafi\u0142e\u015b. \ud83d\ude42 Przyjd\u017a do nas z ulotk\u0105, z kt\u00f3rej zeskanowa\u0142a\u015b\/zeskanowa\u0142e\u015b KOD QR i kub bilet do Energetycznego Centrum Nauki Industria z rabatem w wysoko\u015bci 25%. Jak to dzia\u0142a? Do 31 grudnia 2023 roku mo\u017cna skorzysta\u0107 z rabatu na zakup biletu na zwiedzania wystawy i\/lub uczestniczenie w warsztatach w wysoko\u015bci 25% [&hellip;]<\/p>\n","protected":false},"author":2,"featured_media":10401,"parent":0,"menu_order":0,"comment_status":"closed","ping_status":"closed","template":"","meta":{"_links_to":"","_links_to_target":""},"_links":{"self":[{"href":"https:\/\/ecn.kielce.pl\/index.php\/wp-json\/wp\/v2\/pages\/10362"}],"collection":[{"href":"https:\/\/ecn.kielce.pl\/index.php\/wp-json\/wp\/v2\/pages"}],"about":[{"href":"https:\/\/ecn.kielce.pl\/index.php\/wp-json\/wp\/v2\/types\/page"}],"author":[{"embeddable":true,"href":"https:\/\/ecn.kielce.pl\/index.php\/wp-json\/wp\/v2\/users\/2"}],"replies":[{"embeddable":true,"href":"https:\/\/ecn.kielce.pl\/index.php\/wp-json\/wp\/v2\/comments?post=10362"}],"version-history":[{"count":2,"href":"https:\/\/ecn.kielce.pl\/index.php\/wp-json\/wp\/v2\/pages\/10362\/revisions"}],"predecessor-version":[{"id":10364,"href":"https:\/\/ecn.kielce.pl\/index.php\/wp-json\/wp\/v2\/pages\/10362\/revisions\/10364"}],"wp:featuredmedia":[{"embeddable":true,"href":"https:\/\/ecn.kielce.pl\/index.php\/wp-json\/wp\/v2\/media\/10401"}],"wp:attachment":[{"href":"https:\/\/ecn.kielce.pl\/index.php\/wp-json\/wp\/v2\/media?parent=10362"}],"curies":[{"name":"wp","href":"https:\/\/api.w.org\/{rel}","templated":true}]}}